{"id":3669,"date":"2024-08-12T09:10:45","date_gmt":"2024-08-12T09:10:45","guid":{"rendered":"https:\/\/rcsyd.se\/hakir\/?page_id=3669"},"modified":"2025-12-23T13:57:02","modified_gmt":"2025-12-23T13:57:02","slug":"lankar","status":"publish","type":"page","link":"https:\/\/rcsyd.se\/hakir\/lankar","title":{"rendered":"L\u00e4nkar"},"content":{"rendered":"<h1 align=\"left\">L\u00e4nkar<\/h1>\n<p><strong>DataTransfer<\/strong><br \/>\n<a title=\"S\u00e4ker mail, endast f\u00f6r lokala HAKIR-koordinatorer\" href=\"https:\/\/datatransfer.se\/\" target=\"_blank\" rel=\"noopener\">Klicka h\u00e4r f\u00f6r att komma till extern sida med mer information.<\/a><\/p>\n<p><strong>Nationella kvalitetsregister<\/strong><br \/>\n<a href=\"http:\/\/www.kvalitetsregister.se\/\" target=\"_blank\" rel=\"noopener noreferrer\">Klicka h\u00e4r f\u00f6r att komma till extern sida med mer information.<\/a><\/p>\n<p><strong>Registercentrum Syd (RC Syd)<\/strong><br \/>\n<a href=\"https:\/\/rcsyd.se\" target=\"_blank\" rel=\"noopener noreferrer\">Klicka h\u00e4r f\u00f6r att komma till extern sida med mer information.<\/a><\/p>\n<p><strong>RUT (Register Utiliser Tool)<\/strong><br \/>\n<a href=\"https:\/\/rut.registerforskning.se\/\" target=\"_blank\" rel=\"noopener\">Klicka h\u00e4r f\u00f6r att komma till extern sida med mer information.<\/a><\/p>\n<p><strong>Svensk F\u00f6rening f\u00f6r Handrehabilitering<\/strong><br \/>\n<a href=\"http:\/\/www.sfh.nu\/\" target=\"_blank\" rel=\"noopener\">Klicka h\u00e4r f\u00f6r att komma till extern sida med mer information.<\/a><\/p>\n<p><strong>Svensk Handkirurgisk f\u00f6rening<\/strong><br \/>\n<a href=\"https:\/\/slf.se\/svensk-handkirurgisk-forening\/\" target=\"_blank\" rel=\"noopener\">Klicka h\u00e4r f\u00f6r att komma till extern sida med mer information.<\/a><\/p>\n<p><strong>Sveriges Kommuner och Regioner (SKR)<\/strong><br \/>\n<a href=\"http:\/\/www.skr.se\/\" target=\"_blank\" rel=\"noopener noreferrer\">Klicka h\u00e4r f\u00f6r att komma till extern sida med mer information.<\/a><\/p>\n<p><strong>Svensk sjuksk\u00f6terskef\u00f6rening<\/strong><br \/>\n<a href=\"http:\/\/www.swenurse.se\/\" target=\"_blank\" rel=\"noopener\">Klicka h\u00e4r f\u00f6r att komma till extern sida med mer information.<\/a><\/p>\n<p><strong>Valideringshandbok fr\u00e5n Nationella kvalitetsregister<\/strong><br \/>\n<a href=\"https:\/\/skr.se\/kvalitetsregister\/drivaregister\/valideringshandbok.54585.html\" target=\"_blank\" rel=\"noopener\">Klicka h\u00e4r f\u00f6r att komma till extern sida med mer information.<\/a><\/p>\n<p><strong>V\u00e5rden i siffror<\/strong><br \/>\n<a title=\"Kvalitetsindikatorer fr\u00e5n HAKIR\" href=\"https:\/\/vardenisiffror.se\/jamfor\/kallsystem\/f3b8950f-1325-4616-b010-57d18ccd8eef?units=21&amp;units=13&amp;units=09&amp;units=04&amp;units=01&amp;units=17&amp;units=03&amp;units=06&amp;units=07&amp;units=22&amp;units=25&amp;units=12&amp;units=05&amp;units=10&amp;units=20&amp;units=23&amp;units=14&amp;units=08&amp;units=24&amp;units=18&amp;units=19&amp;units=se\" target=\"_blank\" rel=\"noopener\">Klicka h\u00e4r f\u00f6r att komma till extern sida med mer information.<\/a><\/p>\n","protected":false},"excerpt":{"rendered":"<p>L\u00e4nkar DataTransfer Klicka h\u00e4r f\u00f6r att komma till extern sida med mer information. Nationella kvalitetsregister Klicka h\u00e4r f\u00f6r att komma till extern sida med mer information. Registercentrum Syd (RC Syd) Klicka h\u00e4r f\u00f6r att komma till extern sida med mer information. RUT (Register Utiliser Tool) Klicka h\u00e4r f\u00f6r att komma till extern sida med mer&#8230; <a class=\"read-more\" href=\"https:\/\/rcsyd.se\/hakir\/lankar\">L\u00e4s mer<\/a><\/p>\n","protected":false},"author":3,"featured_media":0,"parent":0,"menu_order":0,"comment_status":"closed","ping_status":"closed","template":"","meta":{"_acf_changed":false,"footnotes":""},"acf":[],"_links":{"self":[{"href":"https:\/\/rcsyd.se\/hakir\/wp-json\/wp\/v2\/pages\/3669"}],"collection":[{"href":"https:\/\/rcsyd.se\/hakir\/wp-json\/wp\/v2\/pages"}],"about":[{"href":"https:\/\/rcsyd.se\/hakir\/wp-json\/wp\/v2\/types\/page"}],"author":[{"embeddable":true,"href":"https:\/\/rcsyd.se\/hakir\/wp-json\/wp\/v2\/users\/3"}],"replies":[{"embeddable":true,"href":"https:\/\/rcsyd.se\/hakir\/wp-json\/wp\/v2\/comments?post=3669"}],"version-history":[{"count":5,"href":"https:\/\/rcsyd.se\/hakir\/wp-json\/wp\/v2\/pages\/3669\/revisions"}],"predecessor-version":[{"id":4093,"href":"https:\/\/rcsyd.se\/hakir\/wp-json\/wp\/v2\/pages\/3669\/revisions\/4093"}],"wp:attachment":[{"href":"https:\/\/rcsyd.se\/hakir\/wp-json\/wp\/v2\/media?parent=3669"}],"curies":[{"name":"wp","href":"https:\/\/api.w.org\/{rel}","templated":true}]}}