{"id":3661,"date":"2024-08-12T08:27:16","date_gmt":"2024-08-12T08:27:16","guid":{"rendered":"https:\/\/rcsyd.se\/hakir\/?page_id=3661"},"modified":"2025-12-23T09:59:37","modified_gmt":"2025-12-23T09:59:37","slug":"organisation-och-styrgrupp","status":"publish","type":"page","link":"https:\/\/rcsyd.se\/hakir\/om-hakir\/organisation-och-styrgrupp","title":{"rendered":"Organisation och styrgrupp"},"content":{"rendered":"<h1>Organisation och styrgrupp<\/h1>\n<p>Arbetet med och utvecklingen av HAKIR (Handkirurgiskt kvalitetsregister) sker i huvudsak i en styrgrupp, central respektive nationell arbetsgrupp samt vid varje deltagande enhet och tillsammans med varje deltagande patient. Den kompetens som registret beh\u00f6ver ut\u00f6ver detta, s\u00e5som statistik och IT, drift och datas\u00e4kerhet kring registerplattformen tillhandah\u00e5lls av ett s\u00e5 kallat registercentrum.<\/p>\n<h2>Registerh\u00e5llare<\/h2>\n<p><strong>Marianne Arner<br \/>\n<\/strong>Docent<\/p>\n<h2>Nationell registerkoordinator<\/h2>\n<p><strong>Annika Elmstedt<\/strong><br \/>\nLegitimerad sjukgymnast<\/p>\n<h2>Styrgrupp<\/h2>\n<p>HAKIR leds av en styrgrupp d\u00e4r de deltagande regionklinikerna \u00e4r representerade av sin verksamhetschef tillsammans med registerh\u00e5llare, en representant fr\u00e5n de privata v\u00e5rdgivarna, en representant f\u00f6r Svensk Handkirurgisk F\u00f6rening (SHF) och en fr\u00e5n Svensk F\u00f6rening f\u00f6r Handrehabilitering (SFH). Styrgruppen \u00e4r tv\u00e4rprofessionellt representerad.<\/p>\n<p>Styrningen av registret regleras i registerplanen som fastslogs vid ett konstituerande styrgruppsm\u00f6te den 10 februari 2010.<\/p>\n<p>Samtliga deltagare i styrgruppen har en ifylld j\u00e4vsdeklaration fr\u00e5n st\u00f6dfunktionen f\u00f6r Nationella Kvalitetsregister.<\/p>\n<h2>Central arbetsgrupp<\/h2>\n<p>Den centrala arbetsgruppen best\u00e5r av registerh\u00e5llare och nationell registerkoordinator.<\/p>\n<h2>Nationell arbetsgrupp<\/h2>\n<p>Arbetsgruppen \u00e4r tv\u00e4rprofessionellt representerad genom l\u00e4kare, sekreterare, undersk\u00f6terskor, sjuksk\u00f6terskor, arbetsterapeuter samt sjukgymnaster\/fysioterapeuter fr\u00e5n olika enheter. Arbetsgruppen arbetar i huvudsak med att f\u00f6rb\u00e4ttra och utveckla registret, bland annat genom att granska struktur, rutiner, s\u00e4kerhet och datavaliditet.<\/p>\n<h2>Registercentrum<\/h2>\n<p>Driften av registrets registerplattform sk\u00f6ts av RC (Registercntrum) Syd med kontor i Karlskrona och Lund.<\/p>\n<h2>Patientinformation<\/h2>\n<p>Det finns en informationsbroschyr som \u00e4r gemensam f\u00f6r hela landet och som delges patienter. Ut\u00f6ver denna f\u00e5r patienten \u00e4ven information om HAKIR h\u00e4r p\u00e5 hemsidan (h\u00e4r publiceras \u00e4ven en del resultat), i en webbenk\u00e4t, lokalt anpassat informationsmaterial (s\u00e5som operations-, mottagnings- och rehabkallelser) samt information via de olika klinikernas hemsidor, bildspel, diverse postrar med mera.<\/p>\n<h2>Deltagande enheter<\/h2>\n<p>Samtliga sju regionkliniker som har handkirurgisk verksamhet i Sverige, ett antal v\u00e5rdgivare som bedriver handkirurgi i privat regi, samt en ortopedklinik registrerar i HAKIR. Vi har samlat kontaktuppgifter f\u00f6r alla deltagande enheter p\u00e5 hemsidan.<\/p>\n<p><a href=\"https:\/\/rcsyd.se\/hakir\/om-hakir\/deltagande-enheter\">Klicka h\u00e4r f\u00f6r att komma till sidan med deltagande enheter.<\/a><\/p>\n<h2>Ans\u00f6kan om medel fr\u00e5n Sveriges Kommuner och Regioner<\/h2>\n<p>Sedan 2010 har majoriteten av arbetet med HAKIR finansierats med hj\u00e4lp av medel via st\u00f6dfunktionen f\u00f6r Nationella Kvalitetsregister.<\/p>\n<h2>Behandling av personuppgifter<\/h2>\n<p>Register\u00e4gare och CPUA (centralt personuppgiftsansvarig) \u00e4r Region Sk\u00e5ne. Ett personuppgiftsbitr\u00e4desavtal finns tecknat mellan S\u00f6dersjukhuset AB och RC Syd och vid varje klinik som deltar i arbetet med HAKIR finns det ett dataskyddsombud som har s\u00e4rskilt ansvar f\u00f6r HAKIR. Varje enskild anv\u00e4ndare av registret ansvarar ocks\u00e5 f\u00f6r att hanteringen av personuppgifter sker p\u00e5 ett korrekt s\u00e4tt och varje klinik f\u00f6r att lokala rutiner f\u00f6ljs. Verksamhetscheferna f\u00f6r respektive deltagande enhet har lokalt personuppgiftsansvar (LPUA).<\/p>\n<h2>Dataskyddsf\u00f6rordningen (GDPR)<\/h2>\n<p>Dataskyddsf\u00f6rordningen (GDPR) tr\u00e4dde i kraft den 25 maj 2018. De nya reglerna inneb\u00e4r att ansvar och skyldigheter f\u00f6rtydligas och ut\u00f6kas och att de registrerades r\u00e4ttigheter st\u00e4rks. F\u00f6rordningen omfattar inte bara personuppgifter som finns i register utan ocks\u00e5 s\u00e5dana som finns i exempelvis Word-dokument, Excel-filer och i bilder.<\/p>\n<p>I korthet kan man s\u00e4ga att vi f\u00e5r tydligare skyldighet att kunna visa att f\u00f6rordningen f\u00f6ljs och st\u00e4ller d\u00e4rf\u00f6r krav p\u00e5 dokumentation i st\u00f6rre utstr\u00e4ckning \u00e4n tidigare. Dataskyddsf\u00f6rordningen ers\u00e4tter personuppgiftslagen (PUL), men patientdatalagen (PDL) f\u00f6r\u00e4ndras inte.<\/p>\n<p>F\u00f6r\u00e4ndringar i och med f\u00f6rordningen var bland annat f\u00f6ljande:<\/p>\n<ul>\n<li>nya krav p\u00e5 inneh\u00e5llet i information till registrerade individer och inf\u00f6rande av personuppgiftsbitr\u00e4desavtal (PUB-avtal)<\/li>\n<li>varje organisation ska ha ett dataskyddsombud som bland annat ska informera och ge r\u00e5d samt \u00f6vervaka hur personuppgifter behandlas i den egna organisationen<\/li>\n<li>inf\u00f6rande av en dokumentationsskyldighet och en skyldighet att anm\u00e4la s\u00e5 kallade personuppgiftsincidenter, exempelvis dataintr\u00e5ng, inom 72 timmar<\/li>\n<li>den s\u00e5 kallade missbruksregeln f\u00f6rsvann, vilket inneb\u00e4r att \u00e4ven digital behandling av personuppgifter i ostrukturerad form, till exempel i l\u00f6pande text, e-post, enkla listor, bilder och film, kommer att omfattas av f\u00f6rordningens hela regelverk.<\/li>\n<\/ul>\n<p><a href=\"https:\/\/www.imy.se\/verksamhet\/dataskydd\/det-har-galler-enligt-gdpr\/\" target=\"_blank\" rel=\"noopener\">Klicka h\u00e4r f\u00f6r att komma till mer information om dataskyddsf\u00f6rordningen hos Integritetsskyddsmyndigheten.<\/a><\/p>\n<h2>Kontakt<\/h2>\n<p>F\u00f6r fr\u00e5gor om n\u00e5got av ovan kontakta l\u00e4mplig mottagare p\u00e5 v\u00e5r kontaktsida.<\/p>\n<p><a href=\"https:\/\/rcsyd.se\/hakir\/kontakt\">Klicka h\u00e4r f\u00f6r att komma till kontaktsidan.<\/a><\/p>\n","protected":false},"excerpt":{"rendered":"<p>Organisation och styrgrupp Arbetet med och utvecklingen av HAKIR (Handkirurgiskt kvalitetsregister) sker i huvudsak i en styrgrupp, central respektive nationell arbetsgrupp samt vid varje deltagande enhet och tillsammans med varje deltagande patient. Den kompetens som registret beh\u00f6ver ut\u00f6ver detta, s\u00e5som statistik och IT, drift och datas\u00e4kerhet kring registerplattformen tillhandah\u00e5lls av ett s\u00e5 kallat registercentrum. Registerh\u00e5llare&#8230; <a class=\"read-more\" href=\"https:\/\/rcsyd.se\/hakir\/om-hakir\/organisation-och-styrgrupp\">L\u00e4s mer<\/a><\/p>\n","protected":false},"author":3,"featured_media":0,"parent":3654,"menu_order":0,"comment_status":"closed","ping_status":"closed","template":"","meta":{"_acf_changed":false,"footnotes":""},"acf":[],"_links":{"self":[{"href":"https:\/\/rcsyd.se\/hakir\/wp-json\/wp\/v2\/pages\/3661"}],"collection":[{"href":"https:\/\/rcsyd.se\/hakir\/wp-json\/wp\/v2\/pages"}],"about":[{"href":"https:\/\/rcsyd.se\/hakir\/wp-json\/wp\/v2\/types\/page"}],"author":[{"embeddable":true,"href":"https:\/\/rcsyd.se\/hakir\/wp-json\/wp\/v2\/users\/3"}],"replies":[{"embeddable":true,"href":"https:\/\/rcsyd.se\/hakir\/wp-json\/wp\/v2\/comments?post=3661"}],"version-history":[{"count":4,"href":"https:\/\/rcsyd.se\/hakir\/wp-json\/wp\/v2\/pages\/3661\/revisions"}],"predecessor-version":[{"id":4062,"href":"https:\/\/rcsyd.se\/hakir\/wp-json\/wp\/v2\/pages\/3661\/revisions\/4062"}],"up":[{"embeddable":true,"href":"https:\/\/rcsyd.se\/hakir\/wp-json\/wp\/v2\/pages\/3654"}],"wp:attachment":[{"href":"https:\/\/rcsyd.se\/hakir\/wp-json\/wp\/v2\/media?parent=3661"}],"curies":[{"name":"wp","href":"https:\/\/api.w.org\/{rel}","templated":true}]}}