{"id":4236,"date":"2024-08-10T22:30:40","date_gmt":"2024-08-10T22:30:40","guid":{"rendered":"https:\/\/rcsyd.se\/emq\/?page_id=4236"},"modified":"2025-12-30T22:58:33","modified_gmt":"2025-12-30T22:58:33","slug":"rutiner-enligt-gdpr","status":"publish","type":"page","link":"https:\/\/rcsyd.se\/emq\/registrering\/rutiner-enligt-gdpr","title":{"rendered":"Rutiner enligt GDPR"},"content":{"rendered":"<h1>Rutiner enligt GDPR<\/h1>\n<p>I nedladdningsboxen p\u00e5 denna sida finner du dokument kopplade till rutiner enligt GDPR (dataskyddsf\u00f6rordningen) som g\u00e4ller f\u00f6r EMQ (Nationellt kvalitetsregister f\u00f6r elevh\u00e4lsans medicinska insats).<\/p>\n<p>Dokumenten behandlar<\/p>\n<ul>\n<li>rutiner vid beg\u00e4ran om r\u00e4tt till registerutdrag enligt artikel 15 dataskyddsf\u00f6rordningen<\/li>\n<li>rutiner vid beg\u00e4ran om att inte bli registrerad, om r\u00e4ttelse av felaktiga uppgifter och r\u00e4tten till begr\u00e4nsning eller radering av redan inrapporterade<br \/>\nuppgifter<\/li>\n<li>rutiner vid beg\u00e4ran om skadest\u00e5nd f\u00f6r felaktig behandling av personuppgifter.<\/li>\n<\/ul>\n<h2>Mer information<\/h2>\n<p><a href=\"https:\/\/rcsyd.se\/emq\/patientinformation\/personuppgiftshantering-och-rattigheter\">Klicka h\u00e4r f\u00f6r att l\u00e4sa mer om personuppgiftshantering och patientens och v\u00e5rdnadshavarens r\u00e4ttigheter.<\/a><\/p>\n","protected":false},"excerpt":{"rendered":"<p>Rutiner enligt GDPR I nedladdningsboxen p\u00e5 denna sida finner du dokument kopplade till rutiner enligt GDPR (dataskyddsf\u00f6rordningen) som g\u00e4ller f\u00f6r EMQ (Nationellt kvalitetsregister f\u00f6r elevh\u00e4lsans medicinska insats). Dokumenten behandlar rutiner vid beg\u00e4ran om r\u00e4tt till registerutdrag enligt artikel 15 dataskyddsf\u00f6rordningen rutiner vid beg\u00e4ran om att inte bli registrerad, om r\u00e4ttelse av felaktiga uppgifter och r\u00e4tten&#8230; <a class=\"read-more\" href=\"https:\/\/rcsyd.se\/emq\/registrering\/rutiner-enligt-gdpr\">L\u00e4s mer<\/a><\/p>\n","protected":false},"author":3,"featured_media":0,"parent":3694,"menu_order":0,"comment_status":"closed","ping_status":"closed","template":"","meta":{"_acf_changed":false,"footnotes":""},"acf":[],"_links":{"self":[{"href":"https:\/\/rcsyd.se\/emq\/wp-json\/wp\/v2\/pages\/4236"}],"collection":[{"href":"https:\/\/rcsyd.se\/emq\/wp-json\/wp\/v2\/pages"}],"about":[{"href":"https:\/\/rcsyd.se\/emq\/wp-json\/wp\/v2\/types\/page"}],"author":[{"embeddable":true,"href":"https:\/\/rcsyd.se\/emq\/wp-json\/wp\/v2\/users\/3"}],"replies":[{"embeddable":true,"href":"https:\/\/rcsyd.se\/emq\/wp-json\/wp\/v2\/comments?post=4236"}],"version-history":[{"count":6,"href":"https:\/\/rcsyd.se\/emq\/wp-json\/wp\/v2\/pages\/4236\/revisions"}],"predecessor-version":[{"id":4250,"href":"https:\/\/rcsyd.se\/emq\/wp-json\/wp\/v2\/pages\/4236\/revisions\/4250"}],"up":[{"embeddable":true,"href":"https:\/\/rcsyd.se\/emq\/wp-json\/wp\/v2\/pages\/3694"}],"wp:attachment":[{"href":"https:\/\/rcsyd.se\/emq\/wp-json\/wp\/v2\/media?parent=4236"}],"curies":[{"name":"wp","href":"https:\/\/api.w.org\/{rel}","templated":true}]}}