{"id":4226,"date":"2024-08-11T22:06:46","date_gmt":"2024-08-11T22:06:46","guid":{"rendered":"https:\/\/rcsyd.se\/emq\/?page_id=4226"},"modified":"2026-04-15T13:42:54","modified_gmt":"2026-04-15T13:42:54","slug":"anslutningskostnad-och-lopande-kostnader","status":"publish","type":"page","link":"https:\/\/rcsyd.se\/emq\/registrering\/anslutningskostnad-och-lopande-kostnader","title":{"rendered":"Anslutningskostnad och l\u00f6pande kostnader"},"content":{"rendered":"<h1>Anslutningskostnad och l\u00f6pande kostnader<\/h1>\n<p>P\u00e5 denna sida hittar du information om kostnader f\u00f6r anslutning till och l\u00f6pande drift i EMQ (Nationellt kvalitetsregister f\u00f6r elevh\u00e4lsans medicinska insats).<\/p>\n<p>Omda Health Analytics AB, med organisationsnummer 556563-7674, \u00e4r leverant\u00f6ren av den tekniska plattformen som anv\u00e4nds f\u00f6r EMQ.<\/p>\n<p>Omda har tecknat ett personuppgiftsbitr\u00e4desavtal med EMQ. Det inneb\u00e4r att de har ett tydligt uppdrag att hantera och skydda personuppgifter i enlighet med g\u00e4llande lagstiftning och avtalsinstruktioner, f\u00f6r att s\u00e4kerst\u00e4lla att all data f\u00f6rblir konfidentiell och s\u00e4kert f\u00f6rvarad. Alla certifikat och andra s\u00e4kerhetsfunktioner \u00e4r utf\u00e4rdade till och hanteras av Omda.<\/p>\n<h2>Anslutningskostnad<\/h2>\n<p>Journalleverant\u00f6rerna, som \u00e4r det producerande systemet, kan ta ut en kostnad f\u00f6r att skicka in data fr\u00e5n en kommun till EMQ.<\/p>\n<p>Plattformsleverant\u00f6ren Omda tar en kostnad f\u00f6r att ta emot data fr\u00e5n en kommun.<\/p>\n<h2>CGM (Compu Group Medical)<\/h2>\n<p>Tv\u00e5 delar:<\/p>\n<ul>\n<li>Del 1: Fysisk data, koppling till kvalitetsregistret. Detta m\u00e5ste alla kunder ha f\u00f6r att kunna skicka data till kvalitetsregistret.<\/li>\n<li>Del 2: Psykosocial data, checklista eller eEnk\u00e4t (V\u00e4sternorrland, Elsa eller \u00d6rebro).<\/li>\n<\/ul>\n<p><a href=\"https:\/\/rcsyd.se\/emq\/wp-content\/uploads\/sites\/25\/2026\/04\/Kostnader-hos-CMG-for-fysisk-och-psykosocial-data.pdf\" target=\"_blank\" rel=\"noopener\">Klicka h\u00e4r f\u00f6r att se kostnader hos CMG f\u00f6r fysisk och psykosocial data<\/a> (PDF-format, 311 kB).<\/p>\n<p>Ut\u00f6ver dessa kostnader tillkommer Omdas kostnad f\u00f6r anslutning, vilken kan variera beroende p\u00e5 uppl\u00e4gg.<\/p>\n<h3>Hemsida<\/h3>\n<p><a href=\"https:\/\/www.cgm.com\/swe_se\" target=\"_blank\" rel=\"noopener\">Klicka h\u00e4r f\u00f6r att komma till CGM:s hemsida.<\/a><\/p>\n<h2>Prorenata<\/h2>\n<p>Prorenata tar ingen kostnad f\u00f6r sj\u00e4lva upps\u00e4ttningen till EMQ, kunden har m\u00f6jlighet att konfigurera upps\u00e4ttningen helt sj\u00e4lv. \u00d6nskar kunden konsultst\u00f6d debiteras detta p\u00e5 l\u00f6pande timmar. Det kan d\u00e5 handla om hj\u00e4lp med att bygga upp enk\u00e4t, rapportmall och s\u00e5 vidare.<\/p>\n<p>F\u00f6r anslutning till Prorenata tar Omda ut en fast kostnad p\u00e5 5 000 kr per kommun.<\/p>\n<h3>Hemsida<\/h3>\n<p><a href=\"https:\/\/prorenata.se\/\" target=\"_blank\" rel=\"noopener\">Klicka h\u00e4r f\u00f6r att komma till Prorenatas hemsida.<\/a><\/p>\n<h2>L\u00f6pande kostnad<\/h2>\n<p>Den l\u00f6pande kostnaden f\u00f6r att vara ansluten till EMQ \u00e4r 10 000 kronor per \u00e5r f\u00f6r sm\u00e5 kommuner (mindre \u00e4n 15 000 elever) och 20 000 kronor f\u00f6r stora kommuner (mer \u00e4n 15 000 elever). Detta t\u00e4cker kostnaden f\u00f6r drift, f\u00f6rvaltning och utveckling av EMQ. Kostnaden ber\u00e4knas i dagsl\u00e4get att uppg\u00e5 till 500 000 kronor per \u00e5r. Ansluter fler kommuner blir det kostnaden l\u00e4gre per kommun eftersom fler kommuner delar p\u00e5 kostnaden. Kostnadsber\u00e4kningen g\u00e4ller f\u00f6r \u00e5r 2026.<\/p>\n","protected":false},"excerpt":{"rendered":"<p>Anslutningskostnad och l\u00f6pande kostnader P\u00e5 denna sida hittar du information om kostnader f\u00f6r anslutning till och l\u00f6pande drift i EMQ (Nationellt kvalitetsregister f\u00f6r elevh\u00e4lsans medicinska insats). Omda Health Analytics AB, med organisationsnummer 556563-7674, \u00e4r leverant\u00f6ren av den tekniska plattformen som anv\u00e4nds f\u00f6r EMQ. Omda har tecknat ett personuppgiftsbitr\u00e4desavtal med EMQ. Det inneb\u00e4r att de har&#8230; <a class=\"read-more\" href=\"https:\/\/rcsyd.se\/emq\/registrering\/anslutningskostnad-och-lopande-kostnader\">L\u00e4s mer<\/a><\/p>\n","protected":false},"author":3,"featured_media":0,"parent":3694,"menu_order":0,"comment_status":"closed","ping_status":"closed","template":"","meta":{"_acf_changed":false,"footnotes":""},"acf":[],"_links":{"self":[{"href":"https:\/\/rcsyd.se\/emq\/wp-json\/wp\/v2\/pages\/4226"}],"collection":[{"href":"https:\/\/rcsyd.se\/emq\/wp-json\/wp\/v2\/pages"}],"about":[{"href":"https:\/\/rcsyd.se\/emq\/wp-json\/wp\/v2\/types\/page"}],"author":[{"embeddable":true,"href":"https:\/\/rcsyd.se\/emq\/wp-json\/wp\/v2\/users\/3"}],"replies":[{"embeddable":true,"href":"https:\/\/rcsyd.se\/emq\/wp-json\/wp\/v2\/comments?post=4226"}],"version-history":[{"count":8,"href":"https:\/\/rcsyd.se\/emq\/wp-json\/wp\/v2\/pages\/4226\/revisions"}],"predecessor-version":[{"id":4317,"href":"https:\/\/rcsyd.se\/emq\/wp-json\/wp\/v2\/pages\/4226\/revisions\/4317"}],"up":[{"embeddable":true,"href":"https:\/\/rcsyd.se\/emq\/wp-json\/wp\/v2\/pages\/3694"}],"wp:attachment":[{"href":"https:\/\/rcsyd.se\/emq\/wp-json\/wp\/v2\/media?parent=4226"}],"curies":[{"name":"wp","href":"https:\/\/api.w.org\/{rel}","templated":true}]}}