{"id":4169,"date":"2025-12-29T17:25:40","date_gmt":"2025-12-29T17:25:40","guid":{"rendered":"https:\/\/rcsyd.se\/emq\/?page_id=4169"},"modified":"2026-01-07T12:38:15","modified_gmt":"2026-01-07T12:38:15","slug":"personuppgiftshantering-och-rattigheter","status":"publish","type":"page","link":"https:\/\/rcsyd.se\/emq\/patientinformation\/personuppgiftshantering-och-rattigheter","title":{"rendered":"Personuppgiftshantering och r\u00e4ttigheter"},"content":{"rendered":"<h1>Personuppgiftshantering och r\u00e4ttigheter<\/h1>\n<h2>Registrering och hantering av uppgifter<\/h2>\n<p>Alla som behandlar personuppgifter m\u00e5ste st\u00f6dja sig p\u00e5 r\u00e4ttslig grund. Uppgifter i patientjournalen fr\u00e5n h\u00e4lsounders\u00f6kningen och h\u00e4lsosamtalet samlas in. Uppgifterna fa\u030ar endast anva\u0308ndas fo\u0308r att utveckla och sa\u0308kra va\u030ardens kvalitet, framsta\u0308lla statistik och fo\u0308r forskning. Uppgifter fa\u030ar, efter sekretesspro\u0308vning, la\u0308mnas ut fo\u0308r na\u030agot av dessa tre a\u0308ndama\u030al.<\/p>\n<h2>Sekretess<\/h2>\n<p>Uppgifterna skyddas av h\u00e4lso- och sjukv\u00e5rdssekretessen i Offentlighets- och sekretesslagen. I sammansta\u0308llningar som visas ga\u030ar det inte att identifiera uppgifter om dig\/ditt barn som enskild person. Fo\u0308r forskningsstudier beho\u0308vs alltid ett godka\u0308nnande av en etikpro\u0308vningsna\u0308mnd och centralt personuppgiftsansvarig.<\/p>\n<h2>S\u00e4kerhet<\/h2>\n<p>Barnets uppgifter skyddas mot obeh\u00f6rig \u00e5tkomst. Det finns s\u00e4rskilda krav som bland annat inneb\u00e4r att bara den som har behov av uppgifterna f\u00e5r ha tillg\u00e5ng till dem. Det finns en systematisk kontroll som s\u00e4kerst\u00e4ller att ingen obeh\u00f6rig tagit del av uppgifterna samt att inloggning f\u00f6r att ta del av uppgifter sker p\u00e5 ett s\u00e4kert s\u00e4tt. Uppgifterna skyddas ocks\u00e5 genom kryptering.<\/p>\n<h2>\u00c5tkomst<\/h2>\n<p>V\u00e5rdgivare f\u00e5r endast ta del av de uppgifter som de l\u00e4mnar till kvalitetsregistret. Ingen annan v\u00e5rdgivare har \u00e5tkomst till dessa uppgifter. Som ansvarig f\u00f6r registret kan beh\u00f6rig personal hos centralt personuppgiftsansvarig ta del av barnets uppgifter i syfte att se om data \u00e4r riktiga.<\/p>\n<h2>Gallring<\/h2>\n<p>Uppgifterna tas bort n\u00e4r de inte l\u00e4ngre beh\u00f6vs f\u00f6r att utveckla och s\u00e4kra kvaliteten i v\u00e5rden. F\u00f6r vissa register kan aktuell arkivmyndighet besluta att uppgifterna sparas tillsvidare f\u00f6r historiska, statistiska eller vetenskapliga \u00e4ndam\u00e5l.<\/p>\n<h2>R\u00e4ttigheter<\/h2>\n<p>Du som \u00e4r v\u00e5rdnadshavare har kontroll \u00f6ver dina barns personuppgifter p\u00e5 flera s\u00e4tt:<\/p>\n<ul>\n<li>Du har r\u00e4tt att slippa att ditt barns personuppgifter registreras i EMQ (Nationellt kvalitetsregister f\u00f6r elevh\u00e4lsans medicinska insatser).<\/li>\n<li>Du har n\u00e4r som helst r\u00e4tt att f\u00e5 uppgifter om ditt barn raderade ur registret.<\/li>\n<li>Du har r\u00e4tt att f\u00e5 information om vilken \u00e5tkomst som har skett till ditt barns uppgifter. Du har r\u00e4tt att en g\u00e5ng per \u00e5r, kostnadsfritt, f\u00e5 veta vilka uppgifter som har registrerats om ditt barn (s\u00e5 kallat registerutdrag). En s\u00e5dan ans\u00f6kan ska vara skriftlig, undertecknad och skickas till registerh\u00e5llaren f\u00f6r EMQ.<\/li>\n<li>Du har, om du kan identifiera dig, r\u00e4tt att f\u00e5 felaktiga personuppgifter om ditt barn r\u00e4ttade och r\u00e4tt att komplettera ofullst\u00e4ndiga personuppgifter.<\/li>\n<li>Du har, om du kan identifiera dig, r\u00e4tt att kr\u00e4va att behandlingen av ditt barns uppgifter begr\u00e4nsas\n<ul>\n<li>om du anser att personuppgifterna inte \u00e4r korrekta och under en tid som ger centralt personuppgiftsansvarig m\u00f6jlighet att kontrollera om personuppgifterna \u00e4r korrekta<\/li>\n<li>om du anser att behandlingen \u00e4r olaglig och mots\u00e4tter dig att personuppgifterna raderas och i st\u00e4llet beg\u00e4r en begr\u00e4nsning av deras anv\u00e4ndning<\/li>\n<li>i en situation d\u00e5 centralt personuppgiftsansvarig inte l\u00e4ngre beh\u00f6ver personuppgifterna f\u00f6r \u00e4ndam\u00e5len med behandlingen (se ovan) men du anser att du beh\u00f6ver dem f\u00f6r att kunna fastst\u00e4lla, g\u00f6ra g\u00e4llande eller f\u00f6rsvara r\u00e4ttsliga anspr\u00e5k.<\/li>\n<\/ul>\n<\/li>\n<li>Du har, om du kan identifiera dig, r\u00e4tt att f\u00e5 information om vilken skolenhet och vid vilken tidpunkt n\u00e5gon haft \u00e5tkomst till ditt barns uppgifter.<\/li>\n<li>Du har r\u00e4tt till skadest\u00e5nd om personuppgifterna hanteras i strid med dataskyddsf\u00f6rordningen eller patientdatalagen.<\/li>\n<li>Du har r\u00e4tt att inge ett klagom\u00e5l till Integritetsskyddsmyndigheten.<\/li>\n<\/ul>\n<h2>Laglig grund<\/h2>\n<p>Alla som behandlar personuppgifter m\u00e5ste st\u00f6dja sig p\u00e5 en laglig grund. V\u00e5rdgivare och centralt personuppgiftsansvariga f\u00e5r behandla uppgifter i kvalitetsregister f\u00f6r att den anses utg\u00f6ra en n\u00f6dv\u00e4ndig uppgift av allm\u00e4nt intresse (Dataskyddsf\u00f6rordningen, art. 6.1 e). De f\u00e5r ocks\u00e5 behandla uppgifter om h\u00e4lsa i kvalitetsregister f\u00f6r att den \u00e4r n\u00f6dv\u00e4ndig av sk\u00e4l som h\u00f6r samman med yrkesmedicin och tillhandah\u00e5llande av h\u00e4lso- och sjukv\u00e5rd (Dataskyddsf\u00f6rordningen, art. 9.2 h). B\u00e5de personal hos rapporterande v\u00e5rdgivare och personal hos den centralt personuppgiftsansvarige omfattas av lagstadgad tystnadsplikt (Dataskyddsf\u00f6rordningen, art. 9.3). Det ska ocks\u00e5 finnas lagligt st\u00f6d i svensk lagstiftning n\u00e4r man behandlar personuppgifter i kvalitetsregister. S\u00e5dana best\u00e4mmelser finns i 7 kap. Patientdatalagen (2008:355).<\/p>\n<h2>Personuppgiftsansvar<\/h2>\n<p>Centralt personuppgiftsansvarig myndighet f\u00f6r EMQ \u00e4r Region Sk\u00e5ne. V\u00e5rdgivaren \u00e4r personuppgiftsansvarig f\u00f6r hanteringen i samband med att h\u00e4lsouppgifter om ditt barn samlas in och l\u00e4mnas ut till EMQ.<\/p>\n<h2>Rutiner enligt GDPR<\/h2>\n<p>Vi har samlat dokument kopplade till rutiner enligt GDPR (dataskyddsf\u00f6rordningen) som g\u00e4ller f\u00f6r EMQ.<\/p>\n<p>Dokumenten behandlar<\/p>\n<ul>\n<li>rutiner vid beg\u00e4ran om r\u00e4tt till registerutdrag enligt artikel 15 dataskyddsf\u00f6rordningen<\/li>\n<li>rutiner vid beg\u00e4ran om att inte bli registrerad, om r\u00e4ttelse av felaktiga uppgifter och r\u00e4tten till begr\u00e4nsning eller radering av redan inrapporterade<br \/>\nuppgifter<\/li>\n<li>rutiner vid beg\u00e4ran om skadest\u00e5nd f\u00f6r felaktig behandling av personuppgifter.<\/li>\n<\/ul>\n<p><a href=\"https:\/\/rcsyd.se\/emq\/registrering\/rutiner-enligt-gdpr\">Klicka h\u00e4r f\u00f6r att komma till dokumenten.<\/a><\/p>\n<h2>Kontakt<\/h2>\n<p>Vid fr\u00e5gor om CPUA (centralt personuppgiftsansvar) och behandlingen av personuppgifter kan du kontakta Region Sk\u00e5ne.<\/p>\n<p>E-post: <a href=\"mailto:cpua@skane.se\">cpua@skane.se<\/a><\/p>\n","protected":false},"excerpt":{"rendered":"<p>Personuppgiftshantering och r\u00e4ttigheter Registrering och hantering av uppgifter Alla som behandlar personuppgifter m\u00e5ste st\u00f6dja sig p\u00e5 r\u00e4ttslig grund. Uppgifter i patientjournalen fr\u00e5n h\u00e4lsounders\u00f6kningen och h\u00e4lsosamtalet samlas in. Uppgifterna fa\u030ar endast anva\u0308ndas fo\u0308r att utveckla och sa\u0308kra va\u030ardens kvalitet, framsta\u0308lla statistik och fo\u0308r forskning. Uppgifter fa\u030ar, efter sekretesspro\u0308vning, la\u0308mnas ut fo\u0308r na\u030agot av dessa tre a\u0308ndama\u030al&#8230;. <a class=\"read-more\" href=\"https:\/\/rcsyd.se\/emq\/patientinformation\/personuppgiftshantering-och-rattigheter\">L\u00e4s mer<\/a><\/p>\n","protected":false},"author":3,"featured_media":0,"parent":3680,"menu_order":0,"comment_status":"closed","ping_status":"closed","template":"","meta":{"_acf_changed":false,"footnotes":""},"acf":[],"_links":{"self":[{"href":"https:\/\/rcsyd.se\/emq\/wp-json\/wp\/v2\/pages\/4169"}],"collection":[{"href":"https:\/\/rcsyd.se\/emq\/wp-json\/wp\/v2\/pages"}],"about":[{"href":"https:\/\/rcsyd.se\/emq\/wp-json\/wp\/v2\/types\/page"}],"author":[{"embeddable":true,"href":"https:\/\/rcsyd.se\/emq\/wp-json\/wp\/v2\/users\/3"}],"replies":[{"embeddable":true,"href":"https:\/\/rcsyd.se\/emq\/wp-json\/wp\/v2\/comments?post=4169"}],"version-history":[{"count":7,"href":"https:\/\/rcsyd.se\/emq\/wp-json\/wp\/v2\/pages\/4169\/revisions"}],"predecessor-version":[{"id":4248,"href":"https:\/\/rcsyd.se\/emq\/wp-json\/wp\/v2\/pages\/4169\/revisions\/4248"}],"up":[{"embeddable":true,"href":"https:\/\/rcsyd.se\/emq\/wp-json\/wp\/v2\/pages\/3680"}],"wp:attachment":[{"href":"https:\/\/rcsyd.se\/emq\/wp-json\/wp\/v2\/media?parent=4169"}],"curies":[{"name":"wp","href":"https:\/\/api.w.org\/{rel}","templated":true}]}}