{"id":4149,"date":"2024-08-09T16:46:34","date_gmt":"2024-08-09T16:46:34","guid":{"rendered":"https:\/\/rcsyd.se\/emq\/?page_id=4149"},"modified":"2026-02-04T11:58:30","modified_gmt":"2026-02-04T11:58:30","slug":"informationsblad-om-emq-pa-olika-sprak","status":"publish","type":"page","link":"https:\/\/rcsyd.se\/emq\/registrering\/informationsblad-om-emq-pa-olika-sprak","title":{"rendered":"Informationsblad om EMQ p\u00e5 olika spr\u00e5k"},"content":{"rendered":"<h1>Informationsblad om EMQ p\u00e5 olika spr\u00e5k<\/h1>\n<p>I nedladdningsboxen p\u00e5 denna sida hittar du informationsblad om EMQ (Nationellt kvalitetsregister f\u00f6r elevh\u00e4lsans medicinska insats) i kortversion p\u00e5 12 olika spr\u00e5k. Kortversionerna inneh\u00e5ller QR-kod till EMQ:s webbplats.<\/p>\n<p>Det finns ocks\u00e5 en l\u00e4ngre version av informationsblad p\u00e5 svenska och engelska.<\/p>\n","protected":false},"excerpt":{"rendered":"<p>Informationsblad om EMQ p\u00e5 olika spr\u00e5k I nedladdningsboxen p\u00e5 denna sida hittar du informationsblad om EMQ (Nationellt kvalitetsregister f\u00f6r elevh\u00e4lsans medicinska insats) i kortversion p\u00e5 12 olika spr\u00e5k. Kortversionerna inneh\u00e5ller QR-kod till EMQ:s webbplats. Det finns ocks\u00e5 en l\u00e4ngre version av informationsblad p\u00e5 svenska och engelska.<\/p>\n","protected":false},"author":3,"featured_media":0,"parent":3694,"menu_order":0,"comment_status":"closed","ping_status":"closed","template":"","meta":{"_acf_changed":false,"footnotes":""},"acf":[],"_links":{"self":[{"href":"https:\/\/rcsyd.se\/emq\/wp-json\/wp\/v2\/pages\/4149"}],"collection":[{"href":"https:\/\/rcsyd.se\/emq\/wp-json\/wp\/v2\/pages"}],"about":[{"href":"https:\/\/rcsyd.se\/emq\/wp-json\/wp\/v2\/types\/page"}],"author":[{"embeddable":true,"href":"https:\/\/rcsyd.se\/emq\/wp-json\/wp\/v2\/users\/3"}],"replies":[{"embeddable":true,"href":"https:\/\/rcsyd.se\/emq\/wp-json\/wp\/v2\/comments?post=4149"}],"version-history":[{"count":3,"href":"https:\/\/rcsyd.se\/emq\/wp-json\/wp\/v2\/pages\/4149\/revisions"}],"predecessor-version":[{"id":4282,"href":"https:\/\/rcsyd.se\/emq\/wp-json\/wp\/v2\/pages\/4149\/revisions\/4282"}],"up":[{"embeddable":true,"href":"https:\/\/rcsyd.se\/emq\/wp-json\/wp\/v2\/pages\/3694"}],"wp:attachment":[{"href":"https:\/\/rcsyd.se\/emq\/wp-json\/wp\/v2\/media?parent=4149"}],"curies":[{"name":"wp","href":"https:\/\/api.w.org\/{rel}","templated":true}]}}