{"id":3960,"date":"2024-08-12T08:23:08","date_gmt":"2024-08-12T08:23:08","guid":{"rendered":"https:\/\/rcsyd.se\/emq\/?page_id=3960"},"modified":"2025-12-29T15:03:10","modified_gmt":"2025-12-29T15:03:10","slug":"centralt-personuppgiftsansvar-cpua","status":"publish","type":"page","link":"https:\/\/rcsyd.se\/emq\/om-emq\/centralt-personuppgiftsansvar-cpua","title":{"rendered":"Centralt personuppgiftsansvar (CPUA)"},"content":{"rendered":"<h1>Centralt personuppgiftsansvar (CPUA)<\/h1>\n<p>Region Sk\u00e5ne \u00e4r sedan januari 2025 centralt personuppgiftsansvarig (CPUA) myndighet f\u00f6r EMQ (Nationellt kvalitetsregister f\u00f6r elevh\u00e4lsans medicinska insats). Det inneb\u00e4r att Region Sk\u00e5ne har ansvaret f\u00f6r att personuppgifter hanteras p\u00e5 ett r\u00e4ttss\u00e4kert och kvalitetss\u00e4kert s\u00e4tt efter att de f\u00f6rts in i registret.<\/p>\n<h2>F\u00f6r dig som patient<\/h2>\n<p>Dina personuppgifter behandlas enligt Dataskyddsf\u00f6rordningen. Du har r\u00e4tt att beg\u00e4ra r\u00e4ttelse, begr\u00e4nsning och dataportabilitet (r\u00e4tten att f\u00e5 ut och anv\u00e4nda dina personuppgifter p\u00e5 annat h\u00e5ll) eller att inv\u00e4nda mot behandlingen av dina personuppgifter. Du har \u00e4ven m\u00f6jlighet att v\u00e4nda dig till Integritetsskyddsmyndigheten (IMY) med klagom\u00e5l g\u00e4llande behandlingen av personuppgifter.<\/p>\n<p>Du har \u00e4ven r\u00e4tt att beg\u00e4ra att dina uppgifter tas bort fr\u00e5n EMQ om du vill det. Uppgifterna omfattas av sekretess enligt Offentlighets- och sekretesslagen hos Region Sk\u00e5ne.<\/p>\n<h2>Mer information<\/h2>\n<p>Vid fr\u00e5gor om CPUA-myndighet och behandlingen av personuppgifter kan du kontakta Region Sk\u00e5ne via f\u00f6ljande mailadress:<br \/>\n<a href=\"mailto:cpua@skane.se\">cpua@skane.se<\/a><\/p>\n","protected":false},"excerpt":{"rendered":"<p>Centralt personuppgiftsansvar (CPUA) Region Sk\u00e5ne \u00e4r sedan januari 2025 centralt personuppgiftsansvarig (CPUA) myndighet f\u00f6r EMQ (Nationellt kvalitetsregister f\u00f6r elevh\u00e4lsans medicinska insats). Det inneb\u00e4r att Region Sk\u00e5ne har ansvaret f\u00f6r att personuppgifter hanteras p\u00e5 ett r\u00e4ttss\u00e4kert och kvalitetss\u00e4kert s\u00e4tt efter att de f\u00f6rts in i registret. F\u00f6r dig som patient Dina personuppgifter behandlas enligt Dataskyddsf\u00f6rordningen. Du&#8230; <a class=\"read-more\" href=\"https:\/\/rcsyd.se\/emq\/om-emq\/centralt-personuppgiftsansvar-cpua\">L\u00e4s mer<\/a><\/p>\n","protected":false},"author":3,"featured_media":0,"parent":3654,"menu_order":0,"comment_status":"closed","ping_status":"closed","template":"","meta":{"_acf_changed":false,"footnotes":""},"acf":[],"_links":{"self":[{"href":"https:\/\/rcsyd.se\/emq\/wp-json\/wp\/v2\/pages\/3960"}],"collection":[{"href":"https:\/\/rcsyd.se\/emq\/wp-json\/wp\/v2\/pages"}],"about":[{"href":"https:\/\/rcsyd.se\/emq\/wp-json\/wp\/v2\/types\/page"}],"author":[{"embeddable":true,"href":"https:\/\/rcsyd.se\/emq\/wp-json\/wp\/v2\/users\/3"}],"replies":[{"embeddable":true,"href":"https:\/\/rcsyd.se\/emq\/wp-json\/wp\/v2\/comments?post=3960"}],"version-history":[{"count":2,"href":"https:\/\/rcsyd.se\/emq\/wp-json\/wp\/v2\/pages\/3960\/revisions"}],"predecessor-version":[{"id":4138,"href":"https:\/\/rcsyd.se\/emq\/wp-json\/wp\/v2\/pages\/3960\/revisions\/4138"}],"up":[{"embeddable":true,"href":"https:\/\/rcsyd.se\/emq\/wp-json\/wp\/v2\/pages\/3654"}],"wp:attachment":[{"href":"https:\/\/rcsyd.se\/emq\/wp-json\/wp\/v2\/media?parent=3960"}],"curies":[{"name":"wp","href":"https:\/\/api.w.org\/{rel}","templated":true}]}}