{"id":3691,"date":"2024-08-12T09:22:20","date_gmt":"2024-08-12T09:22:20","guid":{"rendered":"https:\/\/rcsyd.se\/emq\/?page_id=3691"},"modified":"2025-12-30T21:53:04","modified_gmt":"2025-12-30T21:53:04","slug":"journalutveckling-och-it","status":"publish","type":"page","link":"https:\/\/rcsyd.se\/emq\/registrering\/journalutveckling-och-it","title":{"rendered":"Journalutveckling och IT"},"content":{"rendered":"<h1>Journalutveckling och IT<\/h1>\n<p>P\u00e5 denna sida finns information f\u00f6r dig som jobbar med journalutveckling och IT.<\/p>\n<h2>Handbok<\/h2>\n<p>Nationella programmet f\u00f6r datainsamling har tagit fram en strategi som grundar sig p\u00e5 ansvars\u00adf\u00f6rdel\u00adning, anv\u00e4ndning av standarder och generiska modeller. Strategin pekar ut riktning och metod, men beskriver inte hur ett projekt genomf\u00f6rs. Som st\u00f6d i detta har en handbok om informationsspecifikation tagits fram. Handboken kan vara till praktisk hj\u00e4lp i projekt som har till m\u00e5l att f\u00f6ra \u00f6ver data fr\u00e5n v\u00e5rddokumentationssystem till kvalitetsregister.<\/p>\n<p>M\u00e5lgrupper f\u00f6r handboken \u00e4r projektledare, registerh\u00e5llare, registercentra, verksamhets\u00adansvariga, regional och lokal it-verksamhet och systemleverant\u00f6rer.<\/p>\n<p>Handboken finner i nedladdningsboxen p\u00e5 denna sida.<\/p>\n","protected":false},"excerpt":{"rendered":"<p>Journalutveckling och IT P\u00e5 denna sida finns information f\u00f6r dig som jobbar med journalutveckling och IT. Handbok Nationella programmet f\u00f6r datainsamling har tagit fram en strategi som grundar sig p\u00e5 ansvars\u00adf\u00f6rdel\u00adning, anv\u00e4ndning av standarder och generiska modeller. Strategin pekar ut riktning och metod, men beskriver inte hur ett projekt genomf\u00f6rs. Som st\u00f6d i detta har&#8230; <a class=\"read-more\" href=\"https:\/\/rcsyd.se\/emq\/registrering\/journalutveckling-och-it\">L\u00e4s mer<\/a><\/p>\n","protected":false},"author":3,"featured_media":0,"parent":3694,"menu_order":0,"comment_status":"closed","ping_status":"closed","template":"","meta":{"_acf_changed":false,"footnotes":""},"acf":[],"_links":{"self":[{"href":"https:\/\/rcsyd.se\/emq\/wp-json\/wp\/v2\/pages\/3691"}],"collection":[{"href":"https:\/\/rcsyd.se\/emq\/wp-json\/wp\/v2\/pages"}],"about":[{"href":"https:\/\/rcsyd.se\/emq\/wp-json\/wp\/v2\/types\/page"}],"author":[{"embeddable":true,"href":"https:\/\/rcsyd.se\/emq\/wp-json\/wp\/v2\/users\/3"}],"replies":[{"embeddable":true,"href":"https:\/\/rcsyd.se\/emq\/wp-json\/wp\/v2\/comments?post=3691"}],"version-history":[{"count":7,"href":"https:\/\/rcsyd.se\/emq\/wp-json\/wp\/v2\/pages\/3691\/revisions"}],"predecessor-version":[{"id":4223,"href":"https:\/\/rcsyd.se\/emq\/wp-json\/wp\/v2\/pages\/3691\/revisions\/4223"}],"up":[{"embeddable":true,"href":"https:\/\/rcsyd.se\/emq\/wp-json\/wp\/v2\/pages\/3694"}],"wp:attachment":[{"href":"https:\/\/rcsyd.se\/emq\/wp-json\/wp\/v2\/media?parent=3691"}],"curies":[{"name":"wp","href":"https:\/\/api.w.org\/{rel}","templated":true}]}}