{"id":3687,"date":"2024-08-12T09:24:28","date_gmt":"2024-08-12T09:24:28","guid":{"rendered":"https:\/\/rcsyd.se\/emq\/?page_id=3687"},"modified":"2026-03-03T12:11:31","modified_gmt":"2026-03-03T12:11:31","slug":"checklista-och-formular-for-anslutning","status":"publish","type":"page","link":"https:\/\/rcsyd.se\/emq\/registrering\/checklista-och-formular-for-anslutning","title":{"rendered":"Checklista och formul\u00e4r f\u00f6r anslutning"},"content":{"rendered":"<h1>Checklista och formul\u00e4r f\u00f6r anslutning<\/h1>\n<p>P\u00e5 denna sida finns checklista och dokument kopplade till hur kommuner och privata v\u00e5rdgivare ansluter sig till EMQ (Nationellt kvalitetsregister f\u00f6r elevh\u00e4lsans medicinska insats).<\/p>\n<h2>Checklista<\/h2>\n<ol>\n<li>Fyll i formul\u00e4ret Anslut kommun\/privat v\u00e5rdgivare nedan.<\/li>\n<li>Kontakta er journalleverant\u00f6r. Den standardiserade journalen m\u00e5ste f\u00f6ljas f\u00f6r att automatiserad \u00f6verf\u00f6ring av data fr\u00e5n journal till EMQ ska kunna ske.<br \/>\n<strong>PMO:s (Professional Medical Office) rutin<\/strong> finns i deras anv\u00e4ndarportal.<br \/>\n<a href=\"https:\/\/pmo.cgm.com\/\" target=\"_blank\" rel=\"noopener\">Klicka h\u00e4r f\u00f6r att komma till PMO:s anv\u00e4ndarportal.<\/a><br \/>\n<strong>Prorenatas rutin<\/strong> f\u00f6r konfiguration f\u00f6r export av h\u00e4lsofr\u00e5gor f\u00e5s via e-post, telefon eller genom att skicka ett \u00e4rende via deras supportportal.<br \/>\nE-post: <a href=\"mailto:info@prorenata.se\">info@prorenata.se<\/a><br \/>\nTelefon: 010-330 06 70<br \/>\n<a href=\"https:\/\/docs.prorenata.se\/\" target=\"_blank\" rel=\"noopener\">Klicka h\u00e4r f\u00f6r att komma till supportportalen.<\/a><\/li>\n<li>Skicka in information om vilka skolor som ska delta. Anv\u00e4nd Mall skollista f\u00f6r PMO och Prorenata som finns i nedladdningsboxen p\u00e5 denna sida.<br \/>\nSkicka den ifyllda mallen till <a href=\"mailto:support.compos@omda.com\">support.compos@omda.com<\/a>.<br \/>\nOm nya skolor tillkommer i efterhand skickas ny fil med information om de nya skolorna.<\/li>\n<li>Ta del av manualen i nedladdningsboxen med beskrivning till standardiserat inneh\u00e5ll i medicinsk journal. Detta g\u00e4ller bara PMO i dagsl\u00e4get, utveckling p\u00e5g\u00e5r f\u00f6r Prorenata.<\/li>\n<li>Ta del av variabellistan i nedladdningsboxen d\u00e4r du f\u00e5r en beskrivning av valda variabler (h\u00e4lsodata) i nyckel\u00e5ldrarna.<\/li>\n<\/ol>\n\n<div class=\"wpcf7 no-js\" id=\"wpcf7-f4294-o1\" lang=\"en-US\" dir=\"ltr\">\n<div class=\"screen-reader-response\"><p role=\"status\" aria-live=\"polite\" aria-atomic=\"true\"><\/p> <ul><\/ul><\/div>\n<form action=\"\/emq\/wp-json\/wp\/v2\/pages\/3687#wpcf7-f4294-o1\" method=\"post\" class=\"wpcf7-form init\" aria-label=\"Contact form\" novalidate=\"novalidate\" data-status=\"init\">\n<div style=\"display: none;\">\n<input type=\"hidden\" name=\"_wpcf7\" value=\"4294\" \/>\n<input type=\"hidden\" name=\"_wpcf7_version\" value=\"5.9.8\" \/>\n<input type=\"hidden\" name=\"_wpcf7_locale\" value=\"en_US\" \/>\n<input type=\"hidden\" name=\"_wpcf7_unit_tag\" value=\"wpcf7-f4294-o1\" \/>\n<input type=\"hidden\" name=\"_wpcf7_container_post\" value=\"0\" \/>\n<input type=\"hidden\" name=\"_wpcf7_posted_data_hash\" value=\"\" \/>\n<input type=\"hidden\" name=\"_wpcf7_recaptcha_response\" value=\"\" \/>\n<\/div>\n<h2>Anslut kommun\/privat v\u00e5rdgivare\n<\/h2>\n<div class=\"left\">\n\t<p><label for=\"menu-609\">Journalleverant\u00f6r:<\/label><br \/>\n<span class=\"wpcf7-form-control-wrap\" data-name=\"menu-609\"><select class=\"wpcf7-form-control wpcf7-select wpcf7-validates-as-required\" aria-required=\"true\" aria-invalid=\"false\" name=\"menu-609\"><option value=\"CGM\/PMO\">CGM\/PMO<\/option><option value=\"Prorenata\">Prorenata<\/option><\/select><\/span><br \/>\n<label for=\"your-name\">Namn:<\/label><br \/>\n<span class=\"wpcf7-form-control-wrap\" data-name=\"your-name\"><input size=\"40\" maxlength=\"400\" class=\"wpcf7-form-control wpcf7-text wpcf7-validates-as-required\" id=\"your-name\" aria-required=\"true\" aria-invalid=\"false\" value=\"\" type=\"text\" name=\"your-name\" \/><\/span><br \/>\n<label for=\"your-email\">E-post:<\/label><br \/>\n<span class=\"wpcf7-form-control-wrap\" data-name=\"your-email\"><input size=\"40\" maxlength=\"400\" class=\"wpcf7-form-control wpcf7-email wpcf7-validates-as-required wpcf7-text wpcf7-validates-as-email\" id=\"your-email\" aria-required=\"true\" aria-invalid=\"false\" value=\"\" type=\"email\" name=\"your-email\" \/><\/span><br \/>\n<label for=\"tel-584\">Telefonnummer:<\/label><br \/>\n<span class=\"wpcf7-form-control-wrap\" data-name=\"tel-584\"><input size=\"40\" maxlength=\"400\" class=\"wpcf7-form-control wpcf7-tel wpcf7-validates-as-required wpcf7-text wpcf7-validates-as-tel\" aria-required=\"true\" aria-invalid=\"false\" value=\"\" type=\"tel\" name=\"tel-584\" \/><\/span><br \/>\n<label for=\"Kommunprivatvrdgivare\">Kommun\/privat v\u00e5rdgivare:<\/label><br \/>\n<span class=\"wpcf7-form-control-wrap\" data-name=\"Kommunprivatvrdgivare\"><input size=\"40\" maxlength=\"400\" class=\"wpcf7-form-control wpcf7-text wpcf7-validates-as-required\" aria-required=\"true\" aria-invalid=\"false\" value=\"\" type=\"text\" name=\"Kommunprivatvrdgivare\" \/><\/span><br \/>\n<label for=\"Verksamhetschef\">Verksamhetschef:<\/label><br \/>\n<span class=\"wpcf7-form-control-wrap\" data-name=\"Verksamhetschef\"><input size=\"40\" maxlength=\"400\" class=\"wpcf7-form-control wpcf7-text wpcf7-validates-as-required\" aria-required=\"true\" aria-invalid=\"false\" value=\"\" type=\"text\" name=\"Verksamhetschef\" \/><\/span><br \/>\n<label for=\"Kontaktperson-lokal-IT\">Kontaktperson lokal IT:<\/label><br \/>\n<span class=\"wpcf7-form-control-wrap\" data-name=\"Kontaktperson-lokal-IT\"><input size=\"40\" maxlength=\"400\" class=\"wpcf7-form-control wpcf7-text wpcf7-validates-as-required\" aria-required=\"true\" aria-invalid=\"false\" value=\"\" type=\"text\" name=\"Kontaktperson-lokal-IT\" \/><\/span><br \/>\n<label for=\"Kontaktperson-sysadm\">Kontaktperson systemadministrat\u00f6r:<\/label><br \/>\n<span class=\"wpcf7-form-control-wrap\" data-name=\"Kontaktperson-sysadm\"><input size=\"40\" maxlength=\"400\" class=\"wpcf7-form-control wpcf7-text wpcf7-validates-as-required\" aria-required=\"true\" aria-invalid=\"false\" value=\"\" type=\"text\" name=\"Kontaktperson-sysadm\" \/><\/span><br \/>\n<span class=\"wpcf7-form-control-wrap\" data-name=\"acceptance-504\"><span class=\"wpcf7-form-control wpcf7-acceptance\"><span class=\"wpcf7-list-item\"><label><input type=\"checkbox\" name=\"acceptance-504\" value=\"1\" aria-invalid=\"false\" \/><span class=\"wpcf7-list-item-label\">Jag godk\u00e4nner att EMQ hanterar mina personuppgifter enligt GDPR.<\/span><\/label><\/span><\/span><\/span>\n\t<\/p>\n<\/div>\n<div class=\"right\">\n<\/div>\n<div class=\"clearfix\">\n<\/div>\n\n<p><input class=\"wpcf7-form-control wpcf7-submit has-spinner\" type=\"submit\" value=\"Skicka meddelande\" \/>\n<\/p><div class=\"wpcf7-response-output\" aria-hidden=\"true\"><\/div>\n<\/form>\n<\/div>\n\n","protected":false},"excerpt":{"rendered":"<p>Checklista och formul\u00e4r f\u00f6r anslutning P\u00e5 denna sida finns checklista och dokument kopplade till hur kommuner och privata v\u00e5rdgivare ansluter sig till EMQ (Nationellt kvalitetsregister f\u00f6r elevh\u00e4lsans medicinska insats). Checklista Fyll i formul\u00e4ret Anslut kommun\/privat v\u00e5rdgivare nedan. Kontakta er journalleverant\u00f6r. Den standardiserade journalen m\u00e5ste f\u00f6ljas f\u00f6r att automatiserad \u00f6verf\u00f6ring av data fr\u00e5n journal till EMQ&#8230; <a class=\"read-more\" href=\"https:\/\/rcsyd.se\/emq\/registrering\/checklista-och-formular-for-anslutning\">L\u00e4s mer<\/a><\/p>\n","protected":false},"author":3,"featured_media":0,"parent":3694,"menu_order":0,"comment_status":"closed","ping_status":"closed","template":"","meta":{"_acf_changed":false,"footnotes":""},"acf":[],"_links":{"self":[{"href":"https:\/\/rcsyd.se\/emq\/wp-json\/wp\/v2\/pages\/3687"}],"collection":[{"href":"https:\/\/rcsyd.se\/emq\/wp-json\/wp\/v2\/pages"}],"about":[{"href":"https:\/\/rcsyd.se\/emq\/wp-json\/wp\/v2\/types\/page"}],"author":[{"embeddable":true,"href":"https:\/\/rcsyd.se\/emq\/wp-json\/wp\/v2\/users\/3"}],"replies":[{"embeddable":true,"href":"https:\/\/rcsyd.se\/emq\/wp-json\/wp\/v2\/comments?post=3687"}],"version-history":[{"count":18,"href":"https:\/\/rcsyd.se\/emq\/wp-json\/wp\/v2\/pages\/3687\/revisions"}],"predecessor-version":[{"id":4299,"href":"https:\/\/rcsyd.se\/emq\/wp-json\/wp\/v2\/pages\/3687\/revisions\/4299"}],"up":[{"embeddable":true,"href":"https:\/\/rcsyd.se\/emq\/wp-json\/wp\/v2\/pages\/3694"}],"wp:attachment":[{"href":"https:\/\/rcsyd.se\/emq\/wp-json\/wp\/v2\/media?parent=3687"}],"curies":[{"name":"wp","href":"https:\/\/api.w.org\/{rel}","templated":true}]}}