{"id":3685,"date":"2024-08-12T09:25:17","date_gmt":"2024-08-12T09:25:17","guid":{"rendered":"https:\/\/rcsyd.se\/emq\/?page_id=3685"},"modified":"2025-12-30T15:24:43","modified_gmt":"2025-12-30T15:24:43","slug":"overforing-av-data","status":"publish","type":"page","link":"https:\/\/rcsyd.se\/emq\/registrering\/overforing-av-data","title":{"rendered":"\u00d6verf\u00f6ring av data"},"content":{"rendered":"<h1>\u00d6verf\u00f6ring av data<\/h1>\n<p>P\u00e5 denna sida beskriver vi hur data \u00f6verf\u00f6rs till EMQ (Nationellt kvalitetsregister f\u00f6r elevh\u00e4lsans medicinska insats).<\/p>\n<h2>S\u00e5 \u00f6verf\u00f6rs data<\/h2>\n<p>All insamling av data till EMQ sker genom journalsystem. Ingen dubbeldokumentation sker och \u00f6verf\u00f6ringen \u00e4r automatiserad. EMQ har som m\u00e5l att all \u00f6verf\u00f6ring av kvalitetsdata fr\u00e5n verksamheten ska ske via automatiserade fl\u00f6den enligt Nationell informationsstruktur (NI), Nationella tj\u00e4nsteplattformen och NKRR (Nationell kvalitetsregisterrapport). Fr\u00e5n och med mars 2025 v\u00e4lkomnar EMQ \u00e4ven en punkt-till-punktl\u00f6sning. Den Nationella informationsstrukturen ska f\u00f6ljas och data ska vara formaterad samt kodsatt enligt EMQ:s informationsspecifikation.<\/p>\n<h2>Fr\u00e5n journal till kvalitetsregister<\/h2>\n<p>Det lokala journalsystemet f\u00f6r enskild v\u00e5rdgivare tillhandah\u00e5ller de kvalitetsdata som efterfr\u00e5gas av EMQ och \u00f6verf\u00f6rs fr\u00e5n det lokala journalsystemet hos v\u00e5rdgivaren. Personuppgiftsansvaret \u00f6verg\u00e5r i och med detta fr\u00e5n\u00a0lokalt personuppgiftsansvarig myndighet\u00a0(LPUA) till\u00a0centralt personuppgiftsansvarig myndighet\u00a0(CPUA), som f\u00f6r EMQ \u00e4r Region Sk\u00e5ne.<\/p>\n<p>V\u00e5rdgivare f\u00f6r elevh\u00e4lsans medicinska insats (EMI) har m\u00f6jlighet att ansluta till EMQ f\u00f6r att visa p\u00e5 resultat, j\u00e4mf\u00f6ra och bidra till en likv\u00e4rdig elevh\u00e4lsa f\u00f6r elever i Sverige. Den levererande v\u00e5rdgivaren har \u00e5tkomst till sina egna data. \u00c5tkomst till samtliga nationella data har endast personer som f\u00e5tt detta uppdrag av CPUA. Ansvaret finns reglerat i ett uppdragsavtal.<\/p>\n<p>Medverkan i EMQ \u00e4r inte tvingande f\u00f6r eleven. F\u00f6r att f\u00e5 \u00f6verf\u00f6ra data fr\u00e5n elevens journal till EMQ kr\u00e4vs att eleven och\/eller elevens v\u00e5rdnadshavare inte mots\u00e4tter sig detta. F\u00f6r kvalitetsregister g\u00e4ller passivt medgivande med m\u00f6jlighet att tacka nej, s\u00e5 kallat opt-out-f\u00f6rh\u00e5llande.<\/p>\n<p><a href=\"https:\/\/rcsyd.se\/emq\/registrering\/informationsblad-om-emq-pa-olika-sprak\">Klicka h\u00e4r f\u00f6r att komma till informationsblad till elever\/v\u00e5rdnadshavare p\u00e5 olika spr\u00e5k.<\/a><\/p>\n<h2>F\u00f6ruts\u00e4ttningar f\u00f6r automatiserad \u00f6verf\u00f6ring av data enligt Nationell Informationsstruktur<\/h2>\n<p>F\u00f6r att skapa f\u00f6ruts\u00e4ttningar f\u00f6r en automatiserad \u00f6verf\u00f6ring av data fr\u00e5n v\u00e5rdgivaren enligt NI kr\u00e4vs att den lokala IT-verksamheten har n\u00f6dv\u00e4ndig information om EMQ. Informationen f\u00f6r v\u00e5rdgivarna finns i dokument nedan g\u00e4llande informationsspecifikation och standardiserat inneh\u00e5ll.<\/p>\n<p>Informationsspecifikationen \u00e4r en teknisk beskrivning av variablerna och hur dessa ska \u00f6vers\u00e4ttas till gemensamma standardiserade kodverk. I informationsspecifikationen definieras ocks\u00e5 vilka tj\u00e4nstekontrakt som ska anv\u00e4ndas vid \u00f6verf\u00f6ringen av data. Ett tj\u00e4nstekontrakt \u00e4r en teknisk beskrivning av hur s\u00e4ndarsystem och mottagarsystem ska kommunicera med varandra. Med hj\u00e4lp av informationsspecifikationen och manualen f\u00f6r standardiserat inneh\u00e5ll kan dokumentationen i journalsystemet utformas s\u00e5 att all information som ska \u00f6verf\u00f6ras till EMQ registreras p\u00e5 ett strukturerat s\u00e4tt. Med strukturerad information menas i detta sammanhang att informationen \u00e4r klart skild fr\u00e5n annan information s\u00e5 att den l\u00e4tt kan s\u00f6kas ut bland annan information i v\u00e5rdgivarens journalsystem. P\u00e5 varje fr\u00e5ga som st\u00e4lls och \u00f6verf\u00f6rs till EMQ finns ett best\u00e4mt svar som ska kunna levereras via den standardiserade infrastrukturen (NI).<\/p>\n<h3>Informationsspecifikation<\/h3>\n<p><a href=\"https:\/\/rcsyd.se\/emq\/wp-content\/uploads\/sites\/25\/2025\/12\/Informationsspecifikation-for-EMQ.pdf\" target=\"_blank\" rel=\"noopener\">Klicka h\u00e4r f\u00f6r att ladda ner dokumentet<\/a> (PDF-format, 629 kB).<\/p>\n<h3>Manual f\u00f6r standardiserat inneh\u00e5ll<\/h3>\n<p><a href=\"https:\/\/rcsyd.se\/emq\/wp-content\/uploads\/sites\/25\/2025\/12\/Manual-for-standardiserat-innehall-i-EMQ.pdf\" target=\"_blank\" rel=\"noopener\">Klicka h\u00e4r f\u00f6r att ladda ner dokumentet<\/a> (PDF-format, 155 kB).<\/p>\n<h2>Olika l\u00f6sningar f\u00f6r automatiserad data\u00f6verf\u00f6ring<\/h2>\n<p>Den automatiserade \u00f6verf\u00f6ringen kan utformas p\u00e5 olika s\u00e4tt f\u00f6r kommunikationen mellan v\u00e5rdgivaren, dess journalsystem och EMQ. Journalleverant\u00f6rerna har valt olika s\u00e4tt att \u00f6verf\u00f6ra data fr\u00e5n journalen till EMQ.<\/p>\n<h2>\u00d6verf\u00f6ring via NKRR<\/h2>\n<p>Den mest automatiserade \u00f6verf\u00f6ringen av data har beskrivits av Nationella programmet f\u00f6r datainsamling (NPDI) av Sveriges Kommuner och Regioner (SKR) och beskrivs grafiskt i figur 1. Denna metod \u00e4r att f\u00f6redra d\u00e5 den inte skapar s\u00e4rl\u00f6sningar f\u00f6r olika kvalitetsregister.<\/p>\n<p>Vid \u00f6verf\u00f6ring via Nationella tj\u00e4nsteplattformen och tj\u00e4nsten (NKRR) kommer svaren p\u00e5 fr\u00e5gorna h\u00e4mtas fr\u00e5n v\u00e5rdgivarnas journalsystem via NKRR. Inera tillhandah\u00e5ller tj\u00e4nsten Informationsutl\u00e4mning f\u00f6r anslutna v\u00e5rdgivare till de nationella kvalitetsregistren, vilken sker via rapportfunktionen Nationell kvalitetsregisterrapport (NKRR). NKRR \u00e4r en tj\u00e4nst avsedd att underl\u00e4tta integration genom att utg\u00f6ra ett nav mellan system och tj\u00e4nster. NKRR f\u00f6r EMQ \u00e4r information om vilka data, av all den strukturerade information som finns p\u00e5 v\u00e5rdgivarens journalsystem, som \u00f6verf\u00f6rs till EMQ.<\/p>\n<figure id=\"attachment_4195\" aria-describedby=\"caption-attachment-4195\" style=\"width: 238px\" class=\"wp-caption aligncenter\"><a href=\"https:\/\/rcsyd.se\/emq\/wp-content\/uploads\/sites\/25\/2025\/12\/Overforing-via-nationella-tjansteplattformen-och-NKRR.jpg\" target=\"_blank\" rel=\"noopener\"><img loading=\"lazy\" decoding=\"async\" class=\"wp-image-4195 size-full\" src=\"https:\/\/rcsyd.se\/emq\/wp-content\/uploads\/sites\/25\/2025\/12\/Overforing-via-nationella-tjansteplattformen-och-NKRR.jpg\" alt=\"Illustration \u00f6ver \u00f6verf\u00f6ring via nationella tj\u00e4nsteplattformen och NKRR (Nationell kvalitetsregisterrapport).\" width=\"238\" height=\"399\" srcset=\"https:\/\/rcsyd.se\/emq\/wp-content\/uploads\/sites\/25\/2025\/12\/Overforing-via-nationella-tjansteplattformen-och-NKRR.jpg 238w, https:\/\/rcsyd.se\/emq\/wp-content\/uploads\/sites\/25\/2025\/12\/Overforing-via-nationella-tjansteplattformen-och-NKRR-179x300.jpg 179w\" sizes=\"(max-width: 238px) 100vw, 238px\" \/><\/a><figcaption id=\"caption-attachment-4195\" class=\"wp-caption-text\">Figur 1. Data\u00f6verf\u00f6ring via nationella tj\u00e4nsteplattformen och NKRR.<\/figcaption><\/figure>\n<ol>\n<li>Skolsk\u00f6terskan journalf\u00f6r elevens bes\u00f6k.<\/li>\n<li>Samtidigt skickas information till Engagemangsindex, en nationell tj\u00e4nst som h\u00e5ller information om att ny data finns tillg\u00e4nglig. Information g\u00e5r ocks\u00e5 till EMQ om att det finns data att h\u00e4mta fr\u00e5n en viss v\u00e5rdgivare.<\/li>\n<li>EMQ skickar ett anrop via NKRR och nationella tj\u00e4nsteplattformen till den aktuella v\u00e5rdgivarens datalager och efterfr\u00e5gar data.<\/li>\n<li>Aktuella strukturerade journaldata identifieras i den aktuella v\u00e5rdgivarens datalager.<\/li>\n<li>Informationen \u00e5terv\u00e4nder via nationella tj\u00e4nsteplattformen, bearbetas i NKRR och s\u00e4nds till Omdas tj\u00e4nsteplattform som f\u00f6rvaltar EMQ:s data.<\/li>\n<li>Data l\u00e4ses in i EMQ.<\/li>\n<\/ol>\n<p>Journalleverant\u00f6r CGM\/PMO har \u00f6verf\u00f6ring via NKRR.<\/p>\n<p><a href=\"https:\/\/pmo.cgm.com\/\" target=\"_blank\" rel=\"noopener\">Klicka h\u00e4r f\u00f6r att komma till mer information hos PMO:s anv\u00e4ndarportal.<\/a><\/p>\n<h2>Punkt-till-punkt-l\u00f6sning<\/h2>\n<p>N\u00e4r punkt-till-punkt-l\u00f6sningar anv\u00e4nds ska data vara formaterade och kodsatta enligt registrets informationsspecifikation och EMQ:s filspecifikation. Filspecifikationen erh\u00e5lls genom kontakt med journalleverant\u00f6ren. Utvecklandet av punkt-till-punkt-l\u00f6sningar sker med hj\u00e4lp av v\u00e5rdgivarens IT-verksamhet och journalleverant\u00f6r av v\u00e5rdsystem.<\/p>\n<p>Genom punkt-till-punkt-l\u00f6sningen \u00f6verf\u00f6rs data fr\u00e5n v\u00e5rdgivarens journalsystem till Omdas tj\u00e4nsteplattform som f\u00f6rvaltar EMQs data.<\/p>\n<figure id=\"attachment_4196\" aria-describedby=\"caption-attachment-4196\" style=\"width: 357px\" class=\"wp-caption aligncenter\"><a href=\"https:\/\/rcsyd.se\/emq\/wp-content\/uploads\/sites\/25\/2025\/12\/Overforing-via-punkt-till-punkt.jpg\" target=\"_blank\" rel=\"noopener\"><img loading=\"lazy\" decoding=\"async\" class=\"wp-image-4196 size-full\" src=\"https:\/\/rcsyd.se\/emq\/wp-content\/uploads\/sites\/25\/2025\/12\/Overforing-via-punkt-till-punkt.jpg\" alt=\"Illustration \u00f6ver \u00f6verf\u00f6ring via punkt-till-punkt.\" width=\"357\" height=\"327\" srcset=\"https:\/\/rcsyd.se\/emq\/wp-content\/uploads\/sites\/25\/2025\/12\/Overforing-via-punkt-till-punkt.jpg 357w, https:\/\/rcsyd.se\/emq\/wp-content\/uploads\/sites\/25\/2025\/12\/Overforing-via-punkt-till-punkt-300x275.jpg 300w\" sizes=\"(max-width: 357px) 100vw, 357px\" \/><\/a><figcaption id=\"caption-attachment-4196\" class=\"wp-caption-text\">Figur 2. Data\u00f6verf\u00f6ring via punkt-till-punktl\u00f6sning.<\/figcaption><\/figure>\n<ol>\n<li>Skolsk\u00f6terskan journalf\u00f6r elevens bes\u00f6k.<\/li>\n<li>Data sammanst\u00e4lls i v\u00e5rdgivarens datalager.<\/li>\n<li>Data s\u00e4nds till Omdas tj\u00e4nsteplattform.<\/li>\n<li>Data l\u00e4ses in i EMQ.<\/li>\n<\/ol>\n<p>Journalleverant\u00f6r Prorenata har en punkt-till-punktl\u00f6sning.<\/p>\n<p><a href=\"https:\/\/prorenata.se\/\" target=\"_blank\" rel=\"noopener\">Klicka h\u00e4r f\u00f6r att komma till Prorenatas hemsida.<\/a><\/p>\n","protected":false},"excerpt":{"rendered":"<p>\u00d6verf\u00f6ring av data P\u00e5 denna sida beskriver vi hur data \u00f6verf\u00f6rs till EMQ (Nationellt kvalitetsregister f\u00f6r elevh\u00e4lsans medicinska insats). S\u00e5 \u00f6verf\u00f6rs data All insamling av data till EMQ sker genom journalsystem. Ingen dubbeldokumentation sker och \u00f6verf\u00f6ringen \u00e4r automatiserad. EMQ har som m\u00e5l att all \u00f6verf\u00f6ring av kvalitetsdata fr\u00e5n verksamheten ska ske via automatiserade fl\u00f6den enligt&#8230; <a class=\"read-more\" href=\"https:\/\/rcsyd.se\/emq\/registrering\/overforing-av-data\">L\u00e4s mer<\/a><\/p>\n","protected":false},"author":3,"featured_media":0,"parent":3694,"menu_order":0,"comment_status":"closed","ping_status":"closed","template":"","meta":{"_acf_changed":false,"footnotes":""},"acf":[],"_links":{"self":[{"href":"https:\/\/rcsyd.se\/emq\/wp-json\/wp\/v2\/pages\/3685"}],"collection":[{"href":"https:\/\/rcsyd.se\/emq\/wp-json\/wp\/v2\/pages"}],"about":[{"href":"https:\/\/rcsyd.se\/emq\/wp-json\/wp\/v2\/types\/page"}],"author":[{"embeddable":true,"href":"https:\/\/rcsyd.se\/emq\/wp-json\/wp\/v2\/users\/3"}],"replies":[{"embeddable":true,"href":"https:\/\/rcsyd.se\/emq\/wp-json\/wp\/v2\/comments?post=3685"}],"version-history":[{"count":9,"href":"https:\/\/rcsyd.se\/emq\/wp-json\/wp\/v2\/pages\/3685\/revisions"}],"predecessor-version":[{"id":4210,"href":"https:\/\/rcsyd.se\/emq\/wp-json\/wp\/v2\/pages\/3685\/revisions\/4210"}],"up":[{"embeddable":true,"href":"https:\/\/rcsyd.se\/emq\/wp-json\/wp\/v2\/pages\/3694"}],"wp:attachment":[{"href":"https:\/\/rcsyd.se\/emq\/wp-json\/wp\/v2\/media?parent=3685"}],"curies":[{"name":"wp","href":"https:\/\/api.w.org\/{rel}","templated":true}]}}