{"id":3680,"date":"2024-08-12T09:21:18","date_gmt":"2024-08-12T09:21:18","guid":{"rendered":"https:\/\/rcsyd.se\/emq\/?page_id=3680"},"modified":"2025-12-30T15:50:33","modified_gmt":"2025-12-30T15:50:33","slug":"patientinformation","status":"publish","type":"page","link":"https:\/\/rcsyd.se\/emq\/patientinformation","title":{"rendered":"Patientinformation"},"content":{"rendered":"<h1>Patientinformation<\/h1>\n<p>Information som samlas i ett kvalitetsregister anv\u00e4nds f\u00f6r att utv\u00e4rdera och f\u00f6rb\u00e4ttra v\u00e5rden. Du ska alltid bli informerad innan dina uppgifter l\u00e4mnas till ett nationellt kvalitetsregister.<\/p>\n<h2>Vad \u00e4r nationella kvalitetsregister?<\/h2>\n<p>Syftet med nationella kvalitetsregister a\u0308r att insamlade uppgifter ska anva\u0308ndas till att fo\u0308rba\u0308ttra ha\u0308lso- och sjukva\u030ardens arbete med va\u030arden, fra\u0308mja ha\u0308lsa och fo\u0308rebygga oha\u0308lsa. Pa\u030a nationell, regional och lokal niva\u030a kan ha\u0308lso- och sjukva\u030arden fo\u0308lja och se fo\u0308ra\u0308ndringar av elevers ha\u0308lsa o\u0308ver tid samt ja\u0308mfo\u0308ra olika arbetssa\u0308tt och behandlingsmetoder. Det a\u0308r av stor vikt att sa\u030a ma\u030anga som mo\u0308jligt la\u0308mnar sitt bidrag till kvalitetsregistren, vilket o\u0308kar tillfo\u0308rlitligheten pa\u030a resultat och utva\u0308rdering. Resultaten ska anva\u0308ndas i verksamheternas kontinuerliga fo\u0308rba\u0308ttringsarbete fo\u0308r att uppna\u030a en ja\u0308mn standard av tj\u00e4nster och va\u030ard i Sverige.<\/p>\n<p>Du kan l\u00e4sa mer information om kvalitetsregister hos 1177.<\/p>\n<p><a href=\"https:\/\/www.1177.se\/Kalmar-lan\/sa-fungerar-varden\/lagar-och-bestammelser\/nationella-kvalitetsregister\/\" target=\"_blank\" rel=\"noopener\">Klicka h\u00e4r f\u00f6r att komma till mer information hos 1177.<\/a><\/p>\n<h2>Var med och hj\u00e4lp oss i v\u00e5rt f\u00f6rb\u00e4ttringsarbete!<\/h2>\n<p>Enligt skollagen ska elevh\u00e4lsans medicinska insatser, tidigare kallad skolh\u00e4lsov\u00e5rden, erbjuda h\u00e4lsofr\u00e4mjande och f\u00f6rebyggande insatser till elever under skoltiden. F\u00f6r att st\u00e4ndigt f\u00f6rb\u00e4ttra arbetet med elevers h\u00e4lsa finns ett nationellt kvalitetsregister, EMQ (Nationellt kvalitetsregister f\u00f6r elevh\u00e4lsans medicinska insats). Det \u00e4r verksamheten samt skolsk\u00f6terskor och skoll\u00e4kare som utvecklar, driver och \u00f6verf\u00f6r uppgifter till EMQ. Syftet med kvalitetsregistret \u00e4r att m\u00f6jligg\u00f6ra ett kontinuerligt f\u00f6rb\u00e4ttringsarbete, skapa en likv\u00e4rdig elevh\u00e4lsa samt bedriva forskning.<\/p>\n<p>Genom att vara med i det nationella kvalitetsregistret f\u00f6r elevh\u00e4lsans medicinska insatser bidrar du till att f\u00f6rb\u00e4ttra elevh\u00e4lsans verksamhet. Deltagandet i registret \u00e4r frivilligt och p\u00e5verkar inte de insatser du f\u00e5r. Uppgifterna anv\u00e4nds f\u00f6r att f\u00f6rb\u00e4ttra arbetet med barns h\u00e4lsa och g\u00f6ra det m\u00f6jligt att j\u00e4mf\u00f6ra barns h\u00e4lsa mellan v\u00e5rdgivare i landet. Resultaten anv\u00e4nder din v\u00e5rdgivare sedan i sitt f\u00f6rb\u00e4ttringsarbete. Kvalitetsregistret bidrar till ny kunskap om barns h\u00e4lsa och ju fler som deltar desto s\u00e4krare blir resultaten.<\/p>\n<h2>Uppgifter som inh\u00e4mtas<\/h2>\n<p>Inh\u00e4mtade h\u00e4lsouppgifter fr\u00e5n h\u00e4lsounders\u00f6kningar och h\u00e4lsosamtal sammanst\u00e4lls i kvalitetsregistret. Det g\u00e5r endast att se resultat p\u00e5 elevers h\u00e4lsa p\u00e5 gruppniv\u00e5, vilket inneb\u00e4r att enskild elev inte kan identifieras.<\/p>\n<p>Elevers personnummer finns i kvalitetsregistret av tv\u00e5 sk\u00e4l. Det ena \u00e4r att om en elev v\u00e4ljer att inte delta s\u00e5 ska denne kunna identifieras f\u00f6r att data ska kunna raderas. Det andra \u00e4r om forskning kommer att bedrivas p\u00e5 elevers h\u00e4lsa, detta f\u00f6ruts\u00e4tter dock att etisk pr\u00f6vningsn\u00e4mnd har pr\u00f6vat och beviljat att den forskning som avses kan bedrivas.<\/p>\n<p>Du kan l\u00e4sa mer om hantering av data och patientens och v\u00e5rdnadshavarens r\u00e4ttigheter via menyn till v\u00e4nster.<\/p>\n<p>I registret finns ocks\u00e5 en variabellista d\u00e4r du kan se vilka enskilda h\u00e4lsouppgifter som registret f\u00f6ljer upp.<\/p>\n<p><a href=\"https:\/\/rcsyd.se\/emq\/wp-content\/uploads\/sites\/25\/2025\/12\/Variabellista-for-EMQ.pdf\" target=\"_blank\" rel=\"noopener\">Klicka h\u00e4r f\u00f6r att se variabellistan<\/a> (PDF-format, 182 kB).<\/p>\n<h2>Informationsblad p\u00e5 olika spr\u00e5k<\/h2>\n<p><a href=\"https:\/\/rcsyd.se\/emq\/registrering\/informationsblad-om-emq-pa-olika-sprak\">Klicka h\u00e4r f\u00f6r att komma till informationsblad om EMQ p\u00e5 olika spr\u00e5k.<\/a><\/p>\n","protected":false},"excerpt":{"rendered":"<p>Patientinformation Information som samlas i ett kvalitetsregister anv\u00e4nds f\u00f6r att utv\u00e4rdera och f\u00f6rb\u00e4ttra v\u00e5rden. Du ska alltid bli informerad innan dina uppgifter l\u00e4mnas till ett nationellt kvalitetsregister. Vad \u00e4r nationella kvalitetsregister? Syftet med nationella kvalitetsregister a\u0308r att insamlade uppgifter ska anva\u0308ndas till att fo\u0308rba\u0308ttra ha\u0308lso- och sjukva\u030ardens arbete med va\u030arden, fra\u0308mja ha\u0308lsa och fo\u0308rebygga oha\u0308lsa&#8230;. <a class=\"read-more\" href=\"https:\/\/rcsyd.se\/emq\/patientinformation\">L\u00e4s mer<\/a><\/p>\n","protected":false},"author":3,"featured_media":0,"parent":0,"menu_order":0,"comment_status":"closed","ping_status":"closed","template":"","meta":{"_acf_changed":false,"footnotes":""},"acf":[],"_links":{"self":[{"href":"https:\/\/rcsyd.se\/emq\/wp-json\/wp\/v2\/pages\/3680"}],"collection":[{"href":"https:\/\/rcsyd.se\/emq\/wp-json\/wp\/v2\/pages"}],"about":[{"href":"https:\/\/rcsyd.se\/emq\/wp-json\/wp\/v2\/types\/page"}],"author":[{"embeddable":true,"href":"https:\/\/rcsyd.se\/emq\/wp-json\/wp\/v2\/users\/3"}],"replies":[{"embeddable":true,"href":"https:\/\/rcsyd.se\/emq\/wp-json\/wp\/v2\/comments?post=3680"}],"version-history":[{"count":23,"href":"https:\/\/rcsyd.se\/emq\/wp-json\/wp\/v2\/pages\/3680\/revisions"}],"predecessor-version":[{"id":4216,"href":"https:\/\/rcsyd.se\/emq\/wp-json\/wp\/v2\/pages\/3680\/revisions\/4216"}],"wp:attachment":[{"href":"https:\/\/rcsyd.se\/emq\/wp-json\/wp\/v2\/media?parent=3680"}],"curies":[{"name":"wp","href":"https:\/\/api.w.org\/{rel}","templated":true}]}}