{"id":3669,"date":"2024-08-12T09:10:45","date_gmt":"2024-08-12T09:10:45","guid":{"rendered":"https:\/\/rcsyd.se\/emq\/?page_id=3669"},"modified":"2025-12-30T23:44:05","modified_gmt":"2025-12-30T23:44:05","slug":"lankar","status":"publish","type":"page","link":"https:\/\/rcsyd.se\/emq\/lankar","title":{"rendered":"L\u00e4nkar"},"content":{"rendered":"<h1 align=\"left\">L\u00e4nkar<\/h1>\n<p><strong>Nationella kvalitetsregister<\/strong><br \/>\n<a href=\"https:\/\/kunskapsstyrningvard.se\/kunskapsstyrningvard\/datauppfoljningochanalys\/kvalitetsregister.66155.html\" target=\"_blank\" rel=\"noopener noreferrer\">Klicka h\u00e4r f\u00f6r att komma till extern sida med mer information.<\/a><\/p>\n<p><strong>Registercentrum Syd (RC Syd)<\/strong><br \/>\n<a href=\"https:\/\/rcsyd.se\" target=\"_blank\" rel=\"noopener noreferrer\">Klicka h\u00e4r f\u00f6r att komma till extern sida med mer information.<\/a><\/p>\n<p><strong>Riksf\u00f6reningen f\u00f6r skolsk\u00f6terskor<\/strong><br \/>\n<a href=\"https:\/\/swenurse.se\/sektionerochnatverk\/riksforeningenforskolskoterskor\" target=\"_blank\" rel=\"noopener\">Klicka h\u00e4r f\u00f6r att komma till extern sida med mer information.<\/a><\/p>\n<p><strong>Svenska Barnh\u00e4lsov\u00e5rdsregistret<\/strong><br \/>\n<a href=\"https:\/\/bhvq.se\/\" target=\"_blank\" rel=\"noopener\">Klicka h\u00e4r f\u00f6r att komma till extern sida med mer information.<\/a><\/p>\n<p><strong>Svenska skoll\u00e4karf\u00f6reningen<\/strong><br \/>\n<a href=\"https:\/\/slf.se\/svenska-skollakarforeningen\/\" target=\"_blank\" rel=\"noopener\">Klicka h\u00e4r f\u00f6r att komma till extern sida med mer information.<\/a><\/p>\n<p><strong>Sveriges Kommuner och Regioner (SKR)<\/strong><br \/>\n<a href=\"http:\/\/www.skr.se\/\" target=\"_blank\" rel=\"noopener noreferrer\">Klicka h\u00e4r f\u00f6r att komma till extern sida med mer information.<\/a><\/p>\n<p><strong>Valideringshandbok fr\u00e5n Nationella kvalitetsregister<\/strong><br \/>\n<a href=\"https:\/\/skr.se\/kvalitetsregister\/drivaregister\/valideringshandbok.54585.html\" target=\"_blank\" rel=\"noopener\">Klicka h\u00e4r f\u00f6r att komma till extern sida med mer information.<\/a><\/p>\n","protected":false},"excerpt":{"rendered":"<p>L\u00e4nkar Nationella kvalitetsregister Klicka h\u00e4r f\u00f6r att komma till extern sida med mer information. Registercentrum Syd (RC Syd) Klicka h\u00e4r f\u00f6r att komma till extern sida med mer information. Riksf\u00f6reningen f\u00f6r skolsk\u00f6terskor Klicka h\u00e4r f\u00f6r att komma till extern sida med mer information. Svenska Barnh\u00e4lsov\u00e5rdsregistret Klicka h\u00e4r f\u00f6r att komma till extern sida med mer&#8230; <a class=\"read-more\" href=\"https:\/\/rcsyd.se\/emq\/lankar\">L\u00e4s mer<\/a><\/p>\n","protected":false},"author":3,"featured_media":0,"parent":0,"menu_order":0,"comment_status":"closed","ping_status":"closed","template":"","meta":{"_acf_changed":false,"footnotes":""},"acf":[],"_links":{"self":[{"href":"https:\/\/rcsyd.se\/emq\/wp-json\/wp\/v2\/pages\/3669"}],"collection":[{"href":"https:\/\/rcsyd.se\/emq\/wp-json\/wp\/v2\/pages"}],"about":[{"href":"https:\/\/rcsyd.se\/emq\/wp-json\/wp\/v2\/types\/page"}],"author":[{"embeddable":true,"href":"https:\/\/rcsyd.se\/emq\/wp-json\/wp\/v2\/users\/3"}],"replies":[{"embeddable":true,"href":"https:\/\/rcsyd.se\/emq\/wp-json\/wp\/v2\/comments?post=3669"}],"version-history":[{"count":8,"href":"https:\/\/rcsyd.se\/emq\/wp-json\/wp\/v2\/pages\/3669\/revisions"}],"predecessor-version":[{"id":4267,"href":"https:\/\/rcsyd.se\/emq\/wp-json\/wp\/v2\/pages\/3669\/revisions\/4267"}],"wp:attachment":[{"href":"https:\/\/rcsyd.se\/emq\/wp-json\/wp\/v2\/media?parent=3669"}],"curies":[{"name":"wp","href":"https:\/\/api.w.org\/{rel}","templated":true}]}}