{"id":3661,"date":"2024-08-12T08:27:16","date_gmt":"2024-08-12T08:27:16","guid":{"rendered":"https:\/\/rcsyd.se\/emq\/?page_id=3661"},"modified":"2025-12-29T15:01:17","modified_gmt":"2025-12-29T15:01:17","slug":"styrgrupp","status":"publish","type":"page","link":"https:\/\/rcsyd.se\/emq\/om-emq\/styrgrupp","title":{"rendered":"Styrgrupp"},"content":{"rendered":"<h1>Styrgrupp<\/h1>\n<h2>Registerh\u00e5llare<\/h2>\n<p>Vakant<\/p>\n<h2>\u00d6vriga styrgruppsmedlemmar<\/h2>\n<p><strong>Carina Andersson<\/strong><br \/>\nH\u00e4lsostrateg<br \/>\nRegion Blekinge<\/p>\n<p><strong>Christina Harang<\/strong><br \/>\nVerksamhetschef EMI (elevh\u00e4lsans medicinska insats)<br \/>\nRonneby kommun<\/p>\n<p><strong>Marina Lundquist<\/strong><br \/>\nVerksamhetschef EMI<br \/>\n\u00d6rebro kommun<\/p>\n<p><strong>Nadia Kuritz\u00e9n<\/strong><br \/>\nVice ordf\u00f6rande<br \/>\nSveriges Elevr\u00e5d<\/p>\n<p><strong>Tina P\u00e5lsson<\/strong><br \/>\nSystemledare PMO (Profdoc Medical Office)\/medicinskt ledningsansvarig skolsk\u00f6terska<br \/>\nKarlskrona kommun<\/p>\n<p><strong>\u00c5sa Borulf<\/strong><br \/>\nSkolh\u00e4lsov\u00e5rds\u00f6verl\u00e4kare EMI<br \/>\n\u00d6rebro kommun<\/p>\n","protected":false},"excerpt":{"rendered":"<p>Styrgrupp Registerh\u00e5llare Vakant \u00d6vriga styrgruppsmedlemmar Carina Andersson H\u00e4lsostrateg Region Blekinge Christina Harang Verksamhetschef EMI (elevh\u00e4lsans medicinska insats) Ronneby kommun Marina Lundquist Verksamhetschef EMI \u00d6rebro kommun Nadia Kuritz\u00e9n Vice ordf\u00f6rande Sveriges Elevr\u00e5d Tina P\u00e5lsson Systemledare PMO (Profdoc Medical Office)\/medicinskt ledningsansvarig skolsk\u00f6terska Karlskrona kommun \u00c5sa Borulf Skolh\u00e4lsov\u00e5rds\u00f6verl\u00e4kare EMI \u00d6rebro kommun<\/p>\n","protected":false},"author":3,"featured_media":0,"parent":3654,"menu_order":0,"comment_status":"closed","ping_status":"closed","template":"","meta":{"_acf_changed":false,"footnotes":""},"acf":[],"_links":{"self":[{"href":"https:\/\/rcsyd.se\/emq\/wp-json\/wp\/v2\/pages\/3661"}],"collection":[{"href":"https:\/\/rcsyd.se\/emq\/wp-json\/wp\/v2\/pages"}],"about":[{"href":"https:\/\/rcsyd.se\/emq\/wp-json\/wp\/v2\/types\/page"}],"author":[{"embeddable":true,"href":"https:\/\/rcsyd.se\/emq\/wp-json\/wp\/v2\/users\/3"}],"replies":[{"embeddable":true,"href":"https:\/\/rcsyd.se\/emq\/wp-json\/wp\/v2\/comments?post=3661"}],"version-history":[{"count":7,"href":"https:\/\/rcsyd.se\/emq\/wp-json\/wp\/v2\/pages\/3661\/revisions"}],"predecessor-version":[{"id":4137,"href":"https:\/\/rcsyd.se\/emq\/wp-json\/wp\/v2\/pages\/3661\/revisions\/4137"}],"up":[{"embeddable":true,"href":"https:\/\/rcsyd.se\/emq\/wp-json\/wp\/v2\/pages\/3654"}],"wp:attachment":[{"href":"https:\/\/rcsyd.se\/emq\/wp-json\/wp\/v2\/media?parent=3661"}],"curies":[{"name":"wp","href":"https:\/\/api.w.org\/{rel}","templated":true}]}}