{"id":3654,"date":"2024-08-12T08:19:25","date_gmt":"2024-08-12T08:19:25","guid":{"rendered":"https:\/\/rcsyd.se\/emq\/?page_id=3654"},"modified":"2026-03-18T13:41:46","modified_gmt":"2026-03-18T13:41:46","slug":"om-emq","status":"publish","type":"page","link":"https:\/\/rcsyd.se\/emq\/om-emq","title":{"rendered":"Om EMQ"},"content":{"rendered":"<h1>Om EMQ<\/h1>\n<p>Nationellt kvalitetsregister f\u00f6r elevh\u00e4lsans medicinska insats (EMQ) \u00e4r en unik k\u00e4lla till att f\u00f6lja barns h\u00e4lsa och levnadsvanor \u00f6ver tid i f\u00f6rskoleklass\/skol\u00e5r 1, skol\u00e5r 4, skol\u00e5r 7\/8 och skol\u00e5r 1 p\u00e5 gymnasiet, beroende p\u00e5 i vilket skol\u00e5r v\u00e5rdgivaren v\u00e4ljer att genomf\u00f6ra h\u00e4lsobes\u00f6ket. Alla v\u00e5rdgivare kan bidra med att ge en samlad bild av barns h\u00e4lsa och levnadsvanor.<\/p>\n<p>EMQ g\u00f6r det m\u00f6jligt f\u00f6r alla intresserade att p\u00e5 nationell, regional och kommunal niv\u00e5 f\u00f6lja barns h\u00e4lsa och levnadsvanor \u00f6ver tid och se f\u00f6r\u00e4ndringar online. Den enskilda v\u00e5rdgivaren med sin medicinska elevh\u00e4lsa (EMI) kan ocks\u00e5 f\u00f6lja f\u00f6r\u00e4ndringar online av barns h\u00e4lsa och levnadsvanor p\u00e5 skolniv\u00e5 \u00f6ver tid. Den enskilda v\u00e5rdgivaren kan j\u00e4mf\u00f6ra sig p\u00e5 nationell, regional och kommunal niv\u00e5 med andra v\u00e5rdgivare och se i vilken grad EMI:s insatser kommer barn till del i Sverige, exempelvis g\u00e4llande tillg\u00e5ng till skolsk\u00f6terskor och skoll\u00e4kare.<\/p>\n<p>Data fr\u00e5n EMQ kan anv\u00e4nds f\u00f6r lokalt f\u00f6rb\u00e4ttringsarbete och verksamhetsuppf\u00f6ljning f\u00f6r den enskilda v\u00e5rdgivaren samt till forskning. Kommuner och regioner kan i samverkan anv\u00e4nda onlinedata fr\u00e5n EMQ f\u00f6r utveckling av h\u00e4lsofr\u00e4mjande och f\u00f6rebyggande insatser f\u00f6r barn. EMQ:s onlinedata kan ocks\u00e5 anv\u00e4ndas nationellt f\u00f6r utvecklingsarbete och uppf\u00f6ljning.<\/p>\n<p>F\u00f6r varje kvalitetsregister m\u00e5ste det finnas en CPUA-myndighet som \u00e4r ansvarig f\u00f6r att registerdata hanteras p\u00e5 ett juridiskt korrekt s\u00e4tt. F\u00f6rkortningen CPUA st\u00e5r f\u00f6r centralt personuppgiftsansvar. CPUA f\u00f6r EMQ \u00e4r Region Sk\u00e5ne.<\/p>\n<p>Via menyn till v\u00e4nster hittar du mer information om EMQ.<\/p>\n","protected":false},"excerpt":{"rendered":"<p>Om EMQ Nationellt kvalitetsregister f\u00f6r elevh\u00e4lsans medicinska insats (EMQ) \u00e4r en unik k\u00e4lla till att f\u00f6lja barns h\u00e4lsa och levnadsvanor \u00f6ver tid i f\u00f6rskoleklass\/skol\u00e5r 1, skol\u00e5r 4, skol\u00e5r 7\/8 och skol\u00e5r 1 p\u00e5 gymnasiet, beroende p\u00e5 i vilket skol\u00e5r v\u00e5rdgivaren v\u00e4ljer att genomf\u00f6ra h\u00e4lsobes\u00f6ket. Alla v\u00e5rdgivare kan bidra med att ge en samlad bild av&#8230; <a class=\"read-more\" href=\"https:\/\/rcsyd.se\/emq\/om-emq\">L\u00e4s mer<\/a><\/p>\n","protected":false},"author":3,"featured_media":0,"parent":0,"menu_order":0,"comment_status":"closed","ping_status":"closed","template":"","meta":{"_acf_changed":false,"footnotes":""},"acf":[],"_links":{"self":[{"href":"https:\/\/rcsyd.se\/emq\/wp-json\/wp\/v2\/pages\/3654"}],"collection":[{"href":"https:\/\/rcsyd.se\/emq\/wp-json\/wp\/v2\/pages"}],"about":[{"href":"https:\/\/rcsyd.se\/emq\/wp-json\/wp\/v2\/types\/page"}],"author":[{"embeddable":true,"href":"https:\/\/rcsyd.se\/emq\/wp-json\/wp\/v2\/users\/3"}],"replies":[{"embeddable":true,"href":"https:\/\/rcsyd.se\/emq\/wp-json\/wp\/v2\/comments?post=3654"}],"version-history":[{"count":13,"href":"https:\/\/rcsyd.se\/emq\/wp-json\/wp\/v2\/pages\/3654\/revisions"}],"predecessor-version":[{"id":4301,"href":"https:\/\/rcsyd.se\/emq\/wp-json\/wp\/v2\/pages\/3654\/revisions\/4301"}],"wp:attachment":[{"href":"https:\/\/rcsyd.se\/emq\/wp-json\/wp\/v2\/media?parent=3654"}],"curies":[{"name":"wp","href":"https:\/\/api.w.org\/{rel}","templated":true}]}}