{"id":3646,"date":"2024-08-08T10:03:15","date_gmt":"2024-08-08T10:03:15","guid":{"rendered":"https:\/\/rcsyd.se\/emq\/?page_id=3646"},"modified":"2025-12-29T11:40:19","modified_gmt":"2025-12-29T11:40:19","slug":"arsrapporter-och-verksamhetsberattelser","status":"publish","type":"page","link":"https:\/\/rcsyd.se\/emq\/publikationer\/arsrapporter-och-verksamhetsberattelser","title":{"rendered":"\u00c5rsrapporter och verksamhetsber\u00e4ttelser"},"content":{"rendered":"<h1>\u00c5rsrapporter och verksamhetsber\u00e4ttelser<\/h1>\n<p>Via nedladdningsboxen p\u00e5 denna sida hittar du nedladdningsbara \u00e5rsrapporter och verksamhetsber\u00e4ttelser fr\u00e5n EMQ (Nationellt kvalitetsregister f\u00f6r elevh\u00e4lsans medicinska insats).<\/p>\n","protected":false},"excerpt":{"rendered":"<p>\u00c5rsrapporter och verksamhetsber\u00e4ttelser Via nedladdningsboxen p\u00e5 denna sida hittar du nedladdningsbara \u00e5rsrapporter och verksamhetsber\u00e4ttelser fr\u00e5n EMQ (Nationellt kvalitetsregister f\u00f6r elevh\u00e4lsans medicinska insats).<\/p>\n","protected":false},"author":3,"featured_media":0,"parent":3635,"menu_order":0,"comment_status":"closed","ping_status":"closed","template":"","meta":{"_acf_changed":false,"footnotes":""},"acf":[],"_links":{"self":[{"href":"https:\/\/rcsyd.se\/emq\/wp-json\/wp\/v2\/pages\/3646"}],"collection":[{"href":"https:\/\/rcsyd.se\/emq\/wp-json\/wp\/v2\/pages"}],"about":[{"href":"https:\/\/rcsyd.se\/emq\/wp-json\/wp\/v2\/types\/page"}],"author":[{"embeddable":true,"href":"https:\/\/rcsyd.se\/emq\/wp-json\/wp\/v2\/users\/3"}],"replies":[{"embeddable":true,"href":"https:\/\/rcsyd.se\/emq\/wp-json\/wp\/v2\/comments?post=3646"}],"version-history":[{"count":11,"href":"https:\/\/rcsyd.se\/emq\/wp-json\/wp\/v2\/pages\/3646\/revisions"}],"predecessor-version":[{"id":4121,"href":"https:\/\/rcsyd.se\/emq\/wp-json\/wp\/v2\/pages\/3646\/revisions\/4121"}],"up":[{"embeddable":true,"href":"https:\/\/rcsyd.se\/emq\/wp-json\/wp\/v2\/pages\/3635"}],"wp:attachment":[{"href":"https:\/\/rcsyd.se\/emq\/wp-json\/wp\/v2\/media?parent=3646"}],"curies":[{"name":"wp","href":"https:\/\/api.w.org\/{rel}","templated":true}]}}