{"id":3641,"date":"2024-08-08T10:00:00","date_gmt":"2024-08-08T10:00:00","guid":{"rendered":"https:\/\/rcsyd.se\/emq\/?page_id=3641"},"modified":"2025-12-30T23:17:33","modified_gmt":"2025-12-30T23:17:33","slug":"ovriga-publikationer","status":"publish","type":"page","link":"https:\/\/rcsyd.se\/emq\/publikationer\/ovriga-publikationer","title":{"rendered":"\u00d6vriga publikationer"},"content":{"rendered":"<h1>\u00d6vriga publikationer<\/h1>\n<p>P\u00e5 denna sida finner du \u00f6vriga publikationer som EMQ (Nationellt kvalitetsregister f\u00f6r elevh\u00e4lsans medicinska insats) medverkat i.<\/p>\n<p><em>Just nu finns inga \u00f6vriga publikationer tillg\u00e4ngliga.<\/em><\/p>\n","protected":false},"excerpt":{"rendered":"<p>\u00d6vriga publikationer P\u00e5 denna sida finner du \u00f6vriga publikationer som EMQ (Nationellt kvalitetsregister f\u00f6r elevh\u00e4lsans medicinska insats) medverkat i. Just nu finns inga \u00f6vriga publikationer tillg\u00e4ngliga.<\/p>\n","protected":false},"author":3,"featured_media":0,"parent":3635,"menu_order":0,"comment_status":"closed","ping_status":"closed","template":"","meta":{"_acf_changed":false,"footnotes":""},"acf":[],"_links":{"self":[{"href":"https:\/\/rcsyd.se\/emq\/wp-json\/wp\/v2\/pages\/3641"}],"collection":[{"href":"https:\/\/rcsyd.se\/emq\/wp-json\/wp\/v2\/pages"}],"about":[{"href":"https:\/\/rcsyd.se\/emq\/wp-json\/wp\/v2\/types\/page"}],"author":[{"embeddable":true,"href":"https:\/\/rcsyd.se\/emq\/wp-json\/wp\/v2\/users\/3"}],"replies":[{"embeddable":true,"href":"https:\/\/rcsyd.se\/emq\/wp-json\/wp\/v2\/comments?post=3641"}],"version-history":[{"count":4,"href":"https:\/\/rcsyd.se\/emq\/wp-json\/wp\/v2\/pages\/3641\/revisions"}],"predecessor-version":[{"id":4262,"href":"https:\/\/rcsyd.se\/emq\/wp-json\/wp\/v2\/pages\/3641\/revisions\/4262"}],"up":[{"embeddable":true,"href":"https:\/\/rcsyd.se\/emq\/wp-json\/wp\/v2\/pages\/3635"}],"wp:attachment":[{"href":"https:\/\/rcsyd.se\/emq\/wp-json\/wp\/v2\/media?parent=3641"}],"curies":[{"name":"wp","href":"https:\/\/api.w.org\/{rel}","templated":true}]}}