{"id":3593,"date":"2024-08-08T10:02:14","date_gmt":"2024-08-08T10:02:14","guid":{"rendered":"https:\/\/rcsyd.se\/emq\/?page_id=3593"},"modified":"2025-12-30T23:16:14","modified_gmt":"2025-12-30T23:16:14","slug":"vetenskapliga-publikationer","status":"publish","type":"page","link":"https:\/\/rcsyd.se\/emq\/publikationer\/vetenskapliga-publikationer","title":{"rendered":"Vetenskapliga publikationer"},"content":{"rendered":"<h1>Vetenskapliga publikationer<\/h1>\n<p>P\u00e5 denna sida finner du vetenskapliga publikationer som EMQ (Nationellt kvalitetsregister f\u00f6r elevh\u00e4lsans medicinska insats) medverkat i.<\/p>\n<p><em>Just nu finns inga vetenskapliga publikationer tillg\u00e4ngliga.<\/em><\/p>\n","protected":false},"excerpt":{"rendered":"<p>Vetenskapliga publikationer P\u00e5 denna sida finner du vetenskapliga publikationer som EMQ (Nationellt kvalitetsregister f\u00f6r elevh\u00e4lsans medicinska insats) medverkat i. Just nu finns inga vetenskapliga publikationer tillg\u00e4ngliga.<\/p>\n","protected":false},"author":3,"featured_media":0,"parent":3635,"menu_order":0,"comment_status":"closed","ping_status":"closed","template":"","meta":{"_acf_changed":false,"footnotes":""},"acf":[],"_links":{"self":[{"href":"https:\/\/rcsyd.se\/emq\/wp-json\/wp\/v2\/pages\/3593"}],"collection":[{"href":"https:\/\/rcsyd.se\/emq\/wp-json\/wp\/v2\/pages"}],"about":[{"href":"https:\/\/rcsyd.se\/emq\/wp-json\/wp\/v2\/types\/page"}],"author":[{"embeddable":true,"href":"https:\/\/rcsyd.se\/emq\/wp-json\/wp\/v2\/users\/3"}],"replies":[{"embeddable":true,"href":"https:\/\/rcsyd.se\/emq\/wp-json\/wp\/v2\/comments?post=3593"}],"version-history":[{"count":9,"href":"https:\/\/rcsyd.se\/emq\/wp-json\/wp\/v2\/pages\/3593\/revisions"}],"predecessor-version":[{"id":4260,"href":"https:\/\/rcsyd.se\/emq\/wp-json\/wp\/v2\/pages\/3593\/revisions\/4260"}],"up":[{"embeddable":true,"href":"https:\/\/rcsyd.se\/emq\/wp-json\/wp\/v2\/pages\/3635"}],"wp:attachment":[{"href":"https:\/\/rcsyd.se\/emq\/wp-json\/wp\/v2\/media?parent=3593"}],"curies":[{"name":"wp","href":"https:\/\/api.w.org\/{rel}","templated":true}]}}