{"id":3537,"date":"2024-08-08T10:01:13","date_gmt":"2024-08-08T10:01:13","guid":{"rendered":"https:\/\/rcsyd.se\/emq\/?page_id=3537"},"modified":"2026-02-04T15:50:57","modified_gmt":"2026-02-04T15:50:57","slug":"forskning","status":"publish","type":"page","link":"https:\/\/rcsyd.se\/emq\/forskning","title":{"rendered":"Forskning"},"content":{"rendered":"<h1>Forskning<\/h1>\n<p>\u00c4r du forskare och vill ha information om hur du anv\u00e4nder kvalitetsregisterdata i forskning? H\u00e4r finns tips p\u00e5 st\u00f6d f\u00f6r ditt arbete.<\/p>\n<h2>Guide f\u00f6r utl\u00e4mnande av data och v\u00e4gledning vid forskning<\/h2>\n<p>Om du vill anv\u00e4nda data fr\u00e5n kvalitetsregister i din forskning kan du hos Kunskapsstyrning h\u00e4lso- och sjukv\u00e5rd l\u00e4sa om hur det g\u00e5r till vid utl\u00e4mnande av data och en v\u00e4gledning g\u00e4llande registerdata i forskning.<br \/>\n<a href=\"https:\/\/kunskapsstyrningvard.se\/kunskapsstyrningvard\/datauppfoljningochanalys\/kvalitetsregister\/medarbetareikvalitetsregister\/datahantering\/lamnautkvalitetsregisterdata.77644.html\" target=\"_blank\" rel=\"noopener noreferrer\">Klicka h\u00e4r f\u00f6r att komma till mer information hos Kunskapsstyrning h\u00e4lso- och sjukv\u00e5rd<\/a>.<\/p>\n<h2>Etikpr\u00f6vningsmyndigheten<\/h2>\n<p><a href=\"https:\/\/etikprovningsmyndigheten.se\/\" target=\"_blank\" rel=\"noopener\">Klicka h\u00e4r f\u00f6r att komma till Etikpr\u00f6vningsmyndighetens hemsida.<\/a><\/p>\n<h2>Vetenskapsr\u00e5dets metadatabasverktyg RUT (Register Utiliser Tool).<\/h2>\n<p><a href=\"https:\/\/rut.registerforskning.se\/\" target=\"_blank\" rel=\"noopener\">Klicka h\u00e4r f\u00f6r att komma till mer information om RUT.<\/a><\/p>\n<h2>Ans\u00f6kan om datauttag f\u00f6r forskning<\/h2>\n<p>Du som \u00e4r forskare och \u00f6nskar g\u00f6ra datauttag f\u00f6r forskning ur registret beh\u00f6ver g\u00f6ra en ans\u00f6kan om detta hos Region Sk\u00e5ne.<br \/>\n<a href=\"https:\/\/www.skane.se\/om-region-skane\/forskning\/for-dig-som-forskar\/personuppgifter-och-patientdata\/kvb-ansokan-for-utlamnande-av-patientdata\/\" target=\"_blank\" rel=\"noopener\">Klicka h\u00e4r f\u00f6r att komma till mer information hos Region Sk\u00e5ne.<\/a><\/p>\n<h2>Fr\u00e5gor och st\u00f6d<\/h2>\n<p>Vid behov av svar p\u00e5 fr\u00e5gor och st\u00f6d g\u00e4llande datauttag kontakta Carina Andersson.<br \/>\nE-post: <a href=\"mailto:carina-c.andersson@regionblekinge.se\">carina-c.andersson@regionblekinge.se<\/a><\/p>\n","protected":false},"excerpt":{"rendered":"<p>Forskning \u00c4r du forskare och vill ha information om hur du anv\u00e4nder kvalitetsregisterdata i forskning? H\u00e4r finns tips p\u00e5 st\u00f6d f\u00f6r ditt arbete. Guide f\u00f6r utl\u00e4mnande av data och v\u00e4gledning vid forskning Om du vill anv\u00e4nda data fr\u00e5n kvalitetsregister i din forskning kan du hos Kunskapsstyrning h\u00e4lso- och sjukv\u00e5rd l\u00e4sa om hur det g\u00e5r till&#8230; <a class=\"read-more\" href=\"https:\/\/rcsyd.se\/emq\/forskning\">L\u00e4s mer<\/a><\/p>\n","protected":false},"author":3,"featured_media":0,"parent":0,"menu_order":0,"comment_status":"closed","ping_status":"closed","template":"","meta":{"_acf_changed":false,"footnotes":""},"acf":[],"_links":{"self":[{"href":"https:\/\/rcsyd.se\/emq\/wp-json\/wp\/v2\/pages\/3537"}],"collection":[{"href":"https:\/\/rcsyd.se\/emq\/wp-json\/wp\/v2\/pages"}],"about":[{"href":"https:\/\/rcsyd.se\/emq\/wp-json\/wp\/v2\/types\/page"}],"author":[{"embeddable":true,"href":"https:\/\/rcsyd.se\/emq\/wp-json\/wp\/v2\/users\/3"}],"replies":[{"embeddable":true,"href":"https:\/\/rcsyd.se\/emq\/wp-json\/wp\/v2\/comments?post=3537"}],"version-history":[{"count":6,"href":"https:\/\/rcsyd.se\/emq\/wp-json\/wp\/v2\/pages\/3537\/revisions"}],"predecessor-version":[{"id":4130,"href":"https:\/\/rcsyd.se\/emq\/wp-json\/wp\/v2\/pages\/3537\/revisions\/4130"}],"wp:attachment":[{"href":"https:\/\/rcsyd.se\/emq\/wp-json\/wp\/v2\/media?parent=3537"}],"curies":[{"name":"wp","href":"https:\/\/api.w.org\/{rel}","templated":true}]}}