{"id":3426,"date":"2024-05-07T11:53:19","date_gmt":"2024-05-07T11:53:19","guid":{"rendered":"https:\/\/rcsyd.se\/emq\/?page_id=3426"},"modified":"2026-02-04T15:57:53","modified_gmt":"2026-02-04T15:57:53","slug":"aktuell-statistik","status":"publish","type":"page","link":"https:\/\/rcsyd.se\/emq\/aktuell-statistik","title":{"rendered":"Onlinedata"},"content":{"rendered":"<h1>Onlinedata<\/h1>\n<p>I EMQ:s (Nationellt kvalitetsregister f\u00f6r elevh\u00e4lsans medicinska insats) utdataportal kan du ta del av data fr\u00e5n registret. Rapporterna i portalen presenteras i \u00e5ldersgrupper per kommun, l\u00e4n och riket. S\u00e4rskild beh\u00f6righet kr\u00e4vs f\u00f6r \u00e5tkomst av data p\u00e5 skolniv\u00e5.<\/p>\n<p><a href=\"https:\/\/emqportal.compos.se\/\" target=\"_blank\" rel=\"noopener\">Klicka h\u00e4r f\u00f6r att komma till statistikportalen.<\/a><\/p>\n<p><a href=\"https:\/\/emqportal.compos.se\/login\" target=\"_blank\" rel=\"noopener\">Klicka h\u00e4r f\u00f6r att komma till inloggningsportalen f\u00f6r data p\u00e5 skolniv\u00e5.<\/a><\/p>\n","protected":false},"excerpt":{"rendered":"<p>Onlinedata I EMQ:s (Nationellt kvalitetsregister f\u00f6r elevh\u00e4lsans medicinska insats) utdataportal kan du ta del av data fr\u00e5n registret. Rapporterna i portalen presenteras i \u00e5ldersgrupper per kommun, l\u00e4n och riket. S\u00e4rskild beh\u00f6righet kr\u00e4vs f\u00f6r \u00e5tkomst av data p\u00e5 skolniv\u00e5. Klicka h\u00e4r f\u00f6r att komma till statistikportalen. Klicka h\u00e4r f\u00f6r att komma till inloggningsportalen f\u00f6r data p\u00e5&#8230; <a class=\"read-more\" href=\"https:\/\/rcsyd.se\/emq\/aktuell-statistik\">L\u00e4s mer<\/a><\/p>\n","protected":false},"author":3,"featured_media":0,"parent":0,"menu_order":0,"comment_status":"closed","ping_status":"closed","template":"templates\/fullpage-template.php","meta":{"_acf_changed":false,"footnotes":""},"acf":[],"_links":{"self":[{"href":"https:\/\/rcsyd.se\/emq\/wp-json\/wp\/v2\/pages\/3426"}],"collection":[{"href":"https:\/\/rcsyd.se\/emq\/wp-json\/wp\/v2\/pages"}],"about":[{"href":"https:\/\/rcsyd.se\/emq\/wp-json\/wp\/v2\/types\/page"}],"author":[{"embeddable":true,"href":"https:\/\/rcsyd.se\/emq\/wp-json\/wp\/v2\/users\/3"}],"replies":[{"embeddable":true,"href":"https:\/\/rcsyd.se\/emq\/wp-json\/wp\/v2\/comments?post=3426"}],"version-history":[{"count":21,"href":"https:\/\/rcsyd.se\/emq\/wp-json\/wp\/v2\/pages\/3426\/revisions"}],"predecessor-version":[{"id":4284,"href":"https:\/\/rcsyd.se\/emq\/wp-json\/wp\/v2\/pages\/3426\/revisions\/4284"}],"wp:attachment":[{"href":"https:\/\/rcsyd.se\/emq\/wp-json\/wp\/v2\/media?parent=3426"}],"curies":[{"name":"wp","href":"https:\/\/api.w.org\/{rel}","templated":true}]}}