{"id":2707,"date":"2024-08-12T08:31:25","date_gmt":"2024-08-12T08:31:25","guid":{"rendered":"https:\/\/rcsyd.se\/emq\/?page_id=2707"},"modified":"2026-04-16T06:32:18","modified_gmt":"2026-04-16T06:32:18","slug":"bakgrund-och-syfte","status":"publish","type":"page","link":"https:\/\/rcsyd.se\/emq\/om-emq\/bakgrund-och-syfte","title":{"rendered":"Bakgrund och syfte"},"content":{"rendered":"<h1>Bakgrund och syfte<\/h1>\n<p>Det \u00f6vergripande syftet med EMQ (Nationellt kvalitetsregister f\u00f6r elevh\u00e4lsans medicinska insats) \u00e4r att f\u00f6lja och utv\u00e4rdera barns och ungdomars h\u00e4lsa och utveckling i skol\u00e5ldrarna.<\/p>\n<p>En nationell samordning av variabler i kvalitetsregistret ska m\u00f6jligg\u00f6ra att<\/p>\n<ul>\n<li>utveckla och utv\u00e4rdera kvaliteten p\u00e5 elevh\u00e4lsans medicinska insatser<\/li>\n<li>bedriva kontinuerligt och systematiskt f\u00f6rb\u00e4ttringsarbete lokalt och nationellt<\/li>\n<li>g\u00f6ra longitudinella och nationella j\u00e4mf\u00f6relser<\/li>\n<li>bedriva forskning.<\/li>\n<\/ul>\n","protected":false},"excerpt":{"rendered":"<p>Bakgrund och syfte Det \u00f6vergripande syftet med EMQ (Nationellt kvalitetsregister f\u00f6r elevh\u00e4lsans medicinska insats) \u00e4r att f\u00f6lja och utv\u00e4rdera barns och ungdomars h\u00e4lsa och utveckling i skol\u00e5ldrarna. En nationell samordning av variabler i kvalitetsregistret ska m\u00f6jligg\u00f6ra att utveckla och utv\u00e4rdera kvaliteten p\u00e5 elevh\u00e4lsans medicinska insatser bedriva kontinuerligt och systematiskt f\u00f6rb\u00e4ttringsarbete lokalt och nationellt g\u00f6ra longitudinella&#8230; <a class=\"read-more\" href=\"https:\/\/rcsyd.se\/emq\/om-emq\/bakgrund-och-syfte\">L\u00e4s mer<\/a><\/p>\n","protected":false},"author":3,"featured_media":0,"parent":3654,"menu_order":0,"comment_status":"closed","ping_status":"closed","template":"","meta":{"_acf_changed":false,"footnotes":""},"acf":[],"_links":{"self":[{"href":"https:\/\/rcsyd.se\/emq\/wp-json\/wp\/v2\/pages\/2707"}],"collection":[{"href":"https:\/\/rcsyd.se\/emq\/wp-json\/wp\/v2\/pages"}],"about":[{"href":"https:\/\/rcsyd.se\/emq\/wp-json\/wp\/v2\/types\/page"}],"author":[{"embeddable":true,"href":"https:\/\/rcsyd.se\/emq\/wp-json\/wp\/v2\/users\/3"}],"replies":[{"embeddable":true,"href":"https:\/\/rcsyd.se\/emq\/wp-json\/wp\/v2\/comments?post=2707"}],"version-history":[{"count":16,"href":"https:\/\/rcsyd.se\/emq\/wp-json\/wp\/v2\/pages\/2707\/revisions"}],"predecessor-version":[{"id":4318,"href":"https:\/\/rcsyd.se\/emq\/wp-json\/wp\/v2\/pages\/2707\/revisions\/4318"}],"up":[{"embeddable":true,"href":"https:\/\/rcsyd.se\/emq\/wp-json\/wp\/v2\/pages\/3654"}],"wp:attachment":[{"href":"https:\/\/rcsyd.se\/emq\/wp-json\/wp\/v2\/media?parent=2707"}],"curies":[{"name":"wp","href":"https:\/\/api.w.org\/{rel}","templated":true}]}}