{"id":3669,"date":"2023-08-19T12:37:54","date_gmt":"2023-08-19T12:37:54","guid":{"rendered":"https:\/\/rcsyd.se\/cornea\/?page_id=3669"},"modified":"2025-04-23T08:22:54","modified_gmt":"2025-04-23T08:22:54","slug":"doktorsavhandlingar","status":"publish","type":"page","link":"https:\/\/rcsyd.se\/cornea\/publikationer\/doktorsavhandlingar","title":{"rendered":"Doktorsavhandlingar"},"content":{"rendered":"<h1>Doktorsavhandlingar<\/h1>\n<h2>2021<\/h2>\n<p>Fuch&#8217;endothelial corneal dystrophy: Genetic aetiology and as a risk factor in cataract surgery, Andreas Viberg, \u00f6gonl\u00e4kare, Norrlands universitetssjukhus, Ume\u00e5 universitet, 2021<\/p>\n<h2>2019<\/h2>\n<p>Aniridia-related keratoplasty: structural changes, signaling pathways and clinical aspects, Andr\u00e9 Vicente, \u00f6gonl\u00e4kare, Norrlands universitetssjukhus, Ume\u00e5 universitet, 2019<\/p>\n<h2>2008<\/h2>\n<p>Corneal transplant outcome \u2013 a Swedish Register, Margareta Claesson, \u00f6gonl\u00e4kare, M\u00f6lndals sjukhus, Shalgrenska Universitetssjukhuset, G\u00f6teborgs universitet, 2008<\/p>\n","protected":false},"excerpt":{"rendered":"<p>Doktorsavhandlingar 2021 Fuch&#8217;endothelial corneal dystrophy: Genetic aetiology and as a risk factor in cataract surgery, Andreas Viberg, \u00f6gonl\u00e4kare, Norrlands universitetssjukhus, Ume\u00e5 universitet, 2021 2019 Aniridia-related keratoplasty: structural changes, signaling pathways and clinical aspects, Andr\u00e9 Vicente, \u00f6gonl\u00e4kare, Norrlands universitetssjukhus, Ume\u00e5 universitet, 2019 2008 Corneal transplant outcome \u2013 a Swedish Register, Margareta Claesson, \u00f6gonl\u00e4kare, M\u00f6lndals sjukhus, Shalgrenska&#8230; <a class=\"read-more\" href=\"https:\/\/rcsyd.se\/cornea\/publikationer\/doktorsavhandlingar\">L\u00e4s mer<\/a><\/p>\n","protected":false},"author":3,"featured_media":0,"parent":3523,"menu_order":0,"comment_status":"closed","ping_status":"closed","template":"","meta":{"_acf_changed":false,"footnotes":""},"acf":[],"_links":{"self":[{"href":"https:\/\/rcsyd.se\/cornea\/wp-json\/wp\/v2\/pages\/3669"}],"collection":[{"href":"https:\/\/rcsyd.se\/cornea\/wp-json\/wp\/v2\/pages"}],"about":[{"href":"https:\/\/rcsyd.se\/cornea\/wp-json\/wp\/v2\/types\/page"}],"author":[{"embeddable":true,"href":"https:\/\/rcsyd.se\/cornea\/wp-json\/wp\/v2\/users\/3"}],"replies":[{"embeddable":true,"href":"https:\/\/rcsyd.se\/cornea\/wp-json\/wp\/v2\/comments?post=3669"}],"version-history":[{"count":3,"href":"https:\/\/rcsyd.se\/cornea\/wp-json\/wp\/v2\/pages\/3669\/revisions"}],"predecessor-version":[{"id":3674,"href":"https:\/\/rcsyd.se\/cornea\/wp-json\/wp\/v2\/pages\/3669\/revisions\/3674"}],"up":[{"embeddable":true,"href":"https:\/\/rcsyd.se\/cornea\/wp-json\/wp\/v2\/pages\/3523"}],"wp:attachment":[{"href":"https:\/\/rcsyd.se\/cornea\/wp-json\/wp\/v2\/media?parent=3669"}],"curies":[{"name":"wp","href":"https:\/\/api.w.org\/{rel}","templated":true}]}}