{"id":3632,"date":"2025-03-06T15:15:27","date_gmt":"2025-03-06T15:15:27","guid":{"rendered":"https:\/\/rcsyd.se\/cornea\/?page_id=3632"},"modified":"2025-03-17T12:58:22","modified_gmt":"2025-03-17T12:58:22","slug":"patientdata-i-svenska-cornearegistret","status":"publish","type":"page","link":"https:\/\/rcsyd.se\/cornea\/patientinformation\/patientdata-i-svenska-cornearegistret","title":{"rendered":"Patientdata i Svenska Cornearegistret"},"content":{"rendered":"<h1>Patientdata i Svenska Cornearegistret<\/h1>\n<p>Svenska Cornearegistret \u00e4r ett av totalt tre hornhinnetransplantationsregister som finns i v\u00e4rlden och sedan september 2006 det enda som \u00e4r webbaserat. Registret har en hundraprocentig t\u00e4ckning och stor tillg\u00e4nglighet.<\/p>\n<p>Cornealtransplantation \u00e4r en syn\u00e5terskapande kirurgi f\u00f6r patienter med ett stort antal corneala sjukdomar. En stor m\u00e4ngd faktorer p\u00e5verkar slutresultatet och ett kvalitetsregister med korrekt analys av data \u00e4r n\u00f6dv\u00e4ndigt f\u00f6r kvalitetsuppf\u00f6ljning och f\u00f6r att f\u00f6rb\u00e4ttringsarbete skall kunna komma till st\u00e5nd. I \u00e5rsrapporterna beskrivs vilka analyser och projekt som genomf\u00f6rts utg\u00e5ende fr\u00e5n registret.<\/p>\n<h2>Centralt personuppgiftsansvar (CPUA)<\/h2>\n<p>Region Sk\u00e5ne \u00e4r centralt personuppgiftsansvarig (CPUA) myndighet f\u00f6r Svenska Cornearegistret. Det inneb\u00e4r att Region Sk\u00e5ne har ansvaret f\u00f6r att personuppgifter hanteras p\u00e5 ett r\u00e4ttss\u00e4kert och kvalitetss\u00e4kert s\u00e4tt efter att de f\u00f6rts in i registret.<\/p>\n<p><a href=\"https:\/\/rcsyd.se\/cornea\/om-svenska-cornearegistret\/centralt-personuppgiftsansvar-cpua\">Klicka h\u00e4r f\u00f6r att komma till mer information om vad CPUA inneb\u00e4r f\u00f6r dig som patient.<\/a><\/p>\n","protected":false},"excerpt":{"rendered":"<p>Patientdata i Svenska Cornearegistret Svenska Cornearegistret \u00e4r ett av totalt tre hornhinnetransplantationsregister som finns i v\u00e4rlden och sedan september 2006 det enda som \u00e4r webbaserat. Registret har en hundraprocentig t\u00e4ckning och stor tillg\u00e4nglighet. Cornealtransplantation \u00e4r en syn\u00e5terskapande kirurgi f\u00f6r patienter med ett stort antal corneala sjukdomar. En stor m\u00e4ngd faktorer p\u00e5verkar slutresultatet och ett kvalitetsregister&#8230; <a class=\"read-more\" href=\"https:\/\/rcsyd.se\/cornea\/patientinformation\/patientdata-i-svenska-cornearegistret\">L\u00e4s mer<\/a><\/p>\n","protected":false},"author":3,"featured_media":0,"parent":3488,"menu_order":0,"comment_status":"closed","ping_status":"closed","template":"","meta":{"_acf_changed":false,"footnotes":""},"acf":[],"_links":{"self":[{"href":"https:\/\/rcsyd.se\/cornea\/wp-json\/wp\/v2\/pages\/3632"}],"collection":[{"href":"https:\/\/rcsyd.se\/cornea\/wp-json\/wp\/v2\/pages"}],"about":[{"href":"https:\/\/rcsyd.se\/cornea\/wp-json\/wp\/v2\/types\/page"}],"author":[{"embeddable":true,"href":"https:\/\/rcsyd.se\/cornea\/wp-json\/wp\/v2\/users\/3"}],"replies":[{"embeddable":true,"href":"https:\/\/rcsyd.se\/cornea\/wp-json\/wp\/v2\/comments?post=3632"}],"version-history":[{"count":5,"href":"https:\/\/rcsyd.se\/cornea\/wp-json\/wp\/v2\/pages\/3632\/revisions"}],"predecessor-version":[{"id":3664,"href":"https:\/\/rcsyd.se\/cornea\/wp-json\/wp\/v2\/pages\/3632\/revisions\/3664"}],"up":[{"embeddable":true,"href":"https:\/\/rcsyd.se\/cornea\/wp-json\/wp\/v2\/pages\/3488"}],"wp:attachment":[{"href":"https:\/\/rcsyd.se\/cornea\/wp-json\/wp\/v2\/media?parent=3632"}],"curies":[{"name":"wp","href":"https:\/\/api.w.org\/{rel}","templated":true}]}}