{"id":3536,"date":"2024-08-19T13:03:31","date_gmt":"2024-08-19T13:03:31","guid":{"rendered":"https:\/\/rcsyd.se\/cornea\/?page_id=3536"},"modified":"2025-01-10T09:56:35","modified_gmt":"2025-01-10T09:56:35","slug":"manualer-formular-och-variabler","status":"publish","type":"page","link":"https:\/\/rcsyd.se\/cornea\/registrering\/manualer-formular-och-variabler","title":{"rendered":"Manualer, formul\u00e4r och variabler"},"content":{"rendered":"<h1>Manualer, formul\u00e4r och variabler<\/h1>\n<p>P\u00e5 denna sida finner du nedladdningsbara formul\u00e4r, manualer och variabellistor riktade till anv\u00e4ndare av registerplattformen f\u00f6r Svenska Cornearegistret.<\/p>\n","protected":false},"excerpt":{"rendered":"<p>Manualer, formul\u00e4r och variabler P\u00e5 denna sida finner du nedladdningsbara formul\u00e4r, manualer och variabellistor riktade till anv\u00e4ndare av registerplattformen f\u00f6r Svenska Cornearegistret.<\/p>\n","protected":false},"author":3,"featured_media":0,"parent":3541,"menu_order":0,"comment_status":"closed","ping_status":"closed","template":"","meta":{"_acf_changed":false,"footnotes":""},"acf":[],"_links":{"self":[{"href":"https:\/\/rcsyd.se\/cornea\/wp-json\/wp\/v2\/pages\/3536"}],"collection":[{"href":"https:\/\/rcsyd.se\/cornea\/wp-json\/wp\/v2\/pages"}],"about":[{"href":"https:\/\/rcsyd.se\/cornea\/wp-json\/wp\/v2\/types\/page"}],"author":[{"embeddable":true,"href":"https:\/\/rcsyd.se\/cornea\/wp-json\/wp\/v2\/users\/3"}],"replies":[{"embeddable":true,"href":"https:\/\/rcsyd.se\/cornea\/wp-json\/wp\/v2\/comments?post=3536"}],"version-history":[{"count":7,"href":"https:\/\/rcsyd.se\/cornea\/wp-json\/wp\/v2\/pages\/3536\/revisions"}],"predecessor-version":[{"id":3583,"href":"https:\/\/rcsyd.se\/cornea\/wp-json\/wp\/v2\/pages\/3536\/revisions\/3583"}],"up":[{"embeddable":true,"href":"https:\/\/rcsyd.se\/cornea\/wp-json\/wp\/v2\/pages\/3541"}],"wp:attachment":[{"href":"https:\/\/rcsyd.se\/cornea\/wp-json\/wp\/v2\/media?parent=3536"}],"curies":[{"name":"wp","href":"https:\/\/api.w.org\/{rel}","templated":true}]}}