{"id":3535,"date":"2024-08-19T13:00:16","date_gmt":"2024-08-19T13:00:16","guid":{"rendered":"https:\/\/rcsyd.se\/cornea\/?page_id=3535"},"modified":"2024-08-19T13:17:24","modified_gmt":"2024-08-19T13:17:24","slug":"registerplattform","status":"publish","type":"page","link":"https:\/\/rcsyd.se\/cornea\/registrering\/registerplattform","title":{"rendered":"Registerplattform"},"content":{"rendered":"<h1>Registerplattform<\/h1>\n<p>Registerplattformen f\u00f6r Svenska Cornearegistret heter Pharos.<\/p>\n<p><a href=\"https:\/\/rcsyd.se\/om-register\/it-losningar-och-driftinformation\/teknik-och-registerplattformar\" target=\"_blank\" rel=\"noopener noreferrer\">Klicka h\u00e4r f\u00f6r att komma till mer information om plattformen p\u00e5 Registercentrum Syds hemsida<\/a>.<\/p>\n<h2>Inloggning<\/h2>\n<p><a href=\"https:\/\/www.eyenetreg.se\/PLP\/\" target=\"_blank\" rel=\"noopener\">Klicka h\u00e4r f\u00f6r att komma till registrets inloggningssida<\/a>.<\/p>\n<p>Du kan ocks\u00e5 klicka p\u00e5 Cornearegistrets hemsida i menyn d\u00e4r det st\u00e5r &#8221;Logga in&#8221;.<\/p>\n","protected":false},"excerpt":{"rendered":"<p>Registerplattform Registerplattformen f\u00f6r Svenska Cornearegistret heter Pharos. Klicka h\u00e4r f\u00f6r att komma till mer information om plattformen p\u00e5 Registercentrum Syds hemsida. Inloggning Klicka h\u00e4r f\u00f6r att komma till registrets inloggningssida. Du kan ocks\u00e5 klicka p\u00e5 Cornearegistrets hemsida i menyn d\u00e4r det st\u00e5r &#8221;Logga in&#8221;.<\/p>\n","protected":false},"author":3,"featured_media":0,"parent":3541,"menu_order":0,"comment_status":"closed","ping_status":"closed","template":"","meta":{"_acf_changed":false,"footnotes":""},"acf":[],"_links":{"self":[{"href":"https:\/\/rcsyd.se\/cornea\/wp-json\/wp\/v2\/pages\/3535"}],"collection":[{"href":"https:\/\/rcsyd.se\/cornea\/wp-json\/wp\/v2\/pages"}],"about":[{"href":"https:\/\/rcsyd.se\/cornea\/wp-json\/wp\/v2\/types\/page"}],"author":[{"embeddable":true,"href":"https:\/\/rcsyd.se\/cornea\/wp-json\/wp\/v2\/users\/3"}],"replies":[{"embeddable":true,"href":"https:\/\/rcsyd.se\/cornea\/wp-json\/wp\/v2\/comments?post=3535"}],"version-history":[{"count":2,"href":"https:\/\/rcsyd.se\/cornea\/wp-json\/wp\/v2\/pages\/3535\/revisions"}],"predecessor-version":[{"id":3543,"href":"https:\/\/rcsyd.se\/cornea\/wp-json\/wp\/v2\/pages\/3535\/revisions\/3543"}],"up":[{"embeddable":true,"href":"https:\/\/rcsyd.se\/cornea\/wp-json\/wp\/v2\/pages\/3541"}],"wp:attachment":[{"href":"https:\/\/rcsyd.se\/cornea\/wp-json\/wp\/v2\/media?parent=3535"}],"curies":[{"name":"wp","href":"https:\/\/api.w.org\/{rel}","templated":true}]}}