{"id":3514,"date":"2024-08-19T12:15:50","date_gmt":"2024-08-19T12:15:50","guid":{"rendered":"https:\/\/rcsyd.se\/cornea\/?page_id=3514"},"modified":"2024-08-19T12:15:50","modified_gmt":"2024-08-19T12:15:50","slug":"forskning","status":"publish","type":"page","link":"https:\/\/rcsyd.se\/cornea\/forskning","title":{"rendered":"Forskning"},"content":{"rendered":"<h1>Forskning och f\u00f6rb\u00e4ttringsarbete<\/h1>\n<p>Via menyn till v\u00e4nster hittar du information om f\u00f6rb\u00e4ttringsarbete, analys, data och forskning inom Cornearegistret.<\/p>\n","protected":false},"excerpt":{"rendered":"<p>Forskning och f\u00f6rb\u00e4ttringsarbete Via menyn till v\u00e4nster hittar du information om f\u00f6rb\u00e4ttringsarbete, analys, data och forskning inom Cornearegistret.<\/p>\n","protected":false},"author":3,"featured_media":0,"parent":0,"menu_order":0,"comment_status":"closed","ping_status":"closed","template":"","meta":{"_acf_changed":false,"footnotes":""},"acf":[],"_links":{"self":[{"href":"https:\/\/rcsyd.se\/cornea\/wp-json\/wp\/v2\/pages\/3514"}],"collection":[{"href":"https:\/\/rcsyd.se\/cornea\/wp-json\/wp\/v2\/pages"}],"about":[{"href":"https:\/\/rcsyd.se\/cornea\/wp-json\/wp\/v2\/types\/page"}],"author":[{"embeddable":true,"href":"https:\/\/rcsyd.se\/cornea\/wp-json\/wp\/v2\/users\/3"}],"replies":[{"embeddable":true,"href":"https:\/\/rcsyd.se\/cornea\/wp-json\/wp\/v2\/comments?post=3514"}],"version-history":[{"count":1,"href":"https:\/\/rcsyd.se\/cornea\/wp-json\/wp\/v2\/pages\/3514\/revisions"}],"predecessor-version":[{"id":3515,"href":"https:\/\/rcsyd.se\/cornea\/wp-json\/wp\/v2\/pages\/3514\/revisions\/3515"}],"wp:attachment":[{"href":"https:\/\/rcsyd.se\/cornea\/wp-json\/wp\/v2\/media?parent=3514"}],"curies":[{"name":"wp","href":"https:\/\/api.w.org\/{rel}","templated":true}]}}