{"id":3503,"date":"2024-08-12T12:54:28","date_gmt":"2024-08-12T12:54:28","guid":{"rendered":"https:\/\/rcsyd.se\/cornea\/?page_id=3503"},"modified":"2024-08-12T12:54:28","modified_gmt":"2024-08-12T12:54:28","slug":"om-svenska-cornearegistret","status":"publish","type":"page","link":"https:\/\/rcsyd.se\/cornea\/om-svenska-cornearegistret","title":{"rendered":"Om Svenska Cornearegistret"},"content":{"rendered":"<h1>Om Svenska Cornearegistret<\/h1>\n<p>Svenska Cornearegistret \u00e4r ett av totalt tre hornhinnetransplantationsregister som finns i v\u00e4rlden och sedan september 2006 det enda som \u00e4r webbaserat. Registret har en hundraprocentig t\u00e4ckning och stor tillg\u00e4nglighet.<\/p>\n<p>Cornealtransplantation \u00e4r en syn\u00e5terskapande kirurgi f\u00f6r patienter med ett stort antal corneala sjukdomar. En stor m\u00e4ngd faktorer p\u00e5verkar slutresultatet och ett kvalitetsregister med korrekt analys av data \u00e4r n\u00f6dv\u00e4ndigt f\u00f6r kvalitetsuppf\u00f6ljning och f\u00f6r att f\u00f6rb\u00e4ttringsarbete skall kunna komma till st\u00e5nd. I \u00e5rsrapporterna beskrivs vilka analyser och projekt som genomf\u00f6rts utg\u00e5ende fr\u00e5n registret.<\/p>\n<h2>Logotyp<\/h2>\n<p>Nedan ses \u00f6verst Svenska Cornearegistrets och Svensk Cornealkirurgisk F\u00f6renings ursprungliga logotyp. Den symboliserar en hornhinna som genomg\u00e5tt en genomgripande hornhinnetransplantation. 2018 ersattes den av den nedre logotypen som visar p\u00e5 hornhinnans tre lager sett fr\u00e5n sidan och att hornhinnesjukdomar i dessa lager kan behandlas med olika operationstekniker.<\/p>\n<p><a href=\"https:\/\/rcsyd.se\/cornea\/wp-content\/uploads\/sites\/18\/2023\/12\/Logotyp-aldre-bla-transparent-utan-text.png\"><img loading=\"lazy\" decoding=\"async\" class=\"alignleft size-full wp-image-3381\" src=\"https:\/\/rcsyd.se\/cornea\/wp-content\/uploads\/sites\/18\/2023\/12\/Logotyp-aldre-bla-transparent-utan-text.png\" alt=\"\" width=\"300\" height=\"280\" \/><\/a><\/p>\n<p><a href=\"https:\/\/rcsyd.se\/cornea\/wp-content\/uploads\/sites\/18\/2023\/12\/Logotyp-med-text-i-jpeg-format-\u2013-300-dpi-scaled.jpg\"><img loading=\"lazy\" decoding=\"async\" class=\"alignleft wp-image-3386 size-large\" src=\"https:\/\/rcsyd.se\/cornea\/wp-content\/uploads\/sites\/18\/2023\/12\/Logotyp-med-text-i-jpeg-format-\u2013-300-dpi-1024x395.jpg\" alt=\"\" width=\"640\" height=\"247\" srcset=\"https:\/\/rcsyd.se\/cornea\/wp-content\/uploads\/sites\/18\/2023\/12\/Logotyp-med-text-i-jpeg-format-\u2013-300-dpi-1024x395.jpg 1024w, https:\/\/rcsyd.se\/cornea\/wp-content\/uploads\/sites\/18\/2023\/12\/Logotyp-med-text-i-jpeg-format-\u2013-300-dpi-300x116.jpg 300w, https:\/\/rcsyd.se\/cornea\/wp-content\/uploads\/sites\/18\/2023\/12\/Logotyp-med-text-i-jpeg-format-\u2013-300-dpi-768x296.jpg 768w, https:\/\/rcsyd.se\/cornea\/wp-content\/uploads\/sites\/18\/2023\/12\/Logotyp-med-text-i-jpeg-format-\u2013-300-dpi-1536x592.jpg 1536w, https:\/\/rcsyd.se\/cornea\/wp-content\/uploads\/sites\/18\/2023\/12\/Logotyp-med-text-i-jpeg-format-\u2013-300-dpi-2048x789.jpg 2048w\" sizes=\"(max-width: 640px) 100vw, 640px\" \/><\/a><\/p>\n<p>&nbsp;<\/p>\n<p>&nbsp;<\/p>\n<p>&nbsp;<\/p>\n<p>&nbsp;<\/p>\n<p>&nbsp;<\/p>\n<p>&nbsp;<\/p>\n<p>&nbsp;<\/p>\n<p>Via menyn till v\u00e4nster hittar du mer information om Svenska Cornearegistret.<\/p>\n","protected":false},"excerpt":{"rendered":"<p>Om Svenska Cornearegistret Svenska Cornearegistret \u00e4r ett av totalt tre hornhinnetransplantationsregister som finns i v\u00e4rlden och sedan september 2006 det enda som \u00e4r webbaserat. Registret har en hundraprocentig t\u00e4ckning och stor tillg\u00e4nglighet. Cornealtransplantation \u00e4r en syn\u00e5terskapande kirurgi f\u00f6r patienter med ett stort antal corneala sjukdomar. En stor m\u00e4ngd faktorer p\u00e5verkar slutresultatet och ett kvalitetsregister med&#8230; <a class=\"read-more\" href=\"https:\/\/rcsyd.se\/cornea\/om-svenska-cornearegistret\">L\u00e4s mer<\/a><\/p>\n","protected":false},"author":3,"featured_media":0,"parent":0,"menu_order":0,"comment_status":"closed","ping_status":"closed","template":"","meta":{"_acf_changed":false,"footnotes":""},"acf":[],"_links":{"self":[{"href":"https:\/\/rcsyd.se\/cornea\/wp-json\/wp\/v2\/pages\/3503"}],"collection":[{"href":"https:\/\/rcsyd.se\/cornea\/wp-json\/wp\/v2\/pages"}],"about":[{"href":"https:\/\/rcsyd.se\/cornea\/wp-json\/wp\/v2\/types\/page"}],"author":[{"embeddable":true,"href":"https:\/\/rcsyd.se\/cornea\/wp-json\/wp\/v2\/users\/3"}],"replies":[{"embeddable":true,"href":"https:\/\/rcsyd.se\/cornea\/wp-json\/wp\/v2\/comments?post=3503"}],"version-history":[{"count":1,"href":"https:\/\/rcsyd.se\/cornea\/wp-json\/wp\/v2\/pages\/3503\/revisions"}],"predecessor-version":[{"id":3504,"href":"https:\/\/rcsyd.se\/cornea\/wp-json\/wp\/v2\/pages\/3503\/revisions\/3504"}],"wp:attachment":[{"href":"https:\/\/rcsyd.se\/cornea\/wp-json\/wp\/v2\/media?parent=3503"}],"curies":[{"name":"wp","href":"https:\/\/api.w.org\/{rel}","templated":true}]}}