{"id":3493,"date":"2024-08-12T12:06:05","date_gmt":"2024-08-12T12:06:05","guid":{"rendered":"https:\/\/rcsyd.se\/cornea\/?page_id=3493"},"modified":"2024-11-25T08:09:07","modified_gmt":"2024-11-25T08:09:07","slug":"lankar","status":"publish","type":"page","link":"https:\/\/rcsyd.se\/cornea\/lankar","title":{"rendered":"L\u00e4nkar"},"content":{"rendered":"<h1 align=\"left\">L\u00e4nkar<\/h1>\n<p>P\u00e5 denna sida finner du tips p\u00e5 l\u00e4nkar till akt\u00f6rer relaterade till Svenska Cornearegistrets verksamhet.<\/p>\n<h2 align=\"left\">Organisationer och myndigheter<\/h2>\n<p>Nationella Kvalitetsregister (NKR)<br \/>\n<a href=\"https:\/\/kunskapsstyrningvard.se\/kunskapsstyrningvard\/kvalitetsregister.66155.html\" target=\"_blank\" rel=\"noopener noreferrer\">www.kvalitetsregister.se<\/a><\/p>\n<p>Registercentrum Syd (RC Syd)<br \/>\n<a href=\"https:\/\/rcsyd.se\" target=\"_blank\" rel=\"noopener noreferrer\">www.rcsyd.se<\/a><\/p>\n<p>Sveriges Kommuner och Regioner (SKR)<br \/>\n<a href=\"http:\/\/www.skr.se\/\" target=\"_blank\" rel=\"noopener noreferrer\">www.skr.se<\/a><\/p>\n<h2>Donationsr\u00e5det<\/h2>\n<p>Donationsr\u00e5det har funnits sedan 2005 och fungerar som ett r\u00e5dgivande nationellt r\u00e5d kopplat till Socialstyrelsen. Donationsr\u00e5dets huvudsakliga uppgift \u00e4r att f\u00f6rb\u00e4ttra organ- och v\u00e4vnadsdonation i Sverige i syfte att f\u00f6rb\u00e4ttra livskvalitet f\u00f6r m\u00e4nniskor och r\u00e4dda fler liv.<\/p>\n<p>Socialstyrelsens f\u00f6rdjupade information om donation<br \/>\n<a href=\"https:\/\/www.socialstyrelsen.se\/kunskapsstod-och-regler\/omraden\/organ-och-vavnadsdonation\/\" target=\"_blank\" rel=\"noopener\">www.socialstyrelsen.se\/kunskapsstod-och-regler\/omraden\/organ-och-vavnadsdonation<\/a><\/p>\n<p>Donationsregistret<br \/>\n<a href=\"https:\/\/www.socialstyrelsen.se\/donationsregistret\/\" target=\"_blank\" rel=\"noopener\">http:\/\/www.socialstyrelsen.se\/donationsregistret<\/a><\/p>\n<h2>V\u00e4vnadsr\u00e5det<\/h2>\n<p>Nationella V\u00e4vnadsr\u00e5det \u00e4r ett organ som tillsatts av Sveriges Kommuner och Regioner f\u00f6r att verka f\u00f6r en nationell samordning och enhetliga rutiner kring cell- och v\u00e4vnadslagen och dess praktiska till\u00e4mpning samt f\u00f6r att fr\u00e4mja v\u00e5rdgivarnas ansvar f\u00f6r donation av organ, celler, v\u00e4vnader och blod.<\/p>\n<p>V\u00e4vnadsr\u00e5det<br \/>\n<a href=\"http:\/\/www.vavnad.se\/\" target=\"_blank\" rel=\"noopener\">www.vavnad.se<\/a><\/p>\n<h2>Andra register<\/h2>\n<p>[vill ni ha l\u00e4nkar till n\u00e5gra andra register relaterade till cornearegistret?]<\/p>\n","protected":false},"excerpt":{"rendered":"<p>L\u00e4nkar P\u00e5 denna sida finner du tips p\u00e5 l\u00e4nkar till akt\u00f6rer relaterade till Svenska Cornearegistrets verksamhet. Organisationer och myndigheter Nationella Kvalitetsregister (NKR) www.kvalitetsregister.se Registercentrum Syd (RC Syd) www.rcsyd.se Sveriges Kommuner och Regioner (SKR) www.skr.se Donationsr\u00e5det Donationsr\u00e5det har funnits sedan 2005 och fungerar som ett r\u00e5dgivande nationellt r\u00e5d kopplat till Socialstyrelsen. Donationsr\u00e5dets huvudsakliga uppgift \u00e4r att&#8230; <a class=\"read-more\" href=\"https:\/\/rcsyd.se\/cornea\/lankar\">L\u00e4s mer<\/a><\/p>\n","protected":false},"author":3,"featured_media":0,"parent":0,"menu_order":0,"comment_status":"closed","ping_status":"closed","template":"","meta":{"_acf_changed":false,"footnotes":""},"acf":[],"_links":{"self":[{"href":"https:\/\/rcsyd.se\/cornea\/wp-json\/wp\/v2\/pages\/3493"}],"collection":[{"href":"https:\/\/rcsyd.se\/cornea\/wp-json\/wp\/v2\/pages"}],"about":[{"href":"https:\/\/rcsyd.se\/cornea\/wp-json\/wp\/v2\/types\/page"}],"author":[{"embeddable":true,"href":"https:\/\/rcsyd.se\/cornea\/wp-json\/wp\/v2\/users\/3"}],"replies":[{"embeddable":true,"href":"https:\/\/rcsyd.se\/cornea\/wp-json\/wp\/v2\/comments?post=3493"}],"version-history":[{"count":4,"href":"https:\/\/rcsyd.se\/cornea\/wp-json\/wp\/v2\/pages\/3493\/revisions"}],"predecessor-version":[{"id":3569,"href":"https:\/\/rcsyd.se\/cornea\/wp-json\/wp\/v2\/pages\/3493\/revisions\/3569"}],"wp:attachment":[{"href":"https:\/\/rcsyd.se\/cornea\/wp-json\/wp\/v2\/media?parent=3493"}],"curies":[{"name":"wp","href":"https:\/\/api.w.org\/{rel}","templated":true}]}}