{"id":3488,"date":"2024-08-12T09:58:42","date_gmt":"2024-08-12T09:58:42","guid":{"rendered":"https:\/\/rcsyd.se\/cornea\/?page_id=3488"},"modified":"2024-11-25T08:09:56","modified_gmt":"2024-11-25T08:09:56","slug":"patientinformation","status":"publish","type":"page","link":"https:\/\/rcsyd.se\/cornea\/patientinformation","title":{"rendered":"Patientinformation"},"content":{"rendered":"<h1>Patientinformation<\/h1>\n<h2>Nationella kvalitetsregister<\/h2>\n<p>Kvalitetsregister \u00e4r en samling av data som kan anv\u00e4ndas f\u00f6r att f\u00f6lja upp, analysera och utv\u00e4rdera h\u00e4lso- och sjukv\u00e5rden och som anv\u00e4nds f\u00f6r att l\u00f6pande utv\u00e4rdera och f\u00f6rb\u00e4ttra kvaliteten i v\u00e5rden.<\/p>\n<p>Registren startas och sk\u00f6ts av v\u00e5rdprofessionella f\u00f6r att f\u00f6lja en patientgrupp \u00f6ver tid, g\u00f6ra j\u00e4mf\u00f6relser mellan enheter, utv\u00e4rdera olika behandlingsmetoder och sprida ny kunskap. Data samlas ofta in om patientens diagnos, behandlingar och h\u00e4lsoresultat och g\u00f6r det m\u00f6jligt att se vilka resultat som \u00e5stadkoms i sjukv\u00e5rden och f\u00f6r olika patientgrupper. Genom fr\u00e5geformul\u00e4r f\u00e5ngas patientens egna upplevelser och erfarenheter och m\u00f6jligg\u00f6r p\u00e5 s\u00e5 s\u00e4tt \u00e4ven f\u00f6r patienter att p\u00e5verka v\u00e5rdens utformning.<\/p>\n<p>De nationella kvalitetsregistren utg\u00f6r d\u00e4rf\u00f6r tillsammans med h\u00e4lsodataregister, andra befolkningsregister och biobanker n\u00e5gra av de mest kraftfulla forskningsunderlagen som finns i v\u00e4rlden. De m\u00f6jligg\u00f6r ocks\u00e5 l\u00e4rande och st\u00e4ndigt f\u00f6rb\u00e4ttringsarbete och \u00e4r en n\u00f6dv\u00e4ndig ingrediens i ett modernt h\u00e4lso- och sjukv\u00e5rdssystem.<\/p>\n<p>Hos st\u00f6dfunktionen f\u00f6r nationella kvalitetsregister finns mer information registerverksamheten i Sverige.<br \/>\n<a href=\"https:\/\/kunskapsstyrningvard.se\/kunskapsstyrningvard\/kvalitetsregister.66155.html\" target=\"_blank\" rel=\"noopener\">Klicka h\u00e4r f\u00f6r att komma till mer st\u00f6dfunktionens hemsida.<\/a><\/p>\n<h2>Svenska Cornearegistret<\/h2>\n<p>Svenska Cornearegistret \u00e4r ett landsomfattande kvalitetsregister f\u00f6r alla som genomg\u00e5r hornhinnetransplantation.<br \/>\nSyftet med registret \u00e4r att vi som arbetar med hornhinnepatienter ska f\u00e5 reda p\u00e5 resultatet av operationen och kartl\u00e4gga vad som p\u00e5verkar detta, s\u00e5 att vi kan utveckla behandlingsmetoder och kontinuerligt f\u00f6rb\u00e4ttra v\u00e5rden.<\/p>\n<p>Vi registrerar ditt f\u00f6delsenummer enbart s\u00e5 att vi ska kunna hitta dina data fr\u00e5n operationstillf\u00e4llet f\u00f6r j\u00e4mf\u00f6relse med resultatet efter operationen. Sammanst\u00e4llningen av uppgifter och resultat sker annars gruppvis, till exempel baserat p\u00e5 sjukdom i hornhinnan, k\u00f6n eller \u00e5lder och d\u00e5 \u00e4r man som patient helt anonym.<\/p>\n<p>Vi registrerar faktorer som vi tror kan utg\u00f6ra risk f\u00f6r s\u00e4mre resultat, samt eventuella komplikationer efter operationen.<br \/>\nDen \u00f6kade kunskapen hj\u00e4lper oss att utveckla nya, b\u00e4ttre operationsmetoder och behandlingar. Den ger oss ocks\u00e5 m\u00f6jlighet att b\u00e4ttre informera den enskilde patienten om f\u00f6rv\u00e4ntat resultat och risker.<\/p>\n<p>Du kan l\u00e4sa mer om registret p\u00e5 andra flikar p\u00e5 hemsidan, bland annat om beskrivning av olika hornhinnesjukdomar och operationsmetoder.<\/p>\n<h2>S\u00e5 hanteras dina uppgifter<\/h2>\n<p>Uppgifter om dig samlas in fr\u00e5n din patientjournal och fr\u00e5n dig sj\u00e4lv. Dina uppgifter f\u00e5r endast anv\u00e4ndas f\u00f6r att utveckla och s\u00e4kra v\u00e5rdens kvalitet, framst\u00e4lla statistik, antalsber\u00e4kning f\u00f6r klinisk forskning samt f\u00f6r forskning inom h\u00e4lso- och sjukv\u00e5rden. N\u00e4r uppgifter ur registret blir f\u00f6rem\u00e5l f\u00f6r forskningsstudier beh\u00f6vs alltid ett godk\u00e4nnande av en etikpr\u00f6vningsn\u00e4mnd.<\/p>\n<p>Din medverkan i registret \u00e4r frivillig och p\u00e5verkar inte den v\u00e5rd du f\u00e5r. Om du inte vill att dina uppgifter registreras, v\u00e4nd dig till den v\u00e5rdgivare du bes\u00f6kt. Du har n\u00e4r som helst r\u00e4tt att f\u00e5 dina uppgifter borttagna ur registret.<\/p>\n<p>Vid fr\u00e5gor kontakta din \u00f6gonklinik.<\/p>\n","protected":false},"excerpt":{"rendered":"<p>Patientinformation Nationella kvalitetsregister Kvalitetsregister \u00e4r en samling av data som kan anv\u00e4ndas f\u00f6r att f\u00f6lja upp, analysera och utv\u00e4rdera h\u00e4lso- och sjukv\u00e5rden och som anv\u00e4nds f\u00f6r att l\u00f6pande utv\u00e4rdera och f\u00f6rb\u00e4ttra kvaliteten i v\u00e5rden. Registren startas och sk\u00f6ts av v\u00e5rdprofessionella f\u00f6r att f\u00f6lja en patientgrupp \u00f6ver tid, g\u00f6ra j\u00e4mf\u00f6relser mellan enheter, utv\u00e4rdera olika behandlingsmetoder och&#8230; <a class=\"read-more\" href=\"https:\/\/rcsyd.se\/cornea\/patientinformation\">L\u00e4s mer<\/a><\/p>\n","protected":false},"author":3,"featured_media":0,"parent":0,"menu_order":0,"comment_status":"closed","ping_status":"closed","template":"","meta":{"_acf_changed":false,"footnotes":""},"acf":[],"_links":{"self":[{"href":"https:\/\/rcsyd.se\/cornea\/wp-json\/wp\/v2\/pages\/3488"}],"collection":[{"href":"https:\/\/rcsyd.se\/cornea\/wp-json\/wp\/v2\/pages"}],"about":[{"href":"https:\/\/rcsyd.se\/cornea\/wp-json\/wp\/v2\/types\/page"}],"author":[{"embeddable":true,"href":"https:\/\/rcsyd.se\/cornea\/wp-json\/wp\/v2\/users\/3"}],"replies":[{"embeddable":true,"href":"https:\/\/rcsyd.se\/cornea\/wp-json\/wp\/v2\/comments?post=3488"}],"version-history":[{"count":3,"href":"https:\/\/rcsyd.se\/cornea\/wp-json\/wp\/v2\/pages\/3488\/revisions"}],"predecessor-version":[{"id":3571,"href":"https:\/\/rcsyd.se\/cornea\/wp-json\/wp\/v2\/pages\/3488\/revisions\/3571"}],"wp:attachment":[{"href":"https:\/\/rcsyd.se\/cornea\/wp-json\/wp\/v2\/media?parent=3488"}],"curies":[{"name":"wp","href":"https:\/\/api.w.org\/{rel}","templated":true}]}}