{"id":3448,"date":"2024-04-19T11:19:05","date_gmt":"2024-04-19T11:19:05","guid":{"rendered":"https:\/\/rcsyd.se\/cornea\/?page_id=3448"},"modified":"2025-09-19T13:33:20","modified_gmt":"2025-09-19T13:33:20","slug":"aktuell-statistik","status":"publish","type":"page","link":"https:\/\/rcsyd.se\/cornea\/aktuell-statistik","title":{"rendered":"Aktuell statistik"},"content":{"rendered":"<h1>Aktuell statistik<\/h1>\n<p><strong>P\u00e5 denna sida presenteras statistik fr\u00e5n Svenska Cornearegistret.<\/strong><\/p>\n<p><script type=\"text\/javascript\" src=\"https:\/\/app.comporto.se\/inc\/jquery-1.5.1.min.js\"><\/script>\r\n<script>function loadChartHTML(target,link,w,h,params){$(\"#\"+target).load(link+\"?w=\"+w+\"&h=\"+h+params);}<\/script>\r\n<script type=\"text\/javascript\" src=\"https:\/\/cdn.rawgit.com\/rainabba\/jquery-table2excel\/1.1.0\/dist\/jquery.table2excel.min.js\"><\/script>\r\n<script type=\"text\/javascript\" src=\"https:\/\/app.comporto.se\/uploads\/facelift\/js\/Chart.min.js?v=2117\"><\/script>\r\n<script type=\"text\/javascript\" src=\"https:\/\/cdnjs.cloudflare.com\/ajax\/libs\/jspdf\/1.3.4\/jspdf.min.js\"><\/script>\r\n<script type=\"text\/javascript\" src=\"https:\/\/cdnjs.cloudflare.com\/ajax\/libs\/jquery-sparklines\/2.1.2\/jquery.sparkline.min.js\"><\/script><\/p>\n<p><div id=\"transplant\"><b>H\u00e4mtar data - <a href=\"https:\/\/dataanalys.rcsyd.se\/main\/analysis\/cornea\/apps\/transplantall\/?w=800&h=300&js=1\"><\/a><\/b><\/div>\r\n<script>$(document).ready(function(){loadChartHTML(\"transplant\",\"https:\/\/dataanalys.rcsyd.se\/main\/analysis\/cornea\/apps\/transplantall\/\",800,300,\"\");});<\/script>\r\n<\/p>\n<p>Hornhinnetransplantation \u00e4r ett kirurgiskt synrehabiliterande ingrepp som \u00f6verv\u00e4gs vid hornhinnesjukdomar eller skador d\u00e4r ingen annan behandling eller synhj\u00e4lpmedel kan ge n\u00e4mnv\u00e4rd synf\u00f6rb\u00e4ttring. Antal hornhinnetransplantationer understiger antalet patienter som \u00e4r i behov av ingreppet. Kontinuerligt arbete l\u00e4ggs p\u00e5 att f\u00f6rb\u00e4ttra donation. \u00d6ver tid har \u00e5rligt antal transplantationer \u00f6kat, vilket ocks\u00e5 kortar ner v\u00e4ntetiden till operation, ett m\u00e5l i sig.<\/p>\n<p>Hornhinnetransplantationer utf\u00f6rs vid sju av landets universitetssjukhus och samtliga rapporterar till Svenska Cornearegistret. Klinikerna finns spridda i landet och \u00e4r olikstora; observera att det p\u00e5verkar utseende p\u00e5 staplarna i graferna. Medf\u00f6ljande tabeller kompletterar och f\u00f6rtydligar bilden. Vissa kliniker t\u00e4cker geografiskt mycket stora men glest befolkade omr\u00e5den och andra mindre och mycket t\u00e4tare befolkade omr\u00e5den. Patienterna fr\u00e5n hela landet remitteras till n\u00e5gon av klinikerna. Kontinuitet vid uppf\u00f6ljning \u00e4r av lika stor betydelse f\u00f6r f\u00f6rlopp och resultat som kirurgin i sig.<\/p>\n<p><div id=\"preop\"><b>H\u00e4mtar data - <a href=\"https:\/\/dataanalys.rcsyd.se\/main\/analysis\/cornea\/apps\/preopall\/?w=800&h=300&js=1\">\r\n<\/a><\/b><\/div>\r\n<script>$(document).ready(function()\r\n{loadChartHTML(\"preop\",\"https:\/\/dataanalys.rcsyd.se\/main\/analysis\/cornea\/apps\/preopall\/\",800,300,\"\");});<\/script>\r\n<\/p>\n<p>Synsk\u00e4rpa \u00e4r ett m\u00e5tt p\u00e5 synfunktionen och m\u00e4ts med syntavlor med definierad symbolstorlek, p\u00e5 best\u00e4mt avst\u00e5nd. I Sverige uttrycks synsk\u00e4rpan med decimalm\u00e5tt d\u00e4r 1,0 representerar fullgod synf\u00f6rm\u00e5ga. Synsk\u00e4rpa 0,2 representerar m\u00e5ttlig till sv\u00e5r synneds\u00e4ttning.<br \/>\nM\u00e5nga faktorer p\u00e5verkar prognos och resultat vid hornhinnetransplantation och en av dem \u00e4r synsk\u00e4rpan vid transplantationen. Mindre uttalad synneds\u00e4ttning vid operation \u00e4r prognostiskt gynnsamt, synen stiger snabbare och n\u00e5r ofta h\u00f6gre synniv\u00e5er \u00e4n vid uttalad synneds\u00e4ttning. Observeras b\u00f6r att nedsatt synsk\u00e4rpa i ett \u00f6ga kan bero p\u00e5 flera orsaker, ut\u00f6ver hornhinneproblem.<\/p>\n<p><div id=\"postop\"><b>H\u00e4mtar data - <a href=\"https:\/\/dataanalys.rcsyd.se\/main\/analysis\/cornea\/apps\/postopall\/?w=800&h=300&js=1\">\r\n<\/a><\/b><\/div>\r\n<script>$(document).ready(function()\r\n{loadChartHTML(\"postop\",\"https:\/\/dataanalys.rcsyd.se\/main\/analysis\/cornea\/apps\/postopall\/\",800,300,\"\");});<\/script>\r\n<\/p>\n<p>Synsk\u00e4rpa m\u00e4ts i Sverige med decimalm\u00e5tt d\u00e4r 1,0 representerar fullgod synf\u00f6rm\u00e5ga, och synsk\u00e4rpa 0,5 med b\u00e4sta korrektion utg\u00f6r synkrav f\u00f6r k\u00f6rkort.<br \/>\nDen presenterade statistiken utg\u00f6rs av alla patienter med inrapporterad 2-\u00e5rskontroll efter transplantationen som uppvisade synsk\u00e4rpa 0,5 eller b\u00e4ttre, oaktat eventuell annan synneds\u00e4ttande sjukdom och synpotential. Noteras b\u00f6r att b\u00e5de antal transplantationer och andel patienter med inrapporterad 2-\u00e5rskontroll efter transplantationen kan variera mellan klinikerna vilket skall tas i beaktande vid granskning av graferna.<\/p>\n<p>&nbsp;<\/p>\n<p>&nbsp;<\/p>\n<p>&nbsp;<\/p>\n","protected":false},"excerpt":{"rendered":"<p>Aktuell statistik P\u00e5 denna sida presenteras statistik fr\u00e5n Svenska Cornearegistret. H\u00e4mtar data &#8211; Hornhinnetransplantation \u00e4r ett kirurgiskt synrehabiliterande ingrepp som \u00f6verv\u00e4gs vid hornhinnesjukdomar eller skador d\u00e4r ingen annan behandling eller synhj\u00e4lpmedel kan ge n\u00e4mnv\u00e4rd synf\u00f6rb\u00e4ttring. Antal hornhinnetransplantationer understiger antalet patienter som \u00e4r i behov av ingreppet. Kontinuerligt arbete l\u00e4ggs p\u00e5 att f\u00f6rb\u00e4ttra donation. \u00d6ver tid&#8230; <a class=\"read-more\" href=\"https:\/\/rcsyd.se\/cornea\/aktuell-statistik\">L\u00e4s mer<\/a><\/p>\n","protected":false},"author":3,"featured_media":0,"parent":0,"menu_order":0,"comment_status":"closed","ping_status":"closed","template":"","meta":{"_acf_changed":false,"footnotes":""},"acf":[],"_links":{"self":[{"href":"https:\/\/rcsyd.se\/cornea\/wp-json\/wp\/v2\/pages\/3448"}],"collection":[{"href":"https:\/\/rcsyd.se\/cornea\/wp-json\/wp\/v2\/pages"}],"about":[{"href":"https:\/\/rcsyd.se\/cornea\/wp-json\/wp\/v2\/types\/page"}],"author":[{"embeddable":true,"href":"https:\/\/rcsyd.se\/cornea\/wp-json\/wp\/v2\/users\/3"}],"replies":[{"embeddable":true,"href":"https:\/\/rcsyd.se\/cornea\/wp-json\/wp\/v2\/comments?post=3448"}],"version-history":[{"count":17,"href":"https:\/\/rcsyd.se\/cornea\/wp-json\/wp\/v2\/pages\/3448\/revisions"}],"predecessor-version":[{"id":3686,"href":"https:\/\/rcsyd.se\/cornea\/wp-json\/wp\/v2\/pages\/3448\/revisions\/3686"}],"wp:attachment":[{"href":"https:\/\/rcsyd.se\/cornea\/wp-json\/wp\/v2\/media?parent=3448"}],"curies":[{"name":"wp","href":"https:\/\/api.w.org\/{rel}","templated":true}]}}