{"id":3379,"date":"2023-02-15T08:57:57","date_gmt":"2023-02-15T08:57:57","guid":{"rendered":"https:\/\/rcsyd.se\/cornea\/?page_id=3379"},"modified":"2024-08-12T13:01:22","modified_gmt":"2024-08-12T13:01:22","slug":"grafiskt-material","status":"publish","type":"page","link":"https:\/\/rcsyd.se\/cornea\/om-svenska-cornearegistret\/grafiskt-material","title":{"rendered":"Grafiskt material"},"content":{"rendered":"<h1>Grafiskt material<\/h1>\n<p>P\u00e5 denna sida finner du olika typer av grafiskt material fr\u00e5n Svenska Cornearegistret.<\/p>\n<h2>Logotyp<\/h2>\n<p><a href=\"https:\/\/rcsyd.se\/cornea\/wp-content\/uploads\/sites\/18\/2023\/12\/Logotyp-med-text-i-jpeg-format-\u2013-72-dpi.jpg\" target=\"_blank\" rel=\"noopener\">Logotyp med text i jpeg-format \u2013 72 dpi (punkter per tum)<\/a> (462 kB)<\/p>\n<p><a href=\"https:\/\/rcsyd.se\/cornea\/wp-content\/uploads\/sites\/18\/2023\/12\/Logotyp-med-text-i-jpeg-format-\u2013-300-dpi-scaled.jpg\" target=\"_blank\" rel=\"noopener\">Logotyp med text i jpeg-format \u2013 300 dpi<\/a> (152 kB)<\/p>\n<p><a href=\"https:\/\/rcsyd.se\/cornea\/wp-content\/uploads\/sites\/18\/2023\/12\/Logotyp-med-text-som-film.mov\" target=\"_blank\" rel=\"noopener\">Logotyp med text i filmformat<\/a> (MOV-format, 3 MB)<\/p>\n<h2>F\u00e4rgkoder<\/h2>\n<p>De f\u00e4rger som fr\u00e4mst anv\u00e4nds i Svenska Cornearegistrets grafiska material \u00e4r f\u00f6ljande:<\/p>\n<p><a href=\"https:\/\/rcsyd.se\/cornea\/wp-content\/uploads\/sites\/18\/2023\/12\/Fargkod-ljusbla.png\"><img loading=\"lazy\" decoding=\"async\" class=\"alignleft size-full wp-image-3394\" src=\"https:\/\/rcsyd.se\/cornea\/wp-content\/uploads\/sites\/18\/2023\/12\/Fargkod-ljusbla.png\" alt=\"Den ljusbl\u00e5 f\u00e4rg som anv\u00e4nds i cornearegistrets grafiska material.\" width=\"47\" height=\"70\" \/><\/a>F\u00e4rgkod Hex: #6795c9<\/p>\n<p>F\u00e4rgkod RGBA: 103, 149, 201, 255<\/p>\n<p>&nbsp;<\/p>\n<p><a href=\"https:\/\/rcsyd.se\/cornea\/wp-content\/uploads\/sites\/18\/2023\/12\/Fargkod-himmelsbla.png\"><img loading=\"lazy\" decoding=\"async\" class=\"alignleft size-full wp-image-3393\" src=\"https:\/\/rcsyd.se\/cornea\/wp-content\/uploads\/sites\/18\/2023\/12\/Fargkod-himmelsbla.png\" alt=\"Den himmelsbl\u00e5 f\u00e4rg som anv\u00e4nds i cornearegistrets grafiska material.\" width=\"47\" height=\"70\" \/><\/a>F\u00e4rgkod Hex: #dae3ee<\/p>\n<p>F\u00e4rgkod RGBA: 218, 227, 238, 255<\/p>\n<p>&nbsp;<\/p>\n<p>Hex st\u00e5r f\u00f6r hexadecimal.<br \/>\nRGBA st\u00e5r f\u00f6r r\u00f6d, gr\u00f6n, bl\u00e5, alfa.<\/p>\n","protected":false},"excerpt":{"rendered":"<p>Grafiskt material P\u00e5 denna sida finner du olika typer av grafiskt material fr\u00e5n Svenska Cornearegistret. Logotyp Logotyp med text i jpeg-format \u2013 72 dpi (punkter per tum) (462 kB) Logotyp med text i jpeg-format \u2013 300 dpi (152 kB) Logotyp med text i filmformat (MOV-format, 3 MB) F\u00e4rgkoder De f\u00e4rger som fr\u00e4mst anv\u00e4nds i Svenska&#8230; <a class=\"read-more\" href=\"https:\/\/rcsyd.se\/cornea\/om-svenska-cornearegistret\/grafiskt-material\">L\u00e4s mer<\/a><\/p>\n","protected":false},"author":3,"featured_media":0,"parent":3503,"menu_order":0,"comment_status":"closed","ping_status":"closed","template":"","meta":{"_acf_changed":false,"footnotes":""},"acf":[],"_links":{"self":[{"href":"https:\/\/rcsyd.se\/cornea\/wp-json\/wp\/v2\/pages\/3379"}],"collection":[{"href":"https:\/\/rcsyd.se\/cornea\/wp-json\/wp\/v2\/pages"}],"about":[{"href":"https:\/\/rcsyd.se\/cornea\/wp-json\/wp\/v2\/types\/page"}],"author":[{"embeddable":true,"href":"https:\/\/rcsyd.se\/cornea\/wp-json\/wp\/v2\/users\/3"}],"replies":[{"embeddable":true,"href":"https:\/\/rcsyd.se\/cornea\/wp-json\/wp\/v2\/comments?post=3379"}],"version-history":[{"count":4,"href":"https:\/\/rcsyd.se\/cornea\/wp-json\/wp\/v2\/pages\/3379\/revisions"}],"predecessor-version":[{"id":3396,"href":"https:\/\/rcsyd.se\/cornea\/wp-json\/wp\/v2\/pages\/3379\/revisions\/3396"}],"up":[{"embeddable":true,"href":"https:\/\/rcsyd.se\/cornea\/wp-json\/wp\/v2\/pages\/3503"}],"wp:attachment":[{"href":"https:\/\/rcsyd.se\/cornea\/wp-json\/wp\/v2\/media?parent=3379"}],"curies":[{"name":"wp","href":"https:\/\/api.w.org\/{rel}","templated":true}]}}