{"id":3370,"date":"2023-12-04T14:16:28","date_gmt":"2023-12-04T14:16:28","guid":{"rendered":"https:\/\/rcsyd.se\/cornea\/?page_id=3370"},"modified":"2025-03-06T15:18:47","modified_gmt":"2025-03-06T15:18:47","slug":"hornhinnebanker","status":"publish","type":"page","link":"https:\/\/rcsyd.se\/cornea\/patientinformation\/hornhinnebehandlingar\/hornhinnetransplantation\/hornhinnebanker","title":{"rendered":"Hornhinnebanker"},"content":{"rendered":"<h1>Hornhinnebanker<\/h1>\n<p>I Sverige utf\u00f6rs cirka 700 hornhinnetransplantationer per \u00e5r. All v\u00e4vnad kommer fr\u00e5n de fem hornhinnebankerna som finns i anslutning till hornhinneklinikerna vid universitetssjumhusen i Lund, G\u00f6teborg, \u00d6rebro, Stockholm och Ume\u00e5.<\/p>\n<p>Hornhinnebankerna \u00e4r behj\u00e4lpliga i donationsarbetet och tar emot, utv\u00e4rderar, bearbetar och f\u00f6rvarar donerade hornhinnor som har bed\u00f6mts l\u00e4mpliga f\u00f6r transplantation.<\/p>\n<p>Hornhinnorna f\u00f6rvaras i en n\u00e4ringsl\u00f6sning\u00a0 i v\u00e4rmesk\u00e5p och kan i cirka en m\u00e5nad innan de beh\u00f6ver anv\u00e4ndas f\u00f6r transplantation.<\/p>\n<p>Nedan listas de hornhinnebanker som finns i Sverige:<\/p>\n<ul>\n<li>V\u00e4vnadsinr\u00e4ttning Laboratoriemedicin V\u00e4sterbotten, Norrlands universitetssjukhus, Ume\u00e5<\/li>\n<li>V\u00e4vnadsinr\u00e4ttningen vid S:t Eriks \u00d6gonsjukhus, Stockholm<\/li>\n<li>V\u00e4vnadsinr\u00e4ttning verksamhetsomr\u00e5de laboratoriemedicin, Universitetssjukhuset \u00d6rebro<\/li>\n<li>V\u00e4vnadsinr\u00e4ttningen Hornhinnebanken Sahlgrenska Universitetssjukhuset, G\u00f6teborg<\/li>\n<li>V\u00e4vnadsbanken i Lund, Sk\u00e5nes universitetssjukhus Lund<\/li>\n<\/ul>\n","protected":false},"excerpt":{"rendered":"<p>Hornhinnebanker I Sverige utf\u00f6rs cirka 700 hornhinnetransplantationer per \u00e5r. All v\u00e4vnad kommer fr\u00e5n de fem hornhinnebankerna som finns i anslutning till hornhinneklinikerna vid universitetssjumhusen i Lund, G\u00f6teborg, \u00d6rebro, Stockholm och Ume\u00e5. Hornhinnebankerna \u00e4r behj\u00e4lpliga i donationsarbetet och tar emot, utv\u00e4rderar, bearbetar och f\u00f6rvarar donerade hornhinnor som har bed\u00f6mts l\u00e4mpliga f\u00f6r transplantation. Hornhinnorna f\u00f6rvaras i en&#8230; <a class=\"read-more\" href=\"https:\/\/rcsyd.se\/cornea\/patientinformation\/hornhinnebehandlingar\/hornhinnetransplantation\/hornhinnebanker\">L\u00e4s mer<\/a><\/p>\n","protected":false},"author":3,"featured_media":0,"parent":3309,"menu_order":0,"comment_status":"closed","ping_status":"closed","template":"","meta":{"_acf_changed":false,"footnotes":""},"acf":[],"_links":{"self":[{"href":"https:\/\/rcsyd.se\/cornea\/wp-json\/wp\/v2\/pages\/3370"}],"collection":[{"href":"https:\/\/rcsyd.se\/cornea\/wp-json\/wp\/v2\/pages"}],"about":[{"href":"https:\/\/rcsyd.se\/cornea\/wp-json\/wp\/v2\/types\/page"}],"author":[{"embeddable":true,"href":"https:\/\/rcsyd.se\/cornea\/wp-json\/wp\/v2\/users\/3"}],"replies":[{"embeddable":true,"href":"https:\/\/rcsyd.se\/cornea\/wp-json\/wp\/v2\/comments?post=3370"}],"version-history":[{"count":9,"href":"https:\/\/rcsyd.se\/cornea\/wp-json\/wp\/v2\/pages\/3370\/revisions"}],"predecessor-version":[{"id":3428,"href":"https:\/\/rcsyd.se\/cornea\/wp-json\/wp\/v2\/pages\/3370\/revisions\/3428"}],"up":[{"embeddable":true,"href":"https:\/\/rcsyd.se\/cornea\/wp-json\/wp\/v2\/pages\/3309"}],"wp:attachment":[{"href":"https:\/\/rcsyd.se\/cornea\/wp-json\/wp\/v2\/media?parent=3370"}],"curies":[{"name":"wp","href":"https:\/\/api.w.org\/{rel}","templated":true}]}}