{"id":3358,"date":"2023-12-19T12:01:19","date_gmt":"2023-12-19T12:01:19","guid":{"rendered":"https:\/\/rcsyd.se\/cornea\/?page_id=3358"},"modified":"2025-01-08T09:15:51","modified_gmt":"2025-01-08T09:15:51","slug":"deltagande-enheter","status":"publish","type":"page","link":"https:\/\/rcsyd.se\/cornea\/om-svenska-cornearegistret\/deltagande-enheter","title":{"rendered":"Deltagande enheter"},"content":{"rendered":"<h1>Deltagande enheter<\/h1>\n<p>I Sverige utf\u00f6rs hornhinnetransplantationer p\u00e5 sju kliniker av sammanlagt cirka femton kirurger. Samtliga kliniker deltar i Svenska Cornearegistret.<br \/>\nDe sju klinikerna \u00e4r f\u00f6ljande:<\/p>\n<ul>\n<li>S:t Eriks \u00d6gonsjukhus, Stockholm<\/li>\n<li>\u00d6gonkliniken, Akademiska sjukhuset, Uppsala<\/li>\n<li>\u00d6gonkliniken, Norrlands universitetssjukhus, Ume\u00e5<\/li>\n<li>\u00d6gonkliniken, Universitetssjukhuset i Link\u00f6ping<\/li>\n<li>\u00d6gonkliniken, Universitetssjukhuset \u00d6rebro<\/li>\n<li>\u00d6gonkliniken, Sahlgrenska Universitetssjukhuset, M\u00f6lndal<\/li>\n<li>\u00d6gonkliniken, Sk\u00e5nes universitetssjukhus, Lund\/Malm\u00f6<\/li>\n<\/ul>\n<p>Ut\u00f6ver de svenska klinikerna deltar f\u00f6ljande nordiska kliniker:<\/p>\n<ul>\n<li>\u00d8jenafdelingen, Aarhus Universitetshospital, Danmark<\/li>\n<li>\u00d8jenafdelingen, Rigshospitalet Glostrup, Danmark<\/li>\n<li>\u00d8yeavdelingen, St Olavs Hospital, Universitetssykehuset i Trondheim, Norge<\/li>\n<li>\u00d6gonkliniken, Landspitali, University Hospital, Reykjavik, Island<\/li>\n<\/ul>\n","protected":false},"excerpt":{"rendered":"<p>Deltagande enheter I Sverige utf\u00f6rs hornhinnetransplantationer p\u00e5 sju kliniker av sammanlagt cirka femton kirurger. Samtliga kliniker deltar i Svenska Cornearegistret. De sju klinikerna \u00e4r f\u00f6ljande: S:t Eriks \u00d6gonsjukhus, Stockholm \u00d6gonkliniken, Akademiska sjukhuset, Uppsala \u00d6gonkliniken, Norrlands universitetssjukhus, Ume\u00e5 \u00d6gonkliniken, Universitetssjukhuset i Link\u00f6ping \u00d6gonkliniken, Universitetssjukhuset \u00d6rebro \u00d6gonkliniken, Sahlgrenska Universitetssjukhuset, M\u00f6lndal \u00d6gonkliniken, Sk\u00e5nes universitetssjukhus, Lund\/Malm\u00f6 Ut\u00f6ver de svenska&#8230; <a class=\"read-more\" href=\"https:\/\/rcsyd.se\/cornea\/om-svenska-cornearegistret\/deltagande-enheter\">L\u00e4s mer<\/a><\/p>\n","protected":false},"author":3,"featured_media":0,"parent":3503,"menu_order":0,"comment_status":"closed","ping_status":"closed","template":"","meta":{"_acf_changed":false,"footnotes":""},"acf":[],"_links":{"self":[{"href":"https:\/\/rcsyd.se\/cornea\/wp-json\/wp\/v2\/pages\/3358"}],"collection":[{"href":"https:\/\/rcsyd.se\/cornea\/wp-json\/wp\/v2\/pages"}],"about":[{"href":"https:\/\/rcsyd.se\/cornea\/wp-json\/wp\/v2\/types\/page"}],"author":[{"embeddable":true,"href":"https:\/\/rcsyd.se\/cornea\/wp-json\/wp\/v2\/users\/3"}],"replies":[{"embeddable":true,"href":"https:\/\/rcsyd.se\/cornea\/wp-json\/wp\/v2\/comments?post=3358"}],"version-history":[{"count":4,"href":"https:\/\/rcsyd.se\/cornea\/wp-json\/wp\/v2\/pages\/3358\/revisions"}],"predecessor-version":[{"id":3581,"href":"https:\/\/rcsyd.se\/cornea\/wp-json\/wp\/v2\/pages\/3358\/revisions\/3581"}],"up":[{"embeddable":true,"href":"https:\/\/rcsyd.se\/cornea\/wp-json\/wp\/v2\/pages\/3503"}],"wp:attachment":[{"href":"https:\/\/rcsyd.se\/cornea\/wp-json\/wp\/v2\/media?parent=3358"}],"curies":[{"name":"wp","href":"https:\/\/api.w.org\/{rel}","templated":true}]}}