{"id":3313,"date":"2023-12-07T13:04:35","date_gmt":"2023-12-07T13:04:35","guid":{"rendered":"https:\/\/rcsyd.se\/cornea\/?page_id=3313"},"modified":"2025-03-06T15:23:20","modified_gmt":"2025-03-06T15:23:20","slug":"excimerlaser-ptk-prk","status":"publish","type":"page","link":"https:\/\/rcsyd.se\/cornea\/patientinformation\/hornhinnebehandlingar\/excimerlaser-ptk-prk","title":{"rendered":"Excimerlaser (PTK\/PRK)"},"content":{"rendered":"<h1>Excimerlaser (PTK\/PRK)<\/h1>\n<p>PTK (phototherapeutic keratectomy\/laserbehandling) kan anv\u00e4ndas f\u00f6r att behandla corneala \u00e4rr, corneala dystrofier, recidiverande cornealerosioner och astigmatism. Det man ska behandla m\u00e5ste ligga ytligt p\u00e5 hornhinnan d\u00e5 behandlingen g\u00e5r ut p\u00e5 att slipa hornhinnan med excimerlaser.<\/p>\n","protected":false},"excerpt":{"rendered":"<p>Excimerlaser (PTK\/PRK) PTK (phototherapeutic keratectomy\/laserbehandling) kan anv\u00e4ndas f\u00f6r att behandla corneala \u00e4rr, corneala dystrofier, recidiverande cornealerosioner och astigmatism. Det man ska behandla m\u00e5ste ligga ytligt p\u00e5 hornhinnan d\u00e5 behandlingen g\u00e5r ut p\u00e5 att slipa hornhinnan med excimerlaser.<\/p>\n","protected":false},"author":3,"featured_media":0,"parent":3243,"menu_order":0,"comment_status":"closed","ping_status":"closed","template":"","meta":{"_acf_changed":false,"footnotes":""},"acf":[],"_links":{"self":[{"href":"https:\/\/rcsyd.se\/cornea\/wp-json\/wp\/v2\/pages\/3313"}],"collection":[{"href":"https:\/\/rcsyd.se\/cornea\/wp-json\/wp\/v2\/pages"}],"about":[{"href":"https:\/\/rcsyd.se\/cornea\/wp-json\/wp\/v2\/types\/page"}],"author":[{"embeddable":true,"href":"https:\/\/rcsyd.se\/cornea\/wp-json\/wp\/v2\/users\/3"}],"replies":[{"embeddable":true,"href":"https:\/\/rcsyd.se\/cornea\/wp-json\/wp\/v2\/comments?post=3313"}],"version-history":[{"count":5,"href":"https:\/\/rcsyd.se\/cornea\/wp-json\/wp\/v2\/pages\/3313\/revisions"}],"predecessor-version":[{"id":3624,"href":"https:\/\/rcsyd.se\/cornea\/wp-json\/wp\/v2\/pages\/3313\/revisions\/3624"}],"up":[{"embeddable":true,"href":"https:\/\/rcsyd.se\/cornea\/wp-json\/wp\/v2\/pages\/3243"}],"wp:attachment":[{"href":"https:\/\/rcsyd.se\/cornea\/wp-json\/wp\/v2\/media?parent=3313"}],"curies":[{"name":"wp","href":"https:\/\/api.w.org\/{rel}","templated":true}]}}