{"id":3311,"date":"2023-12-08T13:06:17","date_gmt":"2023-12-08T13:06:17","guid":{"rendered":"https:\/\/rcsyd.se\/cornea\/?page_id=3311"},"modified":"2025-03-06T15:24:08","modified_gmt":"2025-03-06T15:24:08","slug":"crosslinking-cxl","status":"publish","type":"page","link":"https:\/\/rcsyd.se\/cornea\/patientinformation\/hornhinnebehandlingar\/crosslinking-cxl","title":{"rendered":"Crosslinking (CXL)"},"content":{"rendered":"<h1>Crosslinking (CXL)<\/h1>\n<p>CXL \u00e4r en behandling av keratokonus. L\u00e4mpliga f\u00f6r CXL-behandling \u00e4r i f\u00f6rsta hand yngre patienter med l\u00e4tt till m\u00e5ttlig keratokonus med tecken p\u00e5 f\u00f6rs\u00e4mring av tillst\u00e5ndet. Behandlingen stoppar upp f\u00f6rloppet av sjukdomen i de flesta fall och det r\u00e4cker med en behandling f\u00f6r att uppn\u00e5 den effekten. Eftersom behandlingen inte g\u00f6rs f\u00f6r att f\u00f6rb\u00e4ttra sjukdomen behandlar man inte patienter d\u00e4r f\u00f6rloppet redan \u00e4r stillast\u00e5ende, det vill s\u00e4ga man brukar f\u00f6rst f\u00f6rs\u00e4kra sig om att det p\u00e5g\u00e5r en f\u00f6rs\u00e4mring, eller finns h\u00f6g misstanke om s\u00e5dan, f\u00f6r att man ska behandla.<\/p>\n<p>CXL g\u00e5r till p\u00e5 f\u00f6ljande s\u00e4tt: Efter lokalbed\u00f6vning med \u00f6gondroppar avl\u00e4gsnar \u00f6gonl\u00e4karen hornhinnans yttersta cellager och l\u00e4kemedlet riboflavin ges i form av upprepade \u00f6gondroppar under cirka 20 minuter. Riboflavin \u00e4r ett starkt gult f\u00e4rg\u00e4mne och en naturligt f\u00f6rekommande B-vitamin. \u00d6gat belyses sedan med en speciell lampa med ultraviolett (UV) ljus under ytterligare cirka 3 minuter. Kombinationen av riboflavin och UV-ljus g\u00f6r att bindv\u00e4ven i hornhinnan f\u00f6rst\u00e4rks, vilket hejdar sjukdomens f\u00f6rlopp. Man skulle kunna s\u00e4ga att behandlingen tidigarel\u00e4gger den naturliga &#8221;stelningen&#8221; av hornhinnan som normalt sker i 35-\u00e5rs\u00e5ldern.<\/p>\n<h2>Bakteried\u00f6dande effekt<\/h2>\n<p>Prelimin\u00e4ra resultat har visat att CXL \u00e4ven kan anv\u00e4ndas vid vissa keratiter, det vill s\u00e4ga infektioner i hornhinnan, som komplement (eller i vissa fall m\u00f6jligen alternativ) till antibiotikadroppar. Kombinationen riboflavin och UV-ljus kan inaktivera olika mikroorganismer, som virus, bakterier och parasiter.<\/p>\n","protected":false},"excerpt":{"rendered":"<p>Crosslinking (CXL) CXL \u00e4r en behandling av keratokonus. L\u00e4mpliga f\u00f6r CXL-behandling \u00e4r i f\u00f6rsta hand yngre patienter med l\u00e4tt till m\u00e5ttlig keratokonus med tecken p\u00e5 f\u00f6rs\u00e4mring av tillst\u00e5ndet. Behandlingen stoppar upp f\u00f6rloppet av sjukdomen i de flesta fall och det r\u00e4cker med en behandling f\u00f6r att uppn\u00e5 den effekten. Eftersom behandlingen inte g\u00f6rs f\u00f6r att&#8230; <a class=\"read-more\" href=\"https:\/\/rcsyd.se\/cornea\/patientinformation\/hornhinnebehandlingar\/crosslinking-cxl\">L\u00e4s mer<\/a><\/p>\n","protected":false},"author":3,"featured_media":0,"parent":3243,"menu_order":0,"comment_status":"closed","ping_status":"closed","template":"","meta":{"_acf_changed":false,"footnotes":""},"acf":[],"_links":{"self":[{"href":"https:\/\/rcsyd.se\/cornea\/wp-json\/wp\/v2\/pages\/3311"}],"collection":[{"href":"https:\/\/rcsyd.se\/cornea\/wp-json\/wp\/v2\/pages"}],"about":[{"href":"https:\/\/rcsyd.se\/cornea\/wp-json\/wp\/v2\/types\/page"}],"author":[{"embeddable":true,"href":"https:\/\/rcsyd.se\/cornea\/wp-json\/wp\/v2\/users\/3"}],"replies":[{"embeddable":true,"href":"https:\/\/rcsyd.se\/cornea\/wp-json\/wp\/v2\/comments?post=3311"}],"version-history":[{"count":6,"href":"https:\/\/rcsyd.se\/cornea\/wp-json\/wp\/v2\/pages\/3311\/revisions"}],"predecessor-version":[{"id":3621,"href":"https:\/\/rcsyd.se\/cornea\/wp-json\/wp\/v2\/pages\/3311\/revisions\/3621"}],"up":[{"embeddable":true,"href":"https:\/\/rcsyd.se\/cornea\/wp-json\/wp\/v2\/pages\/3243"}],"wp:attachment":[{"href":"https:\/\/rcsyd.se\/cornea\/wp-json\/wp\/v2\/media?parent=3311"}],"curies":[{"name":"wp","href":"https:\/\/api.w.org\/{rel}","templated":true}]}}