{"id":3310,"date":"2023-12-06T13:07:25","date_gmt":"2023-12-06T13:07:25","guid":{"rendered":"https:\/\/rcsyd.se\/cornea\/?page_id=3310"},"modified":"2025-03-06T15:24:01","modified_gmt":"2025-03-06T15:24:01","slug":"amnionhinna","status":"publish","type":"page","link":"https:\/\/rcsyd.se\/cornea\/patientinformation\/hornhinnebehandlingar\/amnionhinna","title":{"rendered":"Amnionhinna"},"content":{"rendered":"<h1>Amnionhinna<\/h1>\n<p>Fosterhinnan (amnion eller amnionhinna) tas tillvara efter en f\u00f6rlossning och f\u00f6rvaras i fryst tillst\u00e5nd f\u00f6r att sedan anv\u00e4ndas vid \u00f6gonoperationer som ett slags biologiskt bandage. S\u00e5dan amnionhinnetransplantation g\u00f6rs f\u00f6r att d\u00e4mpa inflammation, f\u00f6rst\u00e4rka hornhinnan och\/eller l\u00e4ka sv\u00e5rl\u00e4kta s\u00e5r. Amnionhinnan resorberas av sig sj\u00e4lv efter tre veckor till tv\u00e5 m\u00e5nader.<\/p>\n<p>Amnionhinnan fr\u00e4mjar hornhinnans l\u00e4kning p\u00e5 m\u00e5nga olika s\u00e4tt. Den underl\u00e4ttar epitelialiseringen (\u00e5terinv\u00e4xten av yttersta cellskiktet) och f\u00f6rhindrar b\u00e5de \u00e4rrbildning och angiogenes (k\u00e4rlnybildning). Dessutom verkar den inflammationsh\u00e4mmande och har en antimikrobiell effekt.<\/p>\n<p>Man kan v\u00e4lja att sy en begr\u00e4nsad, ihopvecklad, bit amnionhinna (s\u00e5 kallad patch) \u00f6ver en viss defekt och\/eller l\u00e5ta en st\u00f6rre bit t\u00e4cka hela hornhinnan som ett bandage.<\/p>\n","protected":false},"excerpt":{"rendered":"<p>Amnionhinna Fosterhinnan (amnion eller amnionhinna) tas tillvara efter en f\u00f6rlossning och f\u00f6rvaras i fryst tillst\u00e5nd f\u00f6r att sedan anv\u00e4ndas vid \u00f6gonoperationer som ett slags biologiskt bandage. S\u00e5dan amnionhinnetransplantation g\u00f6rs f\u00f6r att d\u00e4mpa inflammation, f\u00f6rst\u00e4rka hornhinnan och\/eller l\u00e4ka sv\u00e5rl\u00e4kta s\u00e5r. Amnionhinnan resorberas av sig sj\u00e4lv efter tre veckor till tv\u00e5 m\u00e5nader. Amnionhinnan fr\u00e4mjar hornhinnans l\u00e4kning p\u00e5&#8230; <a class=\"read-more\" href=\"https:\/\/rcsyd.se\/cornea\/patientinformation\/hornhinnebehandlingar\/amnionhinna\">L\u00e4s mer<\/a><\/p>\n","protected":false},"author":3,"featured_media":0,"parent":3243,"menu_order":0,"comment_status":"closed","ping_status":"closed","template":"","meta":{"_acf_changed":false,"footnotes":""},"acf":[],"_links":{"self":[{"href":"https:\/\/rcsyd.se\/cornea\/wp-json\/wp\/v2\/pages\/3310"}],"collection":[{"href":"https:\/\/rcsyd.se\/cornea\/wp-json\/wp\/v2\/pages"}],"about":[{"href":"https:\/\/rcsyd.se\/cornea\/wp-json\/wp\/v2\/types\/page"}],"author":[{"embeddable":true,"href":"https:\/\/rcsyd.se\/cornea\/wp-json\/wp\/v2\/users\/3"}],"replies":[{"embeddable":true,"href":"https:\/\/rcsyd.se\/cornea\/wp-json\/wp\/v2\/comments?post=3310"}],"version-history":[{"count":4,"href":"https:\/\/rcsyd.se\/cornea\/wp-json\/wp\/v2\/pages\/3310\/revisions"}],"predecessor-version":[{"id":3620,"href":"https:\/\/rcsyd.se\/cornea\/wp-json\/wp\/v2\/pages\/3310\/revisions\/3620"}],"up":[{"embeddable":true,"href":"https:\/\/rcsyd.se\/cornea\/wp-json\/wp\/v2\/pages\/3243"}],"wp:attachment":[{"href":"https:\/\/rcsyd.se\/cornea\/wp-json\/wp\/v2\/media?parent=3310"}],"curies":[{"name":"wp","href":"https:\/\/api.w.org\/{rel}","templated":true}]}}