{"id":3263,"date":"2023-12-04T14:33:33","date_gmt":"2023-12-04T14:33:33","guid":{"rendered":"https:\/\/rcsyd.se\/cornea\/?page_id=3263"},"modified":"2023-12-05T12:29:40","modified_gmt":"2023-12-05T12:29:40","slug":"hornhinnearr","status":"publish","type":"page","link":"https:\/\/rcsyd.se\/cornea\/patientinformation\/hornhinnesjukdomar\/hornhinnearr","title":{"rendered":"Hornhinne\u00e4rr"},"content":{"rendered":"<h1>Hornhinne\u00e4rr<\/h1>\n<p>Hornhinne\u00e4rr kan uppkomma till f\u00f6ljd av en infektion eller trauma mot hornhinnan. Endast en liten del av hornhinnetransplantationer som utf\u00f6rs i Sverige i dag beror p\u00e5 hornhinne\u00e4rr. Generellt \u00e4r prognosen s\u00e4mre n\u00e4r det har f\u00f6rekommit kraftig inflammation i \u00f6gat, vilket oftast \u00e4r fallet n\u00e4r \u00e4rr uppkommit.<\/p>\n<h2>\u00c4rr p\u00e5 grund av infektion<\/h2>\n<p>\u00c4rr kan uppst\u00e5 efter m\u00e5nga olika slags infektioner i hornhinnan. Ett allm\u00e4nt krav f\u00f6r att genomf\u00f6ra hornhinnetransplantation \u00e4r att det inte skall vara n\u00e5gon p\u00e5g\u00e5ende infektion eller inflammation i hornhinnan. Infektion av herpes simplex virus (HSV) i hornhinnan \u00e4r den vanligaste orsaken i v\u00e4rlden till blindhet till f\u00f6ljd av hornhinnep\u00e5verkan. I Sverige \u00e4r man restriktiv med att transplantera HSV-orsakade hornhinne\u00e4rr. Detta p\u00e5 grund av risken f\u00f6r att HSV kan \u00e5terkomma i transplantatet.<\/p>\n<h2>\u00c4rr p\u00e5 grund av trauma (skada)<\/h2>\n<p>Hornhinnetransplantationer p\u00e5 \u00f6gon med traumaorsakade \u00e4rr har ofta b\u00e4ttre prognos \u00e4n om \u00e4rret \u00e4r orsakat av infektioner. I regel v\u00e4ntar man med transplantation tills all inflammation har lugnat ned sig i det drabbade \u00f6gat. F\u00f6ruts\u00e4ttningarna f\u00f6r transplantatets \u00f6verlevnad blir d\u00e5 s\u00e5 bra som m\u00f6jligt.<\/p>\n<figure id=\"attachment_3291\" aria-describedby=\"caption-attachment-3291\" style=\"width: 640px\" class=\"wp-caption aligncenter\"><a href=\"https:\/\/rcsyd.se\/cornea\/wp-content\/uploads\/sites\/18\/2023\/12\/Arrbildning-i-cornea-1.jpg\" target=\"_blank\" rel=\"noopener\"><img loading=\"lazy\" decoding=\"async\" class=\"wp-image-3291 size-large\" src=\"https:\/\/rcsyd.se\/cornea\/wp-content\/uploads\/sites\/18\/2023\/12\/Arrbildning-i-cornea-1-1024x682.jpg\" alt=\"\u00d6ga med \u00e4rrbildning i cornea.\" width=\"640\" height=\"426\" srcset=\"https:\/\/rcsyd.se\/cornea\/wp-content\/uploads\/sites\/18\/2023\/12\/Arrbildning-i-cornea-1-1024x682.jpg 1024w, https:\/\/rcsyd.se\/cornea\/wp-content\/uploads\/sites\/18\/2023\/12\/Arrbildning-i-cornea-1-300x200.jpg 300w, https:\/\/rcsyd.se\/cornea\/wp-content\/uploads\/sites\/18\/2023\/12\/Arrbildning-i-cornea-1-768x511.jpg 768w, https:\/\/rcsyd.se\/cornea\/wp-content\/uploads\/sites\/18\/2023\/12\/Arrbildning-i-cornea-1-1536x1022.jpg 1536w, https:\/\/rcsyd.se\/cornea\/wp-content\/uploads\/sites\/18\/2023\/12\/Arrbildning-i-cornea-1.jpg 1947w\" sizes=\"(max-width: 640px) 100vw, 640px\" \/><\/a><figcaption id=\"caption-attachment-3291\" class=\"wp-caption-text\">\u00c4rrbildning i cornea.<\/figcaption><\/figure>\n","protected":false},"excerpt":{"rendered":"<p>Hornhinne\u00e4rr Hornhinne\u00e4rr kan uppkomma till f\u00f6ljd av en infektion eller trauma mot hornhinnan. Endast en liten del av hornhinnetransplantationer som utf\u00f6rs i Sverige i dag beror p\u00e5 hornhinne\u00e4rr. Generellt \u00e4r prognosen s\u00e4mre n\u00e4r det har f\u00f6rekommit kraftig inflammation i \u00f6gat, vilket oftast \u00e4r fallet n\u00e4r \u00e4rr uppkommit. \u00c4rr p\u00e5 grund av infektion \u00c4rr kan uppst\u00e5&#8230; <a class=\"read-more\" href=\"https:\/\/rcsyd.se\/cornea\/patientinformation\/hornhinnesjukdomar\/hornhinnearr\">L\u00e4s mer<\/a><\/p>\n","protected":false},"author":3,"featured_media":0,"parent":3242,"menu_order":0,"comment_status":"closed","ping_status":"closed","template":"","meta":{"_acf_changed":false,"footnotes":""},"acf":[],"_links":{"self":[{"href":"https:\/\/rcsyd.se\/cornea\/wp-json\/wp\/v2\/pages\/3263"}],"collection":[{"href":"https:\/\/rcsyd.se\/cornea\/wp-json\/wp\/v2\/pages"}],"about":[{"href":"https:\/\/rcsyd.se\/cornea\/wp-json\/wp\/v2\/types\/page"}],"author":[{"embeddable":true,"href":"https:\/\/rcsyd.se\/cornea\/wp-json\/wp\/v2\/users\/3"}],"replies":[{"embeddable":true,"href":"https:\/\/rcsyd.se\/cornea\/wp-json\/wp\/v2\/comments?post=3263"}],"version-history":[{"count":3,"href":"https:\/\/rcsyd.se\/cornea\/wp-json\/wp\/v2\/pages\/3263\/revisions"}],"predecessor-version":[{"id":3304,"href":"https:\/\/rcsyd.se\/cornea\/wp-json\/wp\/v2\/pages\/3263\/revisions\/3304"}],"up":[{"embeddable":true,"href":"https:\/\/rcsyd.se\/cornea\/wp-json\/wp\/v2\/pages\/3242"}],"wp:attachment":[{"href":"https:\/\/rcsyd.se\/cornea\/wp-json\/wp\/v2\/media?parent=3263"}],"curies":[{"name":"wp","href":"https:\/\/api.w.org\/{rel}","templated":true}]}}