{"id":3260,"date":"2023-12-04T14:34:53","date_gmt":"2023-12-04T14:34:53","guid":{"rendered":"https:\/\/rcsyd.se\/cornea\/?page_id=3260"},"modified":"2024-11-25T08:02:40","modified_gmt":"2024-11-25T08:02:40","slug":"hornhinnedystrofier","status":"publish","type":"page","link":"https:\/\/rcsyd.se\/cornea\/patientinformation\/hornhinnesjukdomar\/hornhinnedystrofier","title":{"rendered":"Hornhinnedystrofier"},"content":{"rendered":"<h1>Hornhinnedystrofier<\/h1>\n<p>Hornhinnedystrofier innefattar en grupp av olikartade hornhinnesjukdomar d\u00e4r den gemensamma n\u00e4mnaren \u00e4r \u00e4rftlighet. Dystrofierna \u00e4r progressiva, icke-inflammatoriska tillst\u00e5nd som oftast drabbar b\u00e5da \u00f6gonen.<\/p>\n<p>Indelning av dystrofier kan g\u00f6ras efter vilken del av hornhinnan som \u00e4r drabbad. Hornhinnans olika lager fr\u00e5n utsidan till insidan \u00e4r epitel, Bowmans membran, stroma, Descemets membran och endotel.<br \/>\n<a href=\"https:\/\/rcsyd.se\/cornea\/om-cornea-hornhinna\/allmant-om-hornhinnan-cornea\">Klicka h\u00e4r f\u00f6r att komma till mer information om hornhinnans olika lager.<\/a><\/p>\n<p>Olika lokalisation ger upphov till olika sorters symptom. Symptomen kan variera fr\u00e5n \u00e5terkommande sm\u00e4rtsamma hornhinnes\u00e5r till disig syn till f\u00f6ljd av grumligheter i hornhinnan.<\/p>\n<p>M\u00e5nga typer av dystrofier kan behandlas med hj\u00e4lp av hornhinnetransplantation, men vilken typ av transplantation som l\u00e4mpar sig b\u00e4st styrs av dystrofins lokalisation. Generellt f\u00f6rs\u00f6ker man undvika transplantation hos patienter med dystrofier i det l\u00e4ngsta. Detta eftersom f\u00f6r\u00e4ndringar m\u00e5nga g\u00e5nger \u00e5terkommer i transplantatet, vilket m\u00e5ste \u00e5tg\u00e4rdas med en ny transplantation.<\/p>\n<figure id=\"attachment_3286\" aria-describedby=\"caption-attachment-3286\" style=\"width: 640px\" class=\"wp-caption aligncenter\"><a href=\"https:\/\/rcsyd.se\/cornea\/wp-content\/uploads\/sites\/18\/2023\/12\/Granular-dystrofi-1.png\" target=\"_blank\" rel=\"noopener\"><img loading=\"lazy\" decoding=\"async\" class=\"wp-image-3286 size-large\" src=\"https:\/\/rcsyd.se\/cornea\/wp-content\/uploads\/sites\/18\/2023\/12\/Granular-dystrofi-1-1024x771.png\" alt=\"\u00d6ga med granul\u00e4r dystrofi.\" width=\"640\" height=\"482\" srcset=\"https:\/\/rcsyd.se\/cornea\/wp-content\/uploads\/sites\/18\/2023\/12\/Granular-dystrofi-1-1024x771.png 1024w, https:\/\/rcsyd.se\/cornea\/wp-content\/uploads\/sites\/18\/2023\/12\/Granular-dystrofi-1-300x226.png 300w, https:\/\/rcsyd.se\/cornea\/wp-content\/uploads\/sites\/18\/2023\/12\/Granular-dystrofi-1-768x578.png 768w, https:\/\/rcsyd.se\/cornea\/wp-content\/uploads\/sites\/18\/2023\/12\/Granular-dystrofi-1.png 1360w\" sizes=\"(max-width: 640px) 100vw, 640px\" \/><\/a><figcaption id=\"caption-attachment-3286\" class=\"wp-caption-text\">Granul\u00e4r dystrofi (dystrofi som drabbar stromat).<\/figcaption><\/figure>\n<figure id=\"attachment_3287\" aria-describedby=\"caption-attachment-3287\" style=\"width: 640px\" class=\"wp-caption aligncenter\"><a href=\"https:\/\/rcsyd.se\/cornea\/wp-content\/uploads\/sites\/18\/2023\/12\/Granular-dystrofi-2.jpg\" target=\"_blank\" rel=\"noopener\"><img loading=\"lazy\" decoding=\"async\" class=\"wp-image-3287 size-large\" src=\"https:\/\/rcsyd.se\/cornea\/wp-content\/uploads\/sites\/18\/2023\/12\/Granular-dystrofi-2-1024x682.jpg\" alt=\"\u00d6ga med granul\u00e4r dystrofi.\" width=\"640\" height=\"426\" srcset=\"https:\/\/rcsyd.se\/cornea\/wp-content\/uploads\/sites\/18\/2023\/12\/Granular-dystrofi-2-1024x682.jpg 1024w, https:\/\/rcsyd.se\/cornea\/wp-content\/uploads\/sites\/18\/2023\/12\/Granular-dystrofi-2-300x200.jpg 300w, https:\/\/rcsyd.se\/cornea\/wp-content\/uploads\/sites\/18\/2023\/12\/Granular-dystrofi-2-768x511.jpg 768w, https:\/\/rcsyd.se\/cornea\/wp-content\/uploads\/sites\/18\/2023\/12\/Granular-dystrofi-2-1536x1022.jpg 1536w, https:\/\/rcsyd.se\/cornea\/wp-content\/uploads\/sites\/18\/2023\/12\/Granular-dystrofi-2.jpg 1947w\" sizes=\"(max-width: 640px) 100vw, 640px\" \/><\/a><figcaption id=\"caption-attachment-3287\" class=\"wp-caption-text\">Granul\u00e4r dystrofi (dystrofi som drabbar stromat).<\/figcaption><\/figure>\n<h2>Typer av horninnedystrofier<\/h2>\n<p>Nedan f\u00f6ljer n\u00e5gra exempel p\u00e5 hornhinnedystrofier beroende p\u00e5 lokalisation:<\/p>\n<h3>Epitel<\/h3>\n<h4>Map-Dot-Fingerprint* och Meesmans dystrofi<\/h4>\n<p>Symptom kan vara allt ifr\u00e5n besv\u00e4rsfrihet till varierande synsk\u00e4rpa och \u00e5terkommande sm\u00e4rtsamma hornhinnes\u00e5r. Behandlingen \u00e4r oftast symptomatisk. Den kan innefatta sm\u00f6rjande t\u00e5rers\u00e4ttning f\u00f6r lindriga symptom och refraktiv laserkirurgi i mera avancerade fall.<\/p>\n<h3>Bowmans lager<\/h3>\n<h4>Reis-B\u00fccklers dystrofi<\/h4>\n<p>En ovanlig form av dystrofi d\u00e4r ett tunt lager av f\u00f6rkalkning bildas direkt under epitelet. Denna dystrofi orsakar oftast endast en l\u00e4tt synneds\u00e4ttning och kan behandlas genom att f\u00f6rkalkningen l\u00f6ses upp med syradroppar (EDTA) efter att epitelet skrapats av.<\/p>\n<h3>Stroma<\/h3>\n<h4>Granul\u00e4r dystrofi<\/h4>\n<p>En vanlig form av dystrofi med stromala inlagringar som f\u00f6rs\u00e4mras l\u00e5ngsamt. N\u00e4r synsk\u00e4rpa p\u00e5verkas kan dystrofin behandlas med refraktiv kirurgi med god prognos. En undergrupp av granul\u00e4r dystrofi utvecklar ytliga hornhinnes\u00e5r, vilka kan behandlas med kontaktlinser eller refraktiv kirurgi.<\/p>\n<h4>Lattice typ I<\/h4>\n<p>En relativt vanlig form av dystrofi d\u00e4r inlagringar i form av ett n\u00e4tverk bildas i hornhinnans stroma. N\u00e4tverket \u00e4r diskret till en b\u00f6rjan, men blir sedan allt gr\u00f6vre med synneds\u00e4ttning som f\u00f6ljd. Ibland kan inlagringen komma upp till hornhinnans yta och resulterar d\u00e5 i sv\u00e5rl\u00e4kta hornhinnes\u00e5r. Vid kraftig synneds\u00e4ttning kan hornhinnetransplantation \u00f6verv\u00e4gas.<\/p>\n<h3>Endotel<\/h3>\n<h4>Fuchs endoteliala korneala dystrofi<\/h4>\n<p>En \u00e4rftlig endotelsjukdom som b\u00f6rjar centralt i hornhinnan och leder till svullnad i stromat, vilket kan orsaka nedsatt syn. Detta \u00e4r en vanlig orsak till hornhinnetransplantation. Tidigare gjordes genomgripande transplantation (PKP), men numera byts oftast endast hornhinnans inre del ut (DSAEK).<br \/>\n<a href=\"https:\/\/rcsyd.se\/cornea\/om-cornea-hornhinna\/hornhinnekirurgi\/hornhinnetransplantationer\">Klicka h\u00e4r f\u00f6r att komma till mer information om hornhinnetransplantationer.<\/a><\/p>\n<p>*Det finns delade meningar om huruvida Map-Dot-Fingerprint \u00e4r en \u00e4kta dystrofi.<\/p>\n","protected":false},"excerpt":{"rendered":"<p>Hornhinnedystrofier Hornhinnedystrofier innefattar en grupp av olikartade hornhinnesjukdomar d\u00e4r den gemensamma n\u00e4mnaren \u00e4r \u00e4rftlighet. Dystrofierna \u00e4r progressiva, icke-inflammatoriska tillst\u00e5nd som oftast drabbar b\u00e5da \u00f6gonen. Indelning av dystrofier kan g\u00f6ras efter vilken del av hornhinnan som \u00e4r drabbad. Hornhinnans olika lager fr\u00e5n utsidan till insidan \u00e4r epitel, Bowmans membran, stroma, Descemets membran och endotel. Klicka h\u00e4r&#8230; <a class=\"read-more\" href=\"https:\/\/rcsyd.se\/cornea\/patientinformation\/hornhinnesjukdomar\/hornhinnedystrofier\">L\u00e4s mer<\/a><\/p>\n","protected":false},"author":3,"featured_media":0,"parent":3242,"menu_order":0,"comment_status":"closed","ping_status":"closed","template":"","meta":{"_acf_changed":false,"footnotes":""},"acf":[],"_links":{"self":[{"href":"https:\/\/rcsyd.se\/cornea\/wp-json\/wp\/v2\/pages\/3260"}],"collection":[{"href":"https:\/\/rcsyd.se\/cornea\/wp-json\/wp\/v2\/pages"}],"about":[{"href":"https:\/\/rcsyd.se\/cornea\/wp-json\/wp\/v2\/types\/page"}],"author":[{"embeddable":true,"href":"https:\/\/rcsyd.se\/cornea\/wp-json\/wp\/v2\/users\/3"}],"replies":[{"embeddable":true,"href":"https:\/\/rcsyd.se\/cornea\/wp-json\/wp\/v2\/comments?post=3260"}],"version-history":[{"count":9,"href":"https:\/\/rcsyd.se\/cornea\/wp-json\/wp\/v2\/pages\/3260\/revisions"}],"predecessor-version":[{"id":3566,"href":"https:\/\/rcsyd.se\/cornea\/wp-json\/wp\/v2\/pages\/3260\/revisions\/3566"}],"up":[{"embeddable":true,"href":"https:\/\/rcsyd.se\/cornea\/wp-json\/wp\/v2\/pages\/3242"}],"wp:attachment":[{"href":"https:\/\/rcsyd.se\/cornea\/wp-json\/wp\/v2\/media?parent=3260"}],"curies":[{"name":"wp","href":"https:\/\/api.w.org\/{rel}","templated":true}]}}