{"id":3237,"date":"2023-12-05T14:09:11","date_gmt":"2023-12-05T14:09:11","guid":{"rendered":"https:\/\/rcsyd.se\/cornea\/?page_id=3237"},"modified":"2025-03-06T15:17:59","modified_gmt":"2025-03-06T15:17:59","slug":"hornhinna-cornea","status":"publish","type":"page","link":"https:\/\/rcsyd.se\/cornea\/patientinformation\/hornhinna-cornea","title":{"rendered":"Hornhinna\/cornea"},"content":{"rendered":"<h1>Hornhinna\/cornea<\/h1>\n<p>En normal hornhinna \u00e4r helt genomskinlig och utan blodk\u00e4rl. Den \u00e4r ca 0,5 millimeter tjock centralt (tjockare perifert) och cirka 10\u201312 millimeter i diameter. Tillsammans med t\u00e5rfilmen st\u00e5r hornhinnan f\u00f6r den st\u00f6rsta brytningen (cirka tre fj\u00e4rdedelar) av ljus i \u00f6gat. Eftersom hornhinnan inte har n\u00e5gra blodk\u00e4rl \u00e4r den helt beroende av n\u00e4rings- och syretillf\u00f6rsel fr\u00e5n t\u00e5rfilmen och kammarv\u00e4tskan. En genomskinlig hornhinna \u00e4r e\u00adn f\u00f6ruts\u00e4ttning f\u00f6r att kunna se bra.<\/p>\n<figure id=\"attachment_3299\" aria-describedby=\"caption-attachment-3299\" style=\"width: 640px\" class=\"wp-caption aligncenter\"><a href=\"https:\/\/rcsyd.se\/cornea\/wp-content\/uploads\/sites\/18\/2023\/12\/Normal-cornea-1.jpg\" target=\"_blank\" rel=\"noopener\"><img loading=\"lazy\" decoding=\"async\" class=\"wp-image-3299 size-large\" src=\"https:\/\/rcsyd.se\/cornea\/wp-content\/uploads\/sites\/18\/2023\/12\/Normal-cornea-1-1024x670.jpg\" alt=\"\u00d6ga med normal cornea.\" width=\"640\" height=\"419\" srcset=\"https:\/\/rcsyd.se\/cornea\/wp-content\/uploads\/sites\/18\/2023\/12\/Normal-cornea-1-1024x670.jpg 1024w, https:\/\/rcsyd.se\/cornea\/wp-content\/uploads\/sites\/18\/2023\/12\/Normal-cornea-1-300x196.jpg 300w, https:\/\/rcsyd.se\/cornea\/wp-content\/uploads\/sites\/18\/2023\/12\/Normal-cornea-1-768x502.jpg 768w, https:\/\/rcsyd.se\/cornea\/wp-content\/uploads\/sites\/18\/2023\/12\/Normal-cornea-1-1536x1005.jpg 1536w, https:\/\/rcsyd.se\/cornea\/wp-content\/uploads\/sites\/18\/2023\/12\/Normal-cornea-1.jpg 1584w\" sizes=\"(max-width: 640px) 100vw, 640px\" \/><\/a><figcaption id=\"caption-attachment-3299\" class=\"wp-caption-text\">Normal hornhinna (cornea).<\/figcaption><\/figure>\n<p>Hornhinnan \u00e4r uppdelad i flera lager: Epitel (inklusive epitelets basalmembran), Bowmans lager, hornhinnestromat, Descemets membran och slutligen endotelet.<\/p>\n<figure id=\"attachment_3290\" aria-describedby=\"caption-attachment-3290\" style=\"width: 396px\" class=\"wp-caption aligncenter\"><a href=\"https:\/\/rcsyd.se\/cornea\/wp-content\/uploads\/sites\/18\/2023\/12\/Normal-corneas-lager-1.png\" target=\"_blank\" rel=\"noopener\"><img loading=\"lazy\" decoding=\"async\" class=\"wp-image-3290 size-full\" src=\"https:\/\/rcsyd.se\/cornea\/wp-content\/uploads\/sites\/18\/2023\/12\/Normal-corneas-lager-1.png\" alt=\"Illustration av corneas lager.\" width=\"396\" height=\"600\" srcset=\"https:\/\/rcsyd.se\/cornea\/wp-content\/uploads\/sites\/18\/2023\/12\/Normal-corneas-lager-1.png 396w, https:\/\/rcsyd.se\/cornea\/wp-content\/uploads\/sites\/18\/2023\/12\/Normal-corneas-lager-1-198x300.png 198w\" sizes=\"(max-width: 396px) 100vw, 396px\" \/><\/a><figcaption id=\"caption-attachment-3290\" class=\"wp-caption-text\">Corneas olika lager (fr\u00e5n utsidan till insidan): 1. Epitel 2. Bowmans lager 3. Stroma 4. Descemets membran 5. Endotel<\/figcaption><\/figure>\n<h2>Epitel<\/h2>\n<p>Det yttersta lagret best\u00e5r av epitelceller i flera lager som utg\u00f6r ca 5 % av tjockleken. Dessa oms\u00e4tts snabbt och bidrar d\u00e4rf\u00f6r till en snabb l\u00e4kning av ytliga hornhinnes\u00e5r. Fr\u00e4mre delen av hornhinnan \u00e4r rikligt innerverad och d\u00e4rf\u00f6r mycket sm\u00e4rtk\u00e4nslig. Epitelcellerna vilar p\u00e5 ett basalmembran som f\u00f6rankrar cellerna och skyddar dem.<\/p>\n<h2>Bowmans lager<\/h2>\n<p>N\u00e4sta lager under epitelet och dess basalmembran \u00e4r Bowmans lager. Normalt saknar Bowmans lager celler och \u00e4r en f\u00f6rt\u00e4tning av det underliggande lagret, stromat, vilket i sin tur utg\u00f6r den st\u00f6rsta delen av hornhinnan.<\/p>\n<h2>Hornhinnestromat<\/h2>\n<p>Stromat best\u00e5r av t\u00e4tt packade kollagentr\u00e5dar (ett fiberprotein) och celler (keratocyter) som producerar kollagenet. Kollagenet \u00e4r mycket v\u00e4lorganiserat i parallella buntar, vilket \u00e4r en f\u00f6ruts\u00e4ttning f\u00f6r hornhinnans genomskinlighet. Vid skada i stromat med \u00e4rrl\u00e4kning l\u00e4ker kollagenet p\u00e5 ett oorganiserat s\u00e4tt och hornhinnan blir disig.<\/p>\n<h2>Descemets membran<\/h2>\n<p>Under stromat ligger Descemets membran som \u00e4r ett basalmembran f\u00f6r hornhinnans innersta lager, endotelet.<\/p>\n<h2>Endotel<\/h2>\n<p>Endotelet utg\u00f6rs av n\u00e4ra sammanl\u00e4nkade celler som \u00e4r arrangerade i mosaikm\u00f6nster. Endotelets viktigaste uppgift \u00e4r att vara en pump som pumpar v\u00e4tska ut fr\u00e5n hornhinnan f\u00f6r att hornhinnan skall kunna vara genomskinlig. Till skillnad fr\u00e5n epitelet \u00e4r endotelet endast enkelskiktat och kan ej nybildas. Vid skada av endotelet f\u00f6rs\u00e4mras d\u00e4rf\u00f6r pumpf\u00f6rm\u00e5gan med risk f\u00f6r svullnad och disighet i hornhinnan.<\/p>\n<figure id=\"attachment_3306\" aria-describedby=\"caption-attachment-3306\" style=\"width: 500px\" class=\"wp-caption aligncenter\"><a href=\"https:\/\/rcsyd.se\/cornea\/wp-content\/uploads\/sites\/18\/2023\/12\/Normal-cornea-2.jpg\" target=\"_blank\" rel=\"noopener\"><img loading=\"lazy\" decoding=\"async\" class=\"wp-image-3306 size-full\" src=\"https:\/\/rcsyd.se\/cornea\/wp-content\/uploads\/sites\/18\/2023\/12\/Normal-cornea-2.jpg\" alt=\"\u00d6ga med normal cornea belyst med spaltlampa.\" width=\"500\" height=\"470\" srcset=\"https:\/\/rcsyd.se\/cornea\/wp-content\/uploads\/sites\/18\/2023\/12\/Normal-cornea-2.jpg 500w, https:\/\/rcsyd.se\/cornea\/wp-content\/uploads\/sites\/18\/2023\/12\/Normal-cornea-2-300x282.jpg 300w\" sizes=\"(max-width: 500px) 100vw, 500px\" \/><\/a><figcaption id=\"caption-attachment-3306\" class=\"wp-caption-text\">Normal cornea belyst med spaltlampa.<\/figcaption><\/figure>\n","protected":false},"excerpt":{"rendered":"<p>Hornhinna\/cornea En normal hornhinna \u00e4r helt genomskinlig och utan blodk\u00e4rl. Den \u00e4r ca 0,5 millimeter tjock centralt (tjockare perifert) och cirka 10\u201312 millimeter i diameter. Tillsammans med t\u00e5rfilmen st\u00e5r hornhinnan f\u00f6r den st\u00f6rsta brytningen (cirka tre fj\u00e4rdedelar) av ljus i \u00f6gat. Eftersom hornhinnan inte har n\u00e5gra blodk\u00e4rl \u00e4r den helt beroende av n\u00e4rings- och syretillf\u00f6rsel&#8230; <a class=\"read-more\" href=\"https:\/\/rcsyd.se\/cornea\/patientinformation\/hornhinna-cornea\">L\u00e4s mer<\/a><\/p>\n","protected":false},"author":3,"featured_media":0,"parent":3488,"menu_order":0,"comment_status":"closed","ping_status":"closed","template":"","meta":{"_acf_changed":false,"footnotes":""},"acf":[],"_links":{"self":[{"href":"https:\/\/rcsyd.se\/cornea\/wp-json\/wp\/v2\/pages\/3237"}],"collection":[{"href":"https:\/\/rcsyd.se\/cornea\/wp-json\/wp\/v2\/pages"}],"about":[{"href":"https:\/\/rcsyd.se\/cornea\/wp-json\/wp\/v2\/types\/page"}],"author":[{"embeddable":true,"href":"https:\/\/rcsyd.se\/cornea\/wp-json\/wp\/v2\/users\/3"}],"replies":[{"embeddable":true,"href":"https:\/\/rcsyd.se\/cornea\/wp-json\/wp\/v2\/comments?post=3237"}],"version-history":[{"count":6,"href":"https:\/\/rcsyd.se\/cornea\/wp-json\/wp\/v2\/pages\/3237\/revisions"}],"predecessor-version":[{"id":3602,"href":"https:\/\/rcsyd.se\/cornea\/wp-json\/wp\/v2\/pages\/3237\/revisions\/3602"}],"up":[{"embeddable":true,"href":"https:\/\/rcsyd.se\/cornea\/wp-json\/wp\/v2\/pages\/3488"}],"wp:attachment":[{"href":"https:\/\/rcsyd.se\/cornea\/wp-json\/wp\/v2\/media?parent=3237"}],"curies":[{"name":"wp","href":"https:\/\/api.w.org\/{rel}","templated":true}]}}