{"id":2707,"date":"2023-12-19T12:03:25","date_gmt":"2023-12-19T12:03:25","guid":{"rendered":"https:\/\/rcsyd.se\/cornea\/?page_id=2707"},"modified":"2024-08-12T12:57:52","modified_gmt":"2024-08-12T12:57:52","slug":"bakgrund-och-syfte","status":"publish","type":"page","link":"https:\/\/rcsyd.se\/cornea\/om-svenska-cornearegistret\/bakgrund-och-syfte","title":{"rendered":"Bakgrund och syfte"},"content":{"rendered":"<h1>Bakgrund och syfte<\/h1>\n<h2>Bakgrund<\/h2>\n<p>Svenska Cornearegistret startade 1996 och \u00e4r sedan september 2006 webbaserat. I Sverige fanns tidigare ingen systematiserad uppf\u00f6ljning av resultaten och i de register som finns internationellt har man i allm\u00e4nhet mest fokuserat p\u00e5 transplantatets \u00f6verlevnad och inte s\u00e5 mycket p\u00e5 funktionen. D\u00e5 det \u00e4r en relativt resurskr\u00e4vande verksamhet (transplantat, l\u00e5ng uppf\u00f6ljning) och l\u00e5ng rehabilitering f\u00f6r patienten \u00e4r det s\u00e4rskilt viktigt att ha de r\u00e4tta indikationerna f\u00f6r operation och att kunna informera patienten om vad man kan f\u00f6rv\u00e4nta sig. Cirka h\u00e4lften av de patienter som genomg\u00e5r hornhinnetransplantation \u00e4r i arbetsf\u00f6r \u00e5lder.<\/p>\n<p>I Sverige utf\u00f6rs cirka 650 hornhinnetransplantationer \u00e5rligen. Huvudsyftet med en hornhinnetransplantation \u00e4r att f\u00f6rb\u00e4ttra synkvaliteten, men i vissa fall \u00e4r orsaken sm\u00e4rtlindring eller mer s\u00e4llan bulbbevarande.<\/p>\n<h2>Syfte<\/h2>\n<p>Registrets syfte \u00e4r att skapa ett verktyg f\u00f6r kvalitetskontroll. I registret registreras data s\u00e5som diagnos, synsk\u00e4rpa, \u00e5lder och k\u00f6n hos patienter som ska genomg\u00e5 hornhinnetransplantation. Vid en uppf\u00f6ljning tv\u00e5 \u00e5r efter transplantationen (n\u00e4r man r\u00e4knar med att \u00f6gat \u00e4r relativt stabilt och l\u00e4kningsprocessen \u00e4r avslutad) registreras resultatet i form av synsk\u00e4rpa, huruvida transplantatet fungerar, samt eventuella komplikationer. D\u00e5 det finns en stor m\u00e4ngd faktorer, k\u00e4nda och ok\u00e4nda, som p\u00e5verkar resultatet och nyttan f\u00f6r patienten efter en hornhinnetransplantation har det framst\u00e5tt som s\u00e4rskilt viktigt att ha en vetenskaplig uppf\u00f6ljning. Nya tekniker och operationsmetoder, exempelvis lamell\u00e4r transplantation (byte av endast den sjuka delen av hornhinnan) g\u00f6r att det blir allt viktigare med en kvalitetskontroll.<\/p>\n","protected":false},"excerpt":{"rendered":"<p>Bakgrund och syfte Bakgrund Svenska Cornearegistret startade 1996 och \u00e4r sedan september 2006 webbaserat. I Sverige fanns tidigare ingen systematiserad uppf\u00f6ljning av resultaten och i de register som finns internationellt har man i allm\u00e4nhet mest fokuserat p\u00e5 transplantatets \u00f6verlevnad och inte s\u00e5 mycket p\u00e5 funktionen. D\u00e5 det \u00e4r en relativt resurskr\u00e4vande verksamhet (transplantat, l\u00e5ng uppf\u00f6ljning)&#8230; <a class=\"read-more\" href=\"https:\/\/rcsyd.se\/cornea\/om-svenska-cornearegistret\/bakgrund-och-syfte\">L\u00e4s mer<\/a><\/p>\n","protected":false},"author":3,"featured_media":0,"parent":3503,"menu_order":0,"comment_status":"closed","ping_status":"closed","template":"","meta":{"_acf_changed":false,"footnotes":""},"acf":[],"_links":{"self":[{"href":"https:\/\/rcsyd.se\/cornea\/wp-json\/wp\/v2\/pages\/2707"}],"collection":[{"href":"https:\/\/rcsyd.se\/cornea\/wp-json\/wp\/v2\/pages"}],"about":[{"href":"https:\/\/rcsyd.se\/cornea\/wp-json\/wp\/v2\/types\/page"}],"author":[{"embeddable":true,"href":"https:\/\/rcsyd.se\/cornea\/wp-json\/wp\/v2\/users\/3"}],"replies":[{"embeddable":true,"href":"https:\/\/rcsyd.se\/cornea\/wp-json\/wp\/v2\/comments?post=2707"}],"version-history":[{"count":13,"href":"https:\/\/rcsyd.se\/cornea\/wp-json\/wp\/v2\/pages\/2707\/revisions"}],"predecessor-version":[{"id":3353,"href":"https:\/\/rcsyd.se\/cornea\/wp-json\/wp\/v2\/pages\/2707\/revisions\/3353"}],"up":[{"embeddable":true,"href":"https:\/\/rcsyd.se\/cornea\/wp-json\/wp\/v2\/pages\/3503"}],"wp:attachment":[{"href":"https:\/\/rcsyd.se\/cornea\/wp-json\/wp\/v2\/media?parent=2707"}],"curies":[{"name":"wp","href":"https:\/\/api.w.org\/{rel}","templated":true}]}}