{"id":508,"date":"2015-11-02T14:25:38","date_gmt":"2015-11-02T14:25:38","guid":{"rendered":"https:\/\/rcsyd.se\/ambureg\/?page_id=508"},"modified":"2025-03-21T08:58:31","modified_gmt":"2025-03-21T08:58:31","slug":"patientinformation","status":"publish","type":"page","link":"https:\/\/rcsyd.se\/ambureg\/patientinformation","title":{"rendered":"Patientinformation"},"content":{"rendered":"<h1>Patientinformation<\/h1>\n<p>Via det nedladdningsbara dokumentet p\u00e5 denna sida finner du information och material f\u00f6r patienter.<\/p>\n<h2>Centralt personuppgiftsansvar (CPUA)<\/h2>\n<p>Region Sk\u00e5ne \u00e4r centralt personuppgiftsansvarig (CPUA) myndighet f\u00f6r AmbuReg (Ambulansregistret). Det inneb\u00e4r att Region Sk\u00e5ne har ansvaret f\u00f6r att personuppgifter hanteras p\u00e5 ett r\u00e4ttss\u00e4kert och kvalitetss\u00e4kert s\u00e4tt efter att de f\u00f6rts in i registret.<\/p>\n<p><a href=\"https:\/\/rcsyd.se\/ambureg\/om-ambureg\/centralt-personuppgiftsansvar-cpua\">Klicka h\u00e4r f\u00f6r att komma till mer information om vad CPUA inneb\u00e4r f\u00f6r dig som patient.<\/a><\/p>\n","protected":false},"excerpt":{"rendered":"<p>Patientinformation Via det nedladdningsbara dokumentet p\u00e5 denna sida finner du information och material f\u00f6r patienter. Centralt personuppgiftsansvar (CPUA) Region Sk\u00e5ne \u00e4r centralt personuppgiftsansvarig (CPUA) myndighet f\u00f6r AmbuReg (Ambulansregistret). Det inneb\u00e4r att Region Sk\u00e5ne har ansvaret f\u00f6r att personuppgifter hanteras p\u00e5 ett r\u00e4ttss\u00e4kert och kvalitetss\u00e4kert s\u00e4tt efter att de f\u00f6rts in i registret. Klicka h\u00e4r f\u00f6r&#8230; <a class=\"read-more\" href=\"https:\/\/rcsyd.se\/ambureg\/patientinformation\">L\u00e4s mer<\/a><\/p>\n","protected":false},"author":3,"featured_media":0,"parent":0,"menu_order":0,"comment_status":"closed","ping_status":"closed","template":"","meta":{"_acf_changed":false,"footnotes":""},"acf":[],"_links":{"self":[{"href":"https:\/\/rcsyd.se\/ambureg\/wp-json\/wp\/v2\/pages\/508"}],"collection":[{"href":"https:\/\/rcsyd.se\/ambureg\/wp-json\/wp\/v2\/pages"}],"about":[{"href":"https:\/\/rcsyd.se\/ambureg\/wp-json\/wp\/v2\/types\/page"}],"author":[{"embeddable":true,"href":"https:\/\/rcsyd.se\/ambureg\/wp-json\/wp\/v2\/users\/3"}],"replies":[{"embeddable":true,"href":"https:\/\/rcsyd.se\/ambureg\/wp-json\/wp\/v2\/comments?post=508"}],"version-history":[{"count":53,"href":"https:\/\/rcsyd.se\/ambureg\/wp-json\/wp\/v2\/pages\/508\/revisions"}],"predecessor-version":[{"id":3422,"href":"https:\/\/rcsyd.se\/ambureg\/wp-json\/wp\/v2\/pages\/508\/revisions\/3422"}],"wp:attachment":[{"href":"https:\/\/rcsyd.se\/ambureg\/wp-json\/wp\/v2\/media?parent=508"}],"curies":[{"name":"wp","href":"https:\/\/api.w.org\/{rel}","templated":true}]}}