{"id":363,"date":"2015-01-13T14:04:26","date_gmt":"2015-01-13T14:04:26","guid":{"rendered":"https:\/\/rcsyd.se\/ambureg\/?page_id=363"},"modified":"2021-07-15T13:07:45","modified_gmt":"2021-07-15T13:07:45","slug":"om-ambureg","status":"publish","type":"page","link":"https:\/\/rcsyd.se\/ambureg\/om-ambureg","title":{"rendered":"Om AmbuReg"},"content":{"rendered":"<h1>Om AmbuReg<\/h1>\n<p>Ambulansregistret (AmbuReg) startades 2016 i syfte att initiera och fr\u00e4mja kunskapsstyrning inom det prehospitala omr\u00e5det.<\/p>\n<p>Via menyn till v\u00e4nster hittar du mer information om AmbuReg.<\/p>\n","protected":false},"excerpt":{"rendered":"<p>Om AmbuReg Ambulansregistret (AmbuReg) startades 2016 i syfte att initiera och fr\u00e4mja kunskapsstyrning inom det prehospitala omr\u00e5det. Via menyn till v\u00e4nster hittar du mer information om AmbuReg.<\/p>\n","protected":false},"author":3,"featured_media":0,"parent":0,"menu_order":0,"comment_status":"open","ping_status":"open","template":"","meta":{"_acf_changed":false,"footnotes":""},"acf":[],"_links":{"self":[{"href":"https:\/\/rcsyd.se\/ambureg\/wp-json\/wp\/v2\/pages\/363"}],"collection":[{"href":"https:\/\/rcsyd.se\/ambureg\/wp-json\/wp\/v2\/pages"}],"about":[{"href":"https:\/\/rcsyd.se\/ambureg\/wp-json\/wp\/v2\/types\/page"}],"author":[{"embeddable":true,"href":"https:\/\/rcsyd.se\/ambureg\/wp-json\/wp\/v2\/users\/3"}],"replies":[{"embeddable":true,"href":"https:\/\/rcsyd.se\/ambureg\/wp-json\/wp\/v2\/comments?post=363"}],"version-history":[{"count":25,"href":"https:\/\/rcsyd.se\/ambureg\/wp-json\/wp\/v2\/pages\/363\/revisions"}],"predecessor-version":[{"id":2732,"href":"https:\/\/rcsyd.se\/ambureg\/wp-json\/wp\/v2\/pages\/363\/revisions\/2732"}],"wp:attachment":[{"href":"https:\/\/rcsyd.se\/ambureg\/wp-json\/wp\/v2\/media?parent=363"}],"curies":[{"name":"wp","href":"https:\/\/api.w.org\/{rel}","templated":true}]}}