{"id":3223,"date":"2020-11-18T10:23:29","date_gmt":"2020-11-18T10:23:29","guid":{"rendered":"https:\/\/rcsyd.se\/ambureg\/?page_id=3223"},"modified":"2025-10-15T08:17:44","modified_gmt":"2025-10-15T08:17:44","slug":"vetenskapliga-publikationer","status":"publish","type":"page","link":"https:\/\/rcsyd.se\/ambureg\/publikationer\/vetenskapliga-publikationer","title":{"rendered":"Vetenskapliga publikationer"},"content":{"rendered":"<h1>Vetenskapliga publikationer<\/h1>\n<h2>2025<\/h2>\n<p>Larsson, G., Herlitz, J., Axelsson C., Hegardt Janson M., Albrecht, S., Klementsson H. AmbuReg \u2013 kvalitetsregistret f\u00f6r svensk ambulanssjukv\u00e5rd: Samk\u00f6rning med andra register kan \u00f6ka patients\u00e4kerheten. L\u00e4kartidningen. 2025;122:24042.<br \/>\n<a href=\"https:\/\/lakartidningen.se\/vetenskap\/ambureg-kvalitetsregistret-for-svensk-ambulanssjukvard\/\" target=\"_blank\" rel=\"noopener\">Klicka h\u00e4r f\u00f6r att komma till publikationen.<\/a><\/p>\n<p>Larsson, G., Wennberg, P. &amp; Wibring, K. Pain assessment and management of adult patients in the Swedish EMS: a nationwide registry study. Scand J Trauma Resusc Emerg Med 33, 22 (2025).<br \/>\n<a href=\"https:\/\/doi.org\/10.1186\/s13049-025-01333-2\" target=\"_blank\" rel=\"noopener\">Klicka h\u00e4r f\u00f6r att komma till publikationen.<\/a><\/p>\n<h2>2024<\/h2>\n<p>Larsson, G., Axelsson, C., Hagiwara, M.A. et al. Epidemiology of patients assessed for trauma by Swedish ambulance services: a retrospective registry study. BMC Emerg Med 24, 11 (2024).<br \/>\n<a href=\"https:\/\/doi.org\/10.1186\/s12873-023-00924-5\" target=\"_blank\" rel=\"noopener\">Klicka h\u00e4r f\u00f6r att komma till publikationen.<\/a><\/p>\n","protected":false},"excerpt":{"rendered":"<p>Vetenskapliga publikationer 2025 Larsson, G., Herlitz, J., Axelsson C., Hegardt Janson M., Albrecht, S., Klementsson H. AmbuReg \u2013 kvalitetsregistret f\u00f6r svensk ambulanssjukv\u00e5rd: Samk\u00f6rning med andra register kan \u00f6ka patients\u00e4kerheten. L\u00e4kartidningen. 2025;122:24042. Klicka h\u00e4r f\u00f6r att komma till publikationen. Larsson, G., Wennberg, P. &amp; Wibring, K. Pain assessment and management of adult patients in the Swedish&#8230; <a class=\"read-more\" href=\"https:\/\/rcsyd.se\/ambureg\/publikationer\/vetenskapliga-publikationer\">L\u00e4s mer<\/a><\/p>\n","protected":false},"author":3,"featured_media":0,"parent":16,"menu_order":0,"comment_status":"closed","ping_status":"closed","template":"","meta":{"_acf_changed":false,"footnotes":""},"acf":[],"_links":{"self":[{"href":"https:\/\/rcsyd.se\/ambureg\/wp-json\/wp\/v2\/pages\/3223"}],"collection":[{"href":"https:\/\/rcsyd.se\/ambureg\/wp-json\/wp\/v2\/pages"}],"about":[{"href":"https:\/\/rcsyd.se\/ambureg\/wp-json\/wp\/v2\/types\/page"}],"author":[{"embeddable":true,"href":"https:\/\/rcsyd.se\/ambureg\/wp-json\/wp\/v2\/users\/3"}],"replies":[{"embeddable":true,"href":"https:\/\/rcsyd.se\/ambureg\/wp-json\/wp\/v2\/comments?post=3223"}],"version-history":[{"count":5,"href":"https:\/\/rcsyd.se\/ambureg\/wp-json\/wp\/v2\/pages\/3223\/revisions"}],"predecessor-version":[{"id":3489,"href":"https:\/\/rcsyd.se\/ambureg\/wp-json\/wp\/v2\/pages\/3223\/revisions\/3489"}],"up":[{"embeddable":true,"href":"https:\/\/rcsyd.se\/ambureg\/wp-json\/wp\/v2\/pages\/16"}],"wp:attachment":[{"href":"https:\/\/rcsyd.se\/ambureg\/wp-json\/wp\/v2\/media?parent=3223"}],"curies":[{"name":"wp","href":"https:\/\/api.w.org\/{rel}","templated":true}]}}