{"id":3147,"date":"2023-10-20T14:40:17","date_gmt":"2023-10-20T14:40:17","guid":{"rendered":"https:\/\/rcsyd.se\/ambureg\/?page_id=3147"},"modified":"2025-10-24T10:27:14","modified_gmt":"2025-10-24T10:27:14","slug":"2023-2","status":"publish","type":"page","link":"https:\/\/rcsyd.se\/ambureg\/om-ambureg\/anvandarmoten\/2023-2","title":{"rendered":"2023"},"content":{"rendered":"<h1>2023<\/h1>\n<p>Torsdagen den 19 oktober h\u00f6lls \u00e5rets anv\u00e4ndarm\u00f6te f\u00f6r AmbuReg (Ambulansregistret). M\u00f6tet \u00e4gde rum i G\u00f6teborg p\u00e5 Lindholmen Science Park och samlade 30-talet deltagare. \u00c4mnen p\u00e5 agendan var bland annat\u00a0<em>Om mark\u00f6rbaserad journalgranskning och hur man kan anv\u00e4nda AmbuReg<\/em> och <em>Prelimin\u00e4r datainsamling 2022<\/em>.<\/p>\n<h2>Artikel om anv\u00e4ndardagen<\/h2>\n<p><a href=\"https:\/\/rcsyd.se\/ambureg\/blog\/nyheter\/rapport-fran-amburegs-anvandarmote-2023\">Klicka h\u00e4r f\u00f6r att komma till en sammanfattande artikel om anv\u00e4ndardagen<\/a>.<\/p>\n<h2>Program<\/h2>\n<p><a href=\"https:\/\/rcsyd.se\/ambureg\/wp-content\/uploads\/sites\/16\/2023\/09\/Program-for-AmbuRegs-anvandarmote-2023.pdf\" target=\"_blank\" rel=\"noopener\">Klicka h\u00e4r f\u00f6r att ladda ner dagens program<\/a> (PDF-format, 113 kB).<\/p>\n","protected":false},"excerpt":{"rendered":"<p>2023 Torsdagen den 19 oktober h\u00f6lls \u00e5rets anv\u00e4ndarm\u00f6te f\u00f6r AmbuReg (Ambulansregistret). M\u00f6tet \u00e4gde rum i G\u00f6teborg p\u00e5 Lindholmen Science Park och samlade 30-talet deltagare. \u00c4mnen p\u00e5 agendan var bland annat\u00a0Om mark\u00f6rbaserad journalgranskning och hur man kan anv\u00e4nda AmbuReg och Prelimin\u00e4r datainsamling 2022. Artikel om anv\u00e4ndardagen Klicka h\u00e4r f\u00f6r att komma till en sammanfattande artikel om&#8230; <a class=\"read-more\" href=\"https:\/\/rcsyd.se\/ambureg\/om-ambureg\/anvandarmoten\/2023-2\">L\u00e4s mer<\/a><\/p>\n","protected":false},"author":3,"featured_media":0,"parent":2805,"menu_order":0,"comment_status":"closed","ping_status":"closed","template":"","meta":{"_acf_changed":false,"footnotes":""},"acf":[],"_links":{"self":[{"href":"https:\/\/rcsyd.se\/ambureg\/wp-json\/wp\/v2\/pages\/3147"}],"collection":[{"href":"https:\/\/rcsyd.se\/ambureg\/wp-json\/wp\/v2\/pages"}],"about":[{"href":"https:\/\/rcsyd.se\/ambureg\/wp-json\/wp\/v2\/types\/page"}],"author":[{"embeddable":true,"href":"https:\/\/rcsyd.se\/ambureg\/wp-json\/wp\/v2\/users\/3"}],"replies":[{"embeddable":true,"href":"https:\/\/rcsyd.se\/ambureg\/wp-json\/wp\/v2\/comments?post=3147"}],"version-history":[{"count":7,"href":"https:\/\/rcsyd.se\/ambureg\/wp-json\/wp\/v2\/pages\/3147\/revisions"}],"predecessor-version":[{"id":3496,"href":"https:\/\/rcsyd.se\/ambureg\/wp-json\/wp\/v2\/pages\/3147\/revisions\/3496"}],"up":[{"embeddable":true,"href":"https:\/\/rcsyd.se\/ambureg\/wp-json\/wp\/v2\/pages\/2805"}],"wp:attachment":[{"href":"https:\/\/rcsyd.se\/ambureg\/wp-json\/wp\/v2\/media?parent=3147"}],"curies":[{"name":"wp","href":"https:\/\/api.w.org\/{rel}","templated":true}]}}