{"id":2908,"date":"2022-10-18T08:20:51","date_gmt":"2022-10-18T08:20:51","guid":{"rendered":"https:\/\/rcsyd.se\/ambureg\/?page_id=2908"},"modified":"2025-10-24T10:27:55","modified_gmt":"2025-10-24T10:27:55","slug":"2022-2","status":"publish","type":"page","link":"https:\/\/rcsyd.se\/ambureg\/om-ambureg\/anvandarmoten\/2022-2","title":{"rendered":"2022"},"content":{"rendered":"<h1>2022<\/h1>\n<p>Torsdagen den 13 oktober h\u00f6lls \u00e5rets anv\u00e4ndarm\u00f6te f\u00f6r AmbuReg (Ambulansregistret). M\u00f6tet \u00e4gde rum i G\u00f6teborg p\u00e5 Lindholmen Science Park och samlade 30-talet deltagare. \u00c4mnen p\u00e5 agendan var bland annat <em>Erfarenheter av andra kvalitetsregister<\/em> och <em>Presentation av 2021 \u00e5rs data<\/em>.<\/p>\n<h2>Artikel om anv\u00e4ndardagen<\/h2>\n<p><a href=\"https:\/\/rcsyd.se\/ambureg\/?p=2918&amp;preview=true\">Klicka h\u00e4r f\u00f6r att komma till en sammanfattande artikel om anv\u00e4ndardagen<\/a>.<\/p>\n<h2>Program<\/h2>\n<p><a href=\"https:\/\/rcsyd.se\/ambureg\/wp-content\/uploads\/sites\/16\/2022\/06\/Program-for-AmbuRegs-anvandarmote-221013.pdf\" target=\"_blank\" rel=\"noopener\">Klicka h\u00e4r f\u00f6r att ladda ner dagens program<\/a> (PDF-format, 242 kB).<\/p>\n<h2>Minnesanteckningar<\/h2>\n<p><a href=\"https:\/\/rcsyd.se\/ambureg\/wp-content\/uploads\/sites\/16\/2022\/10\/Minnesanteckningar-anvandardag-AmbuReg-221013.pdf\" target=\"_blank\" rel=\"noopener\">Styrgruppens minnesanteckningar fr\u00e5n anv\u00e4ndardagen<\/a> (PDF-format, 130 kB).<\/p>\n","protected":false},"excerpt":{"rendered":"<p>2022 Torsdagen den 13 oktober h\u00f6lls \u00e5rets anv\u00e4ndarm\u00f6te f\u00f6r AmbuReg (Ambulansregistret). M\u00f6tet \u00e4gde rum i G\u00f6teborg p\u00e5 Lindholmen Science Park och samlade 30-talet deltagare. \u00c4mnen p\u00e5 agendan var bland annat Erfarenheter av andra kvalitetsregister och Presentation av 2021 \u00e5rs data. Artikel om anv\u00e4ndardagen Klicka h\u00e4r f\u00f6r att komma till en sammanfattande artikel om anv\u00e4ndardagen. Program&#8230; <a class=\"read-more\" href=\"https:\/\/rcsyd.se\/ambureg\/om-ambureg\/anvandarmoten\/2022-2\">L\u00e4s mer<\/a><\/p>\n","protected":false},"author":3,"featured_media":0,"parent":2805,"menu_order":0,"comment_status":"closed","ping_status":"closed","template":"","meta":{"_acf_changed":false,"footnotes":""},"acf":[],"_links":{"self":[{"href":"https:\/\/rcsyd.se\/ambureg\/wp-json\/wp\/v2\/pages\/2908"}],"collection":[{"href":"https:\/\/rcsyd.se\/ambureg\/wp-json\/wp\/v2\/pages"}],"about":[{"href":"https:\/\/rcsyd.se\/ambureg\/wp-json\/wp\/v2\/types\/page"}],"author":[{"embeddable":true,"href":"https:\/\/rcsyd.se\/ambureg\/wp-json\/wp\/v2\/users\/3"}],"replies":[{"embeddable":true,"href":"https:\/\/rcsyd.se\/ambureg\/wp-json\/wp\/v2\/comments?post=2908"}],"version-history":[{"count":7,"href":"https:\/\/rcsyd.se\/ambureg\/wp-json\/wp\/v2\/pages\/2908\/revisions"}],"predecessor-version":[{"id":3497,"href":"https:\/\/rcsyd.se\/ambureg\/wp-json\/wp\/v2\/pages\/2908\/revisions\/3497"}],"up":[{"embeddable":true,"href":"https:\/\/rcsyd.se\/ambureg\/wp-json\/wp\/v2\/pages\/2805"}],"wp:attachment":[{"href":"https:\/\/rcsyd.se\/ambureg\/wp-json\/wp\/v2\/media?parent=2908"}],"curies":[{"name":"wp","href":"https:\/\/api.w.org\/{rel}","templated":true}]}}