{"id":2807,"date":"2021-10-14T09:54:24","date_gmt":"2021-10-14T09:54:24","guid":{"rendered":"https:\/\/rcsyd.se\/ambureg\/?page_id=2807"},"modified":"2025-10-24T10:29:52","modified_gmt":"2025-10-24T10:29:52","slug":"2021-2","status":"publish","type":"page","link":"https:\/\/rcsyd.se\/ambureg\/om-ambureg\/anvandarmoten\/2021-2","title":{"rendered":"2021"},"content":{"rendered":"<h1>2021<\/h1>\n<p>Den 23 september 12:30\u201316:00 anordnades \u00e5rets anv\u00e4ndarm\u00f6te inom Ambulansregistret. P\u00e5 programmet fanns f\u00f6ljande \u00e4mnen:<\/p>\n<ul>\n<li>\u00c5rsrapport f\u00f6r insamlad data 2020<\/li>\n<li>Datainsamling \u2013 Jens Enheim<\/li>\n<li>ICPC2 med mera \u2013 Thomas Blomberg<\/li>\n<li>Patientinformationsdekal G\u00e4vleborg<\/li>\n<\/ul>\n","protected":false},"excerpt":{"rendered":"<p>2021 Den 23 september 12:30\u201316:00 anordnades \u00e5rets anv\u00e4ndarm\u00f6te inom Ambulansregistret. P\u00e5 programmet fanns f\u00f6ljande \u00e4mnen: \u00c5rsrapport f\u00f6r insamlad data 2020 Datainsamling \u2013 Jens Enheim ICPC2 med mera \u2013 Thomas Blomberg Patientinformationsdekal G\u00e4vleborg<\/p>\n","protected":false},"author":3,"featured_media":0,"parent":2805,"menu_order":0,"comment_status":"closed","ping_status":"closed","template":"","meta":{"_acf_changed":false,"footnotes":""},"acf":[],"_links":{"self":[{"href":"https:\/\/rcsyd.se\/ambureg\/wp-json\/wp\/v2\/pages\/2807"}],"collection":[{"href":"https:\/\/rcsyd.se\/ambureg\/wp-json\/wp\/v2\/pages"}],"about":[{"href":"https:\/\/rcsyd.se\/ambureg\/wp-json\/wp\/v2\/types\/page"}],"author":[{"embeddable":true,"href":"https:\/\/rcsyd.se\/ambureg\/wp-json\/wp\/v2\/users\/3"}],"replies":[{"embeddable":true,"href":"https:\/\/rcsyd.se\/ambureg\/wp-json\/wp\/v2\/comments?post=2807"}],"version-history":[{"count":9,"href":"https:\/\/rcsyd.se\/ambureg\/wp-json\/wp\/v2\/pages\/2807\/revisions"}],"predecessor-version":[{"id":3499,"href":"https:\/\/rcsyd.se\/ambureg\/wp-json\/wp\/v2\/pages\/2807\/revisions\/3499"}],"up":[{"embeddable":true,"href":"https:\/\/rcsyd.se\/ambureg\/wp-json\/wp\/v2\/pages\/2805"}],"wp:attachment":[{"href":"https:\/\/rcsyd.se\/ambureg\/wp-json\/wp\/v2\/media?parent=2807"}],"curies":[{"name":"wp","href":"https:\/\/api.w.org\/{rel}","templated":true}]}}