{"id":2805,"date":"2017-02-15T08:58:55","date_gmt":"2017-02-15T08:58:55","guid":{"rendered":"https:\/\/rcsyd.se\/ambureg\/?page_id=2805"},"modified":"2025-03-19T08:23:06","modified_gmt":"2025-03-19T08:23:06","slug":"anvandarmoten","status":"publish","type":"page","link":"https:\/\/rcsyd.se\/ambureg\/om-ambureg\/anvandarmoten","title":{"rendered":"Anv\u00e4ndarm\u00f6ten"},"content":{"rendered":"<h1>Anv\u00e4ndarm\u00f6ten<\/h1>\n<p>Via menyn till v\u00e4nster finner du sorterat p\u00e5 \u00e5r information och presentationer fr\u00e5n de anv\u00e4ndarm\u00f6ten som h\u00e5llits inom Ambulansregistret.<\/p>\n","protected":false},"excerpt":{"rendered":"<p>Anv\u00e4ndarm\u00f6ten Via menyn till v\u00e4nster finner du sorterat p\u00e5 \u00e5r information och presentationer fr\u00e5n de anv\u00e4ndarm\u00f6ten som h\u00e5llits inom Ambulansregistret.<\/p>\n","protected":false},"author":3,"featured_media":0,"parent":363,"menu_order":0,"comment_status":"closed","ping_status":"closed","template":"","meta":{"_acf_changed":false,"footnotes":""},"acf":[],"_links":{"self":[{"href":"https:\/\/rcsyd.se\/ambureg\/wp-json\/wp\/v2\/pages\/2805"}],"collection":[{"href":"https:\/\/rcsyd.se\/ambureg\/wp-json\/wp\/v2\/pages"}],"about":[{"href":"https:\/\/rcsyd.se\/ambureg\/wp-json\/wp\/v2\/types\/page"}],"author":[{"embeddable":true,"href":"https:\/\/rcsyd.se\/ambureg\/wp-json\/wp\/v2\/users\/3"}],"replies":[{"embeddable":true,"href":"https:\/\/rcsyd.se\/ambureg\/wp-json\/wp\/v2\/comments?post=2805"}],"version-history":[{"count":2,"href":"https:\/\/rcsyd.se\/ambureg\/wp-json\/wp\/v2\/pages\/2805\/revisions"}],"predecessor-version":[{"id":2812,"href":"https:\/\/rcsyd.se\/ambureg\/wp-json\/wp\/v2\/pages\/2805\/revisions\/2812"}],"up":[{"embeddable":true,"href":"https:\/\/rcsyd.se\/ambureg\/wp-json\/wp\/v2\/pages\/363"}],"wp:attachment":[{"href":"https:\/\/rcsyd.se\/ambureg\/wp-json\/wp\/v2\/media?parent=2805"}],"curies":[{"name":"wp","href":"https:\/\/api.w.org\/{rel}","templated":true}]}}