{"id":2782,"date":"2021-07-15T10:31:10","date_gmt":"2021-07-15T10:31:10","guid":{"rendered":"https:\/\/rcsyd.se\/ambureg\/?page_id=2782"},"modified":"2021-08-23T10:51:13","modified_gmt":"2021-08-23T10:51:13","slug":"patientrapporterade-matt","status":"publish","type":"page","link":"https:\/\/rcsyd.se\/ambureg\/om-ambureg\/patientrapporterade-matt","title":{"rendered":"Patientrapporterade m\u00e5tt"},"content":{"rendered":"<h1>Patientrapporterade m\u00e5tt<\/h1>\n<h2>PROM (Patient Reported Outcome Measures\/patientrapporterade utfallsm\u00e5tt)<\/h2>\n<p>Inom omr\u00e5det patientrelaterade m\u00e5tt \u00e4r det av stort intresse att f\u00f6lja hur patienten upplever omh\u00e4ndertagandet p\u00e5 skadeplats, transport och avl\u00e4mning till annan v\u00e5rdniv\u00e5.<br \/>\nDet finns behov av att utveckla ett m\u00e5tt som passar den aktuella situationen i ambulanssjukv\u00e5rd.<br \/>\nAmbulansregistret \u00e4r associerat till RC Syd som har stor kunskap och erfarenhet inom <abbr title=\"Patient Reported Outcome Measures\">PROM<\/abbr>-omr\u00e5det. I ambulansjournalen m\u00e4ts professionsrapporterade m\u00e5tt p\u00e5 sm\u00e4rta med VAS (visuell analog skala)\/NRS (numerisk skala) och andningsfrekvens. Dessa parametrar kommer att ing\u00e5 som variabler i Ambulansregistret.<\/p>\n<h2>PREM (Patient Reported Experience Measures\/patientrapporterade upplevelsem\u00e5tt)<\/h2>\n<p>N\u00e4r det g\u00e4ller patientens upplevelse av omh\u00e4ndertagandet \u00e4r patienter som tas om hand inom ambulanssjukv\u00e5rd generellt mycket n\u00f6jda. Det kan bli en utmaning att f\u00e5nga relevant <abbr title=\"Patient Reported Experience Measures\">PREM<\/abbr>-data ur den synvinkeln att man b\u00f6r vara medveten om den oundvikliga beroendest\u00e4llning som patienten befinner sig i vid akut sjukdom\/skada som kr\u00e4ver ambulanssjukv\u00e5rd. Oftast \u00e4r patienten tacksam \u00f6ver att bli omh\u00e4ndertagen och det kan ge bias att f\u00e5nga data under insjuknande\/olycka.<br \/>\nAtt d\u00e4remot i efterf\u00f6rloppet f\u00e5nga <abbr title=\"Patient Reported Experience Measures\">PREM<\/abbr>-data via enk\u00e4t p\u00e5 1177.se skulle vara en framkomlig v\u00e4g som b\u00f6r utredas vidare.<\/p>\n<p>Styrgruppen ser det som en framtida utmaning att f\u00e5nga patientens perspektiv p\u00e5 korrekt s\u00e4tt och d\u00e4rigenom f\u00e5 fram potentialer till f\u00f6rb\u00e4ttringar inom ambulanssjukv\u00e5rden.<\/p>\n","protected":false},"excerpt":{"rendered":"<p>Patientrapporterade m\u00e5tt PROM (Patient Reported Outcome Measures\/patientrapporterade utfallsm\u00e5tt) Inom omr\u00e5det patientrelaterade m\u00e5tt \u00e4r det av stort intresse att f\u00f6lja hur patienten upplever omh\u00e4ndertagandet p\u00e5 skadeplats, transport och avl\u00e4mning till annan v\u00e5rdniv\u00e5. Det finns behov av att utveckla ett m\u00e5tt som passar den aktuella situationen i ambulanssjukv\u00e5rd. Ambulansregistret \u00e4r associerat till RC Syd som har stor&#8230; <a class=\"read-more\" href=\"https:\/\/rcsyd.se\/ambureg\/om-ambureg\/patientrapporterade-matt\">L\u00e4s mer<\/a><\/p>\n","protected":false},"author":3,"featured_media":0,"parent":363,"menu_order":0,"comment_status":"closed","ping_status":"closed","template":"","meta":{"_acf_changed":false,"footnotes":""},"acf":[],"_links":{"self":[{"href":"https:\/\/rcsyd.se\/ambureg\/wp-json\/wp\/v2\/pages\/2782"}],"collection":[{"href":"https:\/\/rcsyd.se\/ambureg\/wp-json\/wp\/v2\/pages"}],"about":[{"href":"https:\/\/rcsyd.se\/ambureg\/wp-json\/wp\/v2\/types\/page"}],"author":[{"embeddable":true,"href":"https:\/\/rcsyd.se\/ambureg\/wp-json\/wp\/v2\/users\/3"}],"replies":[{"embeddable":true,"href":"https:\/\/rcsyd.se\/ambureg\/wp-json\/wp\/v2\/comments?post=2782"}],"version-history":[{"count":1,"href":"https:\/\/rcsyd.se\/ambureg\/wp-json\/wp\/v2\/pages\/2782\/revisions"}],"predecessor-version":[{"id":2783,"href":"https:\/\/rcsyd.se\/ambureg\/wp-json\/wp\/v2\/pages\/2782\/revisions\/2783"}],"up":[{"embeddable":true,"href":"https:\/\/rcsyd.se\/ambureg\/wp-json\/wp\/v2\/pages\/363"}],"wp:attachment":[{"href":"https:\/\/rcsyd.se\/ambureg\/wp-json\/wp\/v2\/media?parent=2782"}],"curies":[{"name":"wp","href":"https:\/\/api.w.org\/{rel}","templated":true}]}}