{"id":2714,"date":"2021-07-15T10:32:52","date_gmt":"2021-07-15T10:32:52","guid":{"rendered":"https:\/\/rcsyd.se\/ambureg\/?page_id=2714"},"modified":"2022-10-25T13:05:38","modified_gmt":"2022-10-25T13:05:38","slug":"indikatorer-och-tackningsgrad","status":"publish","type":"page","link":"https:\/\/rcsyd.se\/ambureg\/om-ambureg\/indikatorer-och-tackningsgrad","title":{"rendered":"Indikatorer och t\u00e4ckningsgrad"},"content":{"rendered":"<h1>Indikatorer och t\u00e4ckningsgrad<\/h1>\n<h2>Indikatorer<\/h2>\n<h3>Vitalparametrar<\/h3>\n<p>Alla patienter inom ambulanssjukv\u00e5rden prioriteras efter genomf\u00f6rd unders\u00f6kning med ledning av vitalparametrar, sjukhistoria, symptom och sjukdomstecken. Vitalparametrarna utg\u00f6rs av andningsfrekvens, syres\u00e4ttning i blodet (Saturation O2), blodtryck, hj\u00e4rtfrekvens, medvetandegrad och kroppstemperatur. Sjukhistoria, symptom och sjukdomstecken bed\u00f6ms enskilt och f\u00e5ngar allvarligt sjuka patienter med normala vitalparametrar.<\/p>\n<p>Ett resultatm\u00e5tt utg\u00f6rs av andelen patienter inom ambulanssjukv\u00e5rden p\u00e5 vilka alla sex vitalparametrar \u00e4r unders\u00f6kta.<\/p>\n<h3>EKG (elektrokardiografi)<\/h3>\n<p>P\u00e5 alla patienter som v\u00e5rdas med br\u00f6stsm\u00e4rta, andningsbesv\u00e4r och buksm\u00e4rta ska ett diagnostiskt <abbr title=\"Elektrokardiografi\">EKG<\/abbr> utf\u00f6ras och bed\u00f6mas enligt de nationella riktlinjer som finns.<br \/>\nResultatm\u00e5tt \u00e4r andelen patienter utav samtliga som bed\u00f6mts ha misst\u00e4nkt hj\u00e4rtinfarkt d\u00e4r ett diagnostiskt <abbr title=\"elektrokardiografi\">EKG<\/abbr> \u00e4r utf\u00f6rt och bed\u00f6mt.<\/p>\n<h3>Sm\u00e4rtbed\u00f6mning<\/h3>\n<p>P\u00e5 alla patienter med sm\u00e4rta skall en sm\u00e4rtskattning g\u00f6ras enligt nationell standard VAS (visuell analog skala)\/NRS (numerisk skala) 0\u201310 d\u00e4r 0 \u00e4r ingen sm\u00e4rta och 10 \u00e4r outh\u00e4rdlig sm\u00e4rta. Patienter med sm\u00e4rta \u00f6ver 3 enligt <abbr title=\"visuell analog skala\">VAS<\/abbr>\/<abbr title=\"numerisk skala\">NRS<\/abbr> skall erh\u00e5lla korrekt sm\u00e4rtlindring och effekten av given sm\u00e4rtlindring skall f\u00f6ljas med upprepade bed\u00f6mningar.<\/p>\n<p>Resultatm\u00e5tt \u00e4r andelen patienter d\u00e4r<\/p>\n<ol>\n<li>sm\u00e4rtskattning gjorts vid f\u00f6rsta bed\u00f6mning<\/li>\n<li>sm\u00e4rtskattning gjorts efter eventuell behandling<\/li>\n<li>korrekt sm\u00e4rtlindring utf\u00f6rts (definierat som <abbr title=\"visuell analog skala\">VAS<\/abbr>\/<abbr title=\"numerisk skala\">NRS<\/abbr> &lt;3 vid avl\u00e4mning).<\/li>\n<\/ol>\n<h2>T\u00e4ckningsgrad<\/h2>\n<p>Definitionen av t\u00e4ckningsgrad inom Ambulansregistret \u00e4r ambulansuppdrag med koppling till patient enligt inklusionskriterier\/registrerade ambulansuppdrag. Alla prim\u00e4ruppdrag oavsett \u00e5lder ska registreras i Ambulansregistret. Styrgruppen avser dock att inte analysera barndata (&lt;18 \u00e5r) i inledningsskedet.<\/p>\n<p>Alla ambulansuppdrag och patientjournaler registreras digitalt. Dessa data kommer att kopplas ihop med registret och t\u00e4ckningsgraden kommer att utg\u00f6ra 100 % f\u00f6r de verksamheter som deltar i registret. Ambitionen \u00e4r att registret ska h\u00e4mta data med automatik fr\u00e5n varje region fortl\u00f6pande f\u00f6r att medge \u00e5terkoppling i realtid.<\/p>\n<p>Fr\u00e5n och med \u00e5r 2020 l\u00e4mnar samtliga regioner data till AmbuReg.<\/p>\n","protected":false},"excerpt":{"rendered":"<p>Indikatorer och t\u00e4ckningsgrad Indikatorer Vitalparametrar Alla patienter inom ambulanssjukv\u00e5rden prioriteras efter genomf\u00f6rd unders\u00f6kning med ledning av vitalparametrar, sjukhistoria, symptom och sjukdomstecken. Vitalparametrarna utg\u00f6rs av andningsfrekvens, syres\u00e4ttning i blodet (Saturation O2), blodtryck, hj\u00e4rtfrekvens, medvetandegrad och kroppstemperatur. Sjukhistoria, symptom och sjukdomstecken bed\u00f6ms enskilt och f\u00e5ngar allvarligt sjuka patienter med normala vitalparametrar. Ett resultatm\u00e5tt utg\u00f6rs av andelen patienter&#8230; <a class=\"read-more\" href=\"https:\/\/rcsyd.se\/ambureg\/om-ambureg\/indikatorer-och-tackningsgrad\">L\u00e4s mer<\/a><\/p>\n","protected":false},"author":3,"featured_media":0,"parent":363,"menu_order":0,"comment_status":"closed","ping_status":"closed","template":"","meta":{"_acf_changed":false,"footnotes":""},"acf":[],"_links":{"self":[{"href":"https:\/\/rcsyd.se\/ambureg\/wp-json\/wp\/v2\/pages\/2714"}],"collection":[{"href":"https:\/\/rcsyd.se\/ambureg\/wp-json\/wp\/v2\/pages"}],"about":[{"href":"https:\/\/rcsyd.se\/ambureg\/wp-json\/wp\/v2\/types\/page"}],"author":[{"embeddable":true,"href":"https:\/\/rcsyd.se\/ambureg\/wp-json\/wp\/v2\/users\/3"}],"replies":[{"embeddable":true,"href":"https:\/\/rcsyd.se\/ambureg\/wp-json\/wp\/v2\/comments?post=2714"}],"version-history":[{"count":6,"href":"https:\/\/rcsyd.se\/ambureg\/wp-json\/wp\/v2\/pages\/2714\/revisions"}],"predecessor-version":[{"id":2956,"href":"https:\/\/rcsyd.se\/ambureg\/wp-json\/wp\/v2\/pages\/2714\/revisions\/2956"}],"up":[{"embeddable":true,"href":"https:\/\/rcsyd.se\/ambureg\/wp-json\/wp\/v2\/pages\/363"}],"wp:attachment":[{"href":"https:\/\/rcsyd.se\/ambureg\/wp-json\/wp\/v2\/media?parent=2714"}],"curies":[{"name":"wp","href":"https:\/\/api.w.org\/{rel}","templated":true}]}}