{"id":2707,"date":"2021-07-15T10:33:25","date_gmt":"2021-07-15T10:33:25","guid":{"rendered":"https:\/\/rcsyd.se\/ambureg\/?page_id=2707"},"modified":"2026-02-26T13:44:20","modified_gmt":"2026-02-26T13:44:20","slug":"bakgrund-och-syfte","status":"publish","type":"page","link":"https:\/\/rcsyd.se\/ambureg\/om-ambureg\/bakgrund-och-syfte","title":{"rendered":"Bakgrund och syfte"},"content":{"rendered":"<h1>Bakgrund och syfte<\/h1>\n<h2>Bakgrund<\/h2>\n<p>Ambulanssjukv\u00e5rden i Sverige utf\u00f6r runt 1 000 000 uppdrag (prim\u00e4ruppdrag med patient) per \u00e5r (2020). I avsaknad av nationell styrning g\u00e4llande kvalitetsindikatorer f\u00f6r svensk ambulanssjukv\u00e5rd avg\u00f6r varje sjukv\u00e5rdshuvudman hur verksamheten ska bedrivas och hur den ska kvalitetss\u00e4kras som underlag f\u00f6r f\u00f6rb\u00e4ttringsarbete. F\u00f6reningen f\u00f6r ledningsansvariga inom svensk ambulanssjukv\u00e5rd (Flisa) har under flera \u00e5r fungerat som nationellt sammanh\u00e4ngande organ med syfte att st\u00f6dja och utarbeta nationella riktlinjer f\u00f6r ambulanssjukv\u00e5rd p\u00e5 olika omr\u00e5den.<\/p>\n<h2>Syfte<\/h2>\n<p>2016 startades Ambulansregistret (AmbuReg), ett nationellt kvalitetsregister f\u00f6r svensk ambulanssjukv\u00e5rd, med syfte att initiera och fr\u00e4mja kunskapsstyrning inom det prehospitala omr\u00e5det. Med kvalitet avses i f\u00f6rsta hand aspekter som ber\u00f6r tillg\u00e4nglighet, bem\u00f6tande, dokumentation, symptomlindring, tid till diagnos och tid till kausal behandling, styrning till f\u00f6r varje patient adekvat v\u00e5rdniv\u00e5 samt relevans av alarmeringssjukv\u00e5rdens beslutsst\u00f6d.<\/p>\n<p>AmbuReg avser att samla in information fr\u00e5n samtliga ambulansuppdrag, \u00e4ven de som ej f\u00f6rs till sjukhus (\u00e5r 2018 h\u00e4nvisade svensk ambulanssjukv\u00e5rd runt 15-25 % av patienterna till annan v\u00e5rdniv\u00e5 \u00e4n akutsjukhus).<\/p>\n<p>Registret skall \u00e4ven ge m\u00f6jligheter till uppf\u00f6ljning av beslutade algoritmer och processer, kvalitetss\u00e4kra ambulanssjukv\u00e5rden och \u00e5stadkomma f\u00f6rb\u00e4ttringar i verksamheten p\u00e5 lokal, regional och nationell niv\u00e5. Det sistn\u00e4mnda \u00e4r av \u00f6kad betydelse ocks\u00e5 ur ett katastrofmedicinskt perspektiv.<\/p>\n<p>Ett kvalitetsf\u00f6rb\u00e4ttringsregister av detta slag \u00e4r \u00e4ven ett anv\u00e4ndbart verktyg f\u00f6r att kunna utv\u00e4rdera olika beslutsst\u00f6d inom alarmeringssjukv\u00e5rd samt medger en effektiv m\u00f6jlighet f\u00f6r den enskilde medarbetaren att kunna f\u00f6lja upp sina uppdrag.<\/p>\n<h3>Tillg\u00e4nglighet<\/h3>\n<p>Vid tidskritiska tillst\u00e5nd som \u00e4r eller kan vara direkt livshotande, exempelvis hj\u00e4rtstopp, akut hj\u00e4rtinfarkt, stroke och trauma, \u00e4r det av stor betydelse att ambulanssjukv\u00e5rd snabbt \u00e4r p\u00e5 plats och p\u00e5b\u00f6rjar \u00e5tg\u00e4rder f\u00f6r att r\u00e4dda liv och minska sjuklighet. Detta kan ses som en forts\u00e4ttning av den optimala akutv\u00e5rdskedjan d\u00e4r alarmeringsfunktionen \u00e4r det f\u00f6rsta ledet.<\/p>\n<p>Nationella m\u00e5l f\u00f6r tillg\u00e4nglighet saknas. Det \u00e4r av stort intresse att nationellt kunna f\u00f6lja upp och m\u00e4ta effekterna f\u00f6r olika prehospitala ledtider f\u00f6r att kunna kvalitetss\u00e4kra ambulanssjukv\u00e5rden framf\u00f6r allt vid olika tidskritiska tillst\u00e5nd. Med s\u00e5dan kunskap kan man ocks\u00e5 l\u00e4ttare resurss\u00e4tta ambulanssjukv\u00e5rden ur ett patientperspektiv.<\/p>\n<p>F\u00f6ljande prehospitala ledtider registreras och m\u00e4tes:<\/p>\n<ul>\n<li>utlarmning ambulans till kvittering av larm<\/li>\n<li>utlarmning ambulans till framme h\u00e4mtplats<\/li>\n<li>ankomst h\u00e4mtplats till avtransport h\u00e4mtplats, det vill s\u00e4ga tid p\u00e5 plats<\/li>\n<li>avtransport h\u00e4mtplats till framme sjukhus.<\/li>\n<\/ul>\n<p>Nordiska ministerr\u00e5dets EMS (Emergency medical service)-dataprojekt har bland annat belyst dessa fr\u00e5gor och uttalat ett v\u00e4rde av ett nationellt kvalitetsregister f\u00f6r ambulanssjukv\u00e5rden.<\/p>\n<h3>Analys\/\u00e5terkoppling\/m\u00e5lbild<\/h3>\n<p>AmbuRegs l\u00e5ngsiktiga m\u00e5ls\u00e4ttning \u00e4r att ambulanssjukv\u00e5rden i Sverige, oavsett var i landet man befinner sig, ska ha m\u00f6jlighet till en kontinuerlig \u00e5terkoppling som kommer verksamheten till gagn avseende<\/p>\n<ol>\n<li>verksamhetsdokumentation<\/li>\n<li>f\u00f6ljsamhet gentemot riktlinjer<\/li>\n<li>kvalitet p\u00e5 given behandling st\u00e4lld i relation till utfall<\/li>\n<li>m\u00f6jlighet till kompetensutveckling hos den enskilde medarbetaren inom ambulanssjukv\u00e5rden genom m\u00f6jlighet till systematisk uppf\u00f6ljning<\/li>\n<li>utv\u00e4rdering av beslutsst\u00f6den som anv\u00e4nds vid alarmering och prioritering.<\/li>\n<\/ol>\n<p>Resultaten vad avser ovanst\u00e5ende fr\u00e5gor skall \u00e5rligen sammanst\u00e4llas och redovisas s\u00e5v\u00e4l ur ett nationellt som ur ett regionalt perspektiv. M\u00e5lbilden \u00e4r dock att insamling av data skall ske kontinuerligt f\u00f6r att medge \u00e5terkoppling i realtid. Pilotf\u00f6rs\u00f6k med att bygga en plattform och samla in data fr\u00e5n tv\u00e5 sjukv\u00e5rdsregioner p\u00e5g\u00e5r sedan mars 2019.<\/p>\n<p>Mot bakgrund av de erfarenheter som g\u00f6rs inom registerarbetet skall sedan de nationella riktlinjerna f\u00f6r ambulanssjukv\u00e5rden utvecklas liksom kunna ligga till grund f\u00f6r olika f\u00f6rb\u00e4ttringsarbeten. N\u00e5gra riktlinjer som kan vara aktuella att utveckla p\u00e5 sikt \u00e4r<\/p>\n<ol>\n<li>responstider och deras relevans vid olika tillst\u00e5nd<\/li>\n<li>tidig uppt\u00e4ckt och behandling av olika livshotande tillst\u00e5nd<\/li>\n<li>optimering av symptomlindrande och botande behandling i tidigt skede<\/li>\n<li>styrning av patienter till f\u00f6r varje patient l\u00e4mpligaste v\u00e5rdniv\u00e5.<\/li>\n<\/ol>\n<h3>N\u00e5gra exempel p\u00e5 f\u00f6rb\u00e4ttringar som AmbuReg kan t\u00e4nkas bidra med<\/h3>\n<p>Alla regioner har olika tillg\u00e4nglighetsm\u00e5l f\u00f6r de h\u00f6gst prioriterade ambulansuppdragen, men f\u00e5 klarar att uppn\u00e5 dessa m\u00e5l. M\u00e5len \u00e4r ofta schablonm\u00e4ssigt satta som ett kvalitetsm\u00e5tt och utvecklingsm\u00e5tt p\u00e5 den egna organisationen och inte utifr\u00e5n n\u00e5gon dokumenterad patientnytta. Genom strukturerad och kvalitetsm\u00e4ssig nationell uppf\u00f6ljning p\u00e5 individniv\u00e5 \u00e4r bed\u00f6mningen att registret kan skapa mer \u00e4ndam\u00e5lsenliga tillg\u00e4nglighetsm\u00e5l som har relevans f\u00f6r patientv\u00e5rden i en modern ambulanssjukv\u00e5rd, n\u00e5got som idag saknas ur ett nationellt perspektiv.<\/p>\n<h2>Mer information<\/h2>\n<p>I AmbuRegs registerprofil hittar du mer information om registret. Registerprofilen finns att ladda ner fr\u00e5n nedladdningsboxen p\u00e5 denna sida.<\/p>\n","protected":false},"excerpt":{"rendered":"<p>Bakgrund och syfte Bakgrund Ambulanssjukv\u00e5rden i Sverige utf\u00f6r runt 1 000 000 uppdrag (prim\u00e4ruppdrag med patient) per \u00e5r (2020). I avsaknad av nationell styrning g\u00e4llande kvalitetsindikatorer f\u00f6r svensk ambulanssjukv\u00e5rd avg\u00f6r varje sjukv\u00e5rdshuvudman hur verksamheten ska bedrivas och hur den ska kvalitetss\u00e4kras som underlag f\u00f6r f\u00f6rb\u00e4ttringsarbete. F\u00f6reningen f\u00f6r ledningsansvariga inom svensk ambulanssjukv\u00e5rd (Flisa) har under flera&#8230; <a class=\"read-more\" href=\"https:\/\/rcsyd.se\/ambureg\/om-ambureg\/bakgrund-och-syfte\">L\u00e4s mer<\/a><\/p>\n","protected":false},"author":3,"featured_media":0,"parent":363,"menu_order":0,"comment_status":"closed","ping_status":"closed","template":"","meta":{"_acf_changed":false,"footnotes":""},"acf":[],"_links":{"self":[{"href":"https:\/\/rcsyd.se\/ambureg\/wp-json\/wp\/v2\/pages\/2707"}],"collection":[{"href":"https:\/\/rcsyd.se\/ambureg\/wp-json\/wp\/v2\/pages"}],"about":[{"href":"https:\/\/rcsyd.se\/ambureg\/wp-json\/wp\/v2\/types\/page"}],"author":[{"embeddable":true,"href":"https:\/\/rcsyd.se\/ambureg\/wp-json\/wp\/v2\/users\/3"}],"replies":[{"embeddable":true,"href":"https:\/\/rcsyd.se\/ambureg\/wp-json\/wp\/v2\/comments?post=2707"}],"version-history":[{"count":9,"href":"https:\/\/rcsyd.se\/ambureg\/wp-json\/wp\/v2\/pages\/2707\/revisions"}],"predecessor-version":[{"id":3539,"href":"https:\/\/rcsyd.se\/ambureg\/wp-json\/wp\/v2\/pages\/2707\/revisions\/3539"}],"up":[{"embeddable":true,"href":"https:\/\/rcsyd.se\/ambureg\/wp-json\/wp\/v2\/pages\/363"}],"wp:attachment":[{"href":"https:\/\/rcsyd.se\/ambureg\/wp-json\/wp\/v2\/media?parent=2707"}],"curies":[{"name":"wp","href":"https:\/\/api.w.org\/{rel}","templated":true}]}}