{"id":2561,"date":"2021-02-11T14:21:45","date_gmt":"2021-02-11T14:21:45","guid":{"rendered":"https:\/\/rcsyd.se\/ambureg\/?page_id=2561"},"modified":"2021-08-12T08:39:50","modified_gmt":"2021-08-12T08:39:50","slug":"forbattringsarbete-och-forskning","status":"publish","type":"page","link":"https:\/\/rcsyd.se\/ambureg\/forbattringsarbete-och-forskning","title":{"rendered":"F\u00f6rb\u00e4ttringsarbete och forskning"},"content":{"rendered":"<h1>F\u00f6rb\u00e4ttringsarbete och forskning<\/h1>\n<p>Kvalitetsregister har just detta namn f\u00f6r att avsikten \u00e4r att studera v\u00e5rdkvalitet, vilket i sin tur ska leda till analys och f\u00f6rb\u00e4ttringar. Det \u00e4r d\u00e4rf\u00f6r viktigt att de enskilda klinikerna g\u00f6r s\u00e5dana analyser.<\/p>\n<p>Via menyn till v\u00e4nster hittar du mer information om f\u00f6rb\u00e4ttringsarbete, analys, data och forskning inom Ambulansregistret (denna sida \u00e4r under uppbyggnad och menyn \u00e4r f\u00f6r tillf\u00e4llet inte skapad).<\/p>\n","protected":false},"excerpt":{"rendered":"<p>F\u00f6rb\u00e4ttringsarbete och forskning Kvalitetsregister har just detta namn f\u00f6r att avsikten \u00e4r att studera v\u00e5rdkvalitet, vilket i sin tur ska leda till analys och f\u00f6rb\u00e4ttringar. Det \u00e4r d\u00e4rf\u00f6r viktigt att de enskilda klinikerna g\u00f6r s\u00e5dana analyser. Via menyn till v\u00e4nster hittar du mer information om f\u00f6rb\u00e4ttringsarbete, analys, data och forskning inom Ambulansregistret (denna sida \u00e4r&#8230; <a class=\"read-more\" href=\"https:\/\/rcsyd.se\/ambureg\/forbattringsarbete-och-forskning\">L\u00e4s mer<\/a><\/p>\n","protected":false},"author":3,"featured_media":0,"parent":0,"menu_order":0,"comment_status":"closed","ping_status":"closed","template":"","meta":{"_acf_changed":false,"footnotes":""},"acf":[],"_links":{"self":[{"href":"https:\/\/rcsyd.se\/ambureg\/wp-json\/wp\/v2\/pages\/2561"}],"collection":[{"href":"https:\/\/rcsyd.se\/ambureg\/wp-json\/wp\/v2\/pages"}],"about":[{"href":"https:\/\/rcsyd.se\/ambureg\/wp-json\/wp\/v2\/types\/page"}],"author":[{"embeddable":true,"href":"https:\/\/rcsyd.se\/ambureg\/wp-json\/wp\/v2\/users\/3"}],"replies":[{"embeddable":true,"href":"https:\/\/rcsyd.se\/ambureg\/wp-json\/wp\/v2\/comments?post=2561"}],"version-history":[{"count":8,"href":"https:\/\/rcsyd.se\/ambureg\/wp-json\/wp\/v2\/pages\/2561\/revisions"}],"predecessor-version":[{"id":2797,"href":"https:\/\/rcsyd.se\/ambureg\/wp-json\/wp\/v2\/pages\/2561\/revisions\/2797"}],"wp:attachment":[{"href":"https:\/\/rcsyd.se\/ambureg\/wp-json\/wp\/v2\/media?parent=2561"}],"curies":[{"name":"wp","href":"https:\/\/api.w.org\/{rel}","templated":true}]}}